{"id":3685,"date":"2016-09-14T18:35:49","date_gmt":"2016-09-14T18:35:49","guid":{"rendered":"http:\/\/ambientconacul.hotelsperformance.com\/?page_id=3685"},"modified":"2026-03-20T15:51:53","modified_gmt":"2026-03-20T13:51:53","slug":"rooms-new","status":"publish","type":"page","link":"https:\/\/www.conaculambient.ro\/de\/rooms-new\/","title":{"rendered":"Zimmer"},"content":{"rendered":"<p>[vc_row full_width=&#8220;stretch_row&#8220; css=&#8220;.vc_custom_1476091094318{background-position: center !important;background-repeat: no-repeat !important;background-size: cover !important;}&#8220;][vc_column width=&#8220;1\/2&#8243;][vc_column_text]<\/p>\n<h3><span style=\"color: #cf0e17;\">Ambient Mansion, ein Luxuserlebnis im Herzen von Cristian, dem Reich der Ewigkeit <\/span><\/h3>\n<p class=\"lead\">Es gibt nichts Entspannenderes als einen s\u00fc\u00dfen Sonnenstrahl, der unbeholfen auf dem Sofa ruht, das mit zarten Ketten und gesticktem Wei\u00df verkleidet ist. Dann f\u00e4llt er sanft auf den Boden und klettert langsam den samtigen und ordentlichen Linien eines Schminktisches, eines Nachttisches oder eines Nachttisches folgend . Die Zeit scheint wirklich stehen geblieben zu sein und doch f\u00fchlen Sie sich hier und jetzt in diesem f\u00fcrstlichen Schlafzimmer mehr zu Hause als irgendwo anders.<\/p>\n<p class=\"lead\">Wir laden Sie ein, Teil dieses Komforts in den 9 wundersch\u00f6nen Doppelzimmern, 5 ger\u00e4umigen Executive-Zimmern, 7 Studios und einem Apartment zu sein, die mehr oder weniger stolz sind!<\/p>\n<p>[\/vc_column_text][\/vc_column][vc_column width=&#8220;1\/2&#8243;][vc_single_image image=&#8220;4385&#8243; img_size=&#8220;large&#8220;][\/vc_column][\/vc_row][vc_row full_width=&#8220;stretch_row&#8220; parallax=&#8220;content-moving&#8220; parallax_image=&#8220;4167&#8243; css=&#8220;.vc_custom_1570815181998{margin-top: -60px !important;margin-bottom: 30px !important;background-image: url(https:\/\/www.conaculambient.ro\/wp-content\/uploads\/2016\/09\/apt7conacambient.jpg?id=4393) !important;background-position: center;background-repeat: no-repeat;background-size: cover !important;}&#8220;][vc_column width=&#8220;1\/2&#8243;][vc_column_text el_class=&#8220;white-box content-padding&#8220;]<\/p>\n<h2 id=\"cove\" class=\"text-uppercase\"><small> AB 100 \u20ac \/ NACHT <\/small> WOHNUNG <small> <\/small><\/h2>\n<p>Luxuri\u00f6se Sonnenaufg\u00e4nge auf einer spektakul\u00e4ren Fl\u00e4che von 50m2<\/p>\n<ul class=\"yiv9772365151Listenzeiger\">\n<li>Kingsize-Bett und zwei Sofas (Kapazit\u00e4t f\u00fcr 4 Personen)<\/li>\n<li>Ein Schlafzimmer und ein Wohnzimmer<\/li>\n<li>Badezimmer mit Dusche<\/li>\n<li>Fr\u00fchst\u00fccksbuffet im Preis inbegriffen<\/li>\n<li>WLAN-Internetzugang im Umkreis des Herrenhauses, Kabelfernsehen, Klimaanlage, kostenlose Parkpl\u00e4tze<\/li>\n<li>Zugang zum beheizten Innenpool, Aussen Pool, Whirlpool, Sauna, Tischtennis, Billard, Party-Lounge, Pavillon im Freien.<\/li>\n<\/ul>\n<p>&nbsp;<\/p>\n<p>[vc_btn title=&#8220;<span class=\"VIiyi\" lang=\"de\"><span class=\"JLqJ4b ChMk0b\" data-language-for-alternatives=\"de\" data-language-to-translate-into=\"ro\" data-phrase-index=\"0\">Buchen Sie zum besten Preis<\/span><\/span> &#8220; style=&#8220;custom&#8220; custom_background=&#8220;#cf0e17&#8243; custom_text=&#8220;#ffffff&#8220; shape=&#8220;square&#8220; align=&#8220;left&#8220; i_icon_fontawesome=&#8220;fa fa-calendar&#8220; add_icon=&#8220;true&#8220; link=&#8220;url:https%3A%2F%2Fv6.upperbooking.com%2Fro%2Fbooking%2Fcity%2Fwrap%2Fconaculambient%3Flocale%3Dro|||&#8220; custom_onclick=&#8220;true&#8220; custom_onclick_code=&#8220;Booking.Open({RoomID:24894}); return false;&#8220;][vc_btn title=&#8220;<span class=\"VIiyi\" lang=\"de\"><span class=\"JLqJ4b ChMk0b\" data-language-for-alternatives=\"de\" data-language-to-translate-into=\"ro\" data-phrase-index=\"0\">Siehe Raumdetails<\/span><\/span> &#8220; style=&#8220;flat&#8220; shape=&#8220;square&#8220; color=&#8220;black&#8220; align=&#8220;left&#8220; link=&#8220;url:%2Frooms%2Fapartment%2F|||&#8220;][\/vc_column_text][\/vc_column][vc_column width=&#8220;1\/2&#8243; css=&#8220;.vc_custom_1467673281560{padding-right: -15px !important;padding-bottom: -15px !important;padding-left: -15px !important;}&#8220;][\/vc_column][\/vc_row][vc_row full_width=&#8220;stretch_row&#8220; gap=&#8220;5&#8243; parallax=&#8220;content-moving&#8220; css=&#8220;.vc_custom_1570797248764{margin-bottom: 30px !important;background-image: url(https:\/\/www.conaculambient.ro\/wp-content\/uploads\/2019\/10\/duplex-2.jpg?id=5890) !important;background-position: center;background-repeat: no-repeat;background-size: cover !important;}&#8220;][vc_column width=&#8220;1\/2&#8243;][\/vc_column][vc_column width=&#8220;1\/2&#8243;][vc_column_text el_class=&#8220;white-box content-padding&#8220;]<\/p>\n<h2 id=\"cove\" class=\"text-uppercase\"><small> AB 90 \u20ac \/ NACHT <\/small> DUPLEX<br \/>\n<small> <\/small><\/h2>\n<p>Komfort und Entspannung in einem herrlichen Raum von 35 \/ 40m2 auf zwei Etagen aufgeteilt<\/p>\n<ul class=\"yiv9772365151Listenzeiger\">\n<li>Kingsize-Bett und Sofa (f\u00fcr 3 Personen)<\/li>\n<li>Ein Schlafzimmer und ein Wohnzimmer<\/li>\n<li>Badezimmer mit Whirlpool oder Dusche<\/li>\n<li>Fr\u00fchst\u00fccksbuffet im Preis inbegriffen<\/li>\n<li>WLAN-Internetzugang im Umkreis des Herrenhauses, Kabelfernsehen, Klimaanlage, kostenlose Parkpl\u00e4tze<\/li>\n<li>Zugang zum beheizten Innenpool, Aussen Pool, Whirlpool, Sauna, Tischtennis, Billard, Party-Lounge, Pavillon im Freien.<\/li>\n<\/ul>\n<p>[vc_btn title=&#8220;<span class=\"VIiyi\" lang=\"de\"><span class=\"JLqJ4b ChMk0b\" data-language-for-alternatives=\"de\" data-language-to-translate-into=\"ro\" data-phrase-index=\"0\">Buchen Sie zum besten Preis<\/span><\/span> &#8220; style=&#8220;custom&#8220; custom_background=&#8220;#cf0e17&#8243; custom_text=&#8220;#ffffff&#8220; shape=&#8220;square&#8220; align=&#8220;left&#8220; i_icon_fontawesome=&#8220;fa fa-calendar&#8220; add_icon=&#8220;true&#8220; link=&#8220;url:https%3A%2F%2Fv6.upperbooking.com%2Fro%2Fbooking%2Fcity%2Fwrap%2Fconaculambient%3Flocale%3Dro|||&#8220; custom_onclick=&#8220;true&#8220; custom_onclick_code=&#8220;Booking.Open({RoomID:24893}); return false;&#8220;][vc_btn title=&#8220;<span class=\"VIiyi\" lang=\"de\"><span class=\"JLqJ4b ChMk0b\" data-language-for-alternatives=\"de\" data-language-to-translate-into=\"ro\" data-phrase-index=\"0\">Siehe Raumdetails<\/span><\/span> &#8220; style=&#8220;flat&#8220; shape=&#8220;square&#8220; color=&#8220;black&#8220; align=&#8220;left&#8220; link=&#8220;url:%2Frooms%2Fduplex%2F|||&#8220;][\/vc_column_text][\/vc_column][\/vc_row][vc_row full_width=&#8220;stretch_row&#8220; parallax=&#8220;content-moving&#8220; css=&#8220;.vc_custom_1570797826651{margin-bottom: 30px !important;background-image: url(https:\/\/www.conaculambient.ro\/wp-content\/uploads\/2019\/10\/camera-dubla-executive-h01.jpg?id=5892) !important;background-position: 0 0;background-repeat:-repeat !important;}&#8220;][vc_column width=&#8220;1\/2&#8243;][vc_column_text el_class=&#8220;white-box content-padding&#8220;]<\/p>\n<h2 id=\"cove\" class=\"text-uppercase\"><small> AB 80 \u20ac \/ NACHT <\/small> DOUBLE \/ TWIN EXECUTIVE <small> <\/small><\/h2>\n<p>22 \/ 25m2 von Licht und Harmonie \u00fcberfallen<\/p>\n<ul class=\"yiv9772365151Listenzeiger\">\n<li>Einzel- oder Kingsize-Betten<\/li>\n<li>Badezimmer mit Whirlpool oder Dusche<\/li>\n<li>Fr\u00fchst\u00fccksbuffet im Preis inbegriffen<\/li>\n<li>WLAN-Internetzugang im Umkreis des Herrenhauses, Kabelfernsehen, Klimaanlage, kostenlose Parkpl\u00e4tze<\/li>\n<li>Zugang zum beheizten Innenpool, Aussen Pool, Whirlpool, Sauna, Tischtennis, Billard, Party-Lounge, Pavillon im Freien.<\/li>\n<\/ul>\n<p>&nbsp;<\/p>\n<p>[vc_btn title=&#8220;<span class=\"VIiyi\" lang=\"de\"><span class=\"JLqJ4b ChMk0b\" data-language-for-alternatives=\"de\" data-language-to-translate-into=\"ro\" data-phrase-index=\"0\">Buchen Sie zum besten Preis<\/span><\/span> &#8220; style=&#8220;custom&#8220; custom_background=&#8220;#cf0e17&#8243; custom_text=&#8220;#ffffff&#8220; shape=&#8220;square&#8220; align=&#8220;left&#8220; i_icon_fontawesome=&#8220;fa fa-calendar&#8220; add_icon=&#8220;true&#8220; link=&#8220;url:https%3A%2F%2Fv6.upperbooking.com%2Fro%2Fbooking%2Fcity%2Fwrap%2Fconaculambient%3Flocale%3Dro|||&#8220; custom_onclick=&#8220;true&#8220; custom_onclick_code=&#8220;Booking.Open({RoomID:24892}); return false;&#8220;][vc_btn title=&#8220;<span class=\"VIiyi\" lang=\"de\"><span class=\"JLqJ4b ChMk0b\" data-language-for-alternatives=\"de\" data-language-to-translate-into=\"ro\" data-phrase-index=\"0\">Siehe Raumdetails<\/span><\/span> &#8220; style=&#8220;flat&#8220; shape=&#8220;square&#8220; color=&#8220;black&#8220; align=&#8220;left&#8220; link=&#8220;url:%2Frooms%2Fdouble-executive%2F|||&#8220;][\/vc_column_text][\/vc_column][vc_column width=&#8220;1\/2&#8243;][\/vc_column][\/vc_row][vc_row full_width=&#8220;stretch_row&#8220; parallax=&#8220;content-moving&#8220; css=&#8220;.vc_custom_1570798083151{margin-bottom: 30px !important;background-image: url(https:\/\/www.conaculambient.ro\/wp-content\/uploads\/2016\/09\/dstandardconacambient1.jpg?id=4412) !important;background-position: 0 0;background-repeat:-repeat !important;}&#8220;][vc_column width=&#8220;1\/2&#8243;][\/vc_column][vc_column width=&#8220;1\/2&#8243;][vc_column_text el_class=&#8220;white-box content-padding&#8220;]<\/p>\n<h2 id=\"cove\" class=\"text-uppercase\"><small> AB 70 \u20ac \/ NACHT <\/small> DOUBLE \/ TWIN STANDARD <small> <\/small><\/h2>\n<p>Ein wunderbares Treffen zwischen Vergangenheit und Gegenwart in 19 \/ 22m2<\/p>\n<ul class=\"yiv9772365151Listenzeiger\">\n<li>Einzel- oder Kingsize-Betten<\/li>\n<li>Badezimmer mit Dusche<\/li>\n<li>Fr\u00fchst\u00fccksbuffet im Preis inbegriffen<\/li>\n<li>WLAN-Internetzugang im Umkreis des Herrenhauses, Kabelfernsehen, Klimaanlage, kostenlose Parkpl\u00e4tze<\/li>\n<li>Zugang zum beheizten Innenpool, Aussen Pool, Whirlpool, Sauna, Tischtennis, Billard, Party-Lounge, Pavillon im Freien.<\/li>\n<\/ul>\n<p>&nbsp;<\/p>\n<p>[vc_btn title=&#8220;<span class=\"VIiyi\" lang=\"de\"><span class=\"JLqJ4b ChMk0b\" data-language-for-alternatives=\"de\" data-language-to-translate-into=\"ro\" data-phrase-index=\"0\">Buchen Sie zum besten Preis<\/span><\/span> &#8220; style=&#8220;custom&#8220; custom_background=&#8220;#cf0e17&#8243; custom_text=&#8220;#ffffff&#8220; shape=&#8220;square&#8220; align=&#8220;left&#8220; i_icon_fontawesome=&#8220;fa fa-calendar&#8220; add_icon=&#8220;true&#8220; link=&#8220;url:https%3A%2F%2Fv6.upperbooking.com%2Fro%2Fbooking%2Fcity%2Fwrap%2Fconaculambient%3Flocale%3Dro|||&#8220; custom_onclick=&#8220;true&#8220; custom_onclick_code=&#8220;Booking.Open({RoomID:24891}); return false;&#8220;][vc_btn title=&#8220;<span class=\"VIiyi\" lang=\"de\"><span class=\"JLqJ4b ChMk0b\" data-language-for-alternatives=\"de\" data-language-to-translate-into=\"ro\" data-phrase-index=\"0\">Siehe Raumdetails<\/span><\/span> &#8220; style=&#8220;flat&#8220; shape=&#8220;square&#8220; color=&#8220;black&#8220; align=&#8220;left&#8220; link=&#8220;url:%2Frooms%2Fdouble-standard%2F|||&#8220;][\/vc_column_text][\/vc_column][\/vc_row][vc_row full_width=&#8220;stretch_row&#8220; css=&#8220;.vc_custom_1469096018841{margin-bottom: -20px !important;padding-top: 2.8rem !important;padding-bottom: 2.8rem !important;background-color: #f0f1f2 !important;}&#8220;][vc_column][vc_raw_html]JTNDZGl2JTIwY2xhc3MlM0QlMjJ3cGJfd3JhcHBlciUyMGJvb2tpbmclMjIlM0UlM0MlMkZkaXYlM0UlM0NzY3JpcHQlMjBzcmMlM0QlMjJodHRwcyUzQSUyRiUyRndpcy51cHBlcmJvb2tpbmcuY29tJTJGY29uYWN1bGFtYmllbnQlMkZib29raW5naG9tZSUzRmxvY2FsZSUzRHJvJTIyJTIwYXN5bmMlM0UlM0MlMkZzY3JpcHQlM0U=[\/vc_raw_html][\/vc_column][\/vc_row][vc_row][vc_column]<ul class=\"list-inline isotope-filter clearfix\" id=\"isotope-filter-4\"><li><strong>Camere<\/strong><\/li><li class=\"selected\" data-filter=\"*\"><a href=\"#\">Toate<\/a><\/li><li><a href=\"#\" data-filter=\".pat-king-size\">Pat King Size<\/a><\/li><li><a href=\"#\" data-filter=\".paturi-twin\"> Paturi Twin<\/a><\/li><li><a href=\"#\" data-filter=\".4-persoane\"> 4 Persoane<\/a><\/li><li><a href=\"#\" data-filter=\".3-persoane\"> 3 Persoane<\/a><\/li><li><a href=\"#\" data-filter=\".2-persoane\"> 2 Persoane<\/a><\/li><\/ul><br><div id=\"isotope-4\" class=\"isotope\" data-isotope-options=\"{ \"layoutMode\": \"horizontal\", \"itemSelector\": \".item\" }\"><div class=\"item toate pat-king-size 4-persoane 3-persoane 2-persoane\"><a href=\"\/rooms\/apartment\/\" class=\"link-image\" ><img loading=\"lazy\" decoding=\"async\" width=\"300\" height=\"200\" src=\"https:\/\/www.conaculambient.ro\/wp-content\/uploads\/2016\/09\/apartamentconac-300x200.jpg\" class=\"attachment-medium size-medium\" alt=\"\" srcset=\"https:\/\/www.conaculambient.ro\/wp-content\/uploads\/2016\/09\/apartamentconac-300x200.jpg 300w, https:\/\/www.conaculambient.ro\/wp-content\/uploads\/2016\/09\/apartamentconac-768x512.jpg 768w, https:\/\/www.conaculambient.ro\/wp-content\/uploads\/2016\/09\/apartamentconac.jpg 800w\" sizes=\"auto, (max-width: 300px) 100vw, 300px\" \/><\/a><div class=\"item-content\"><h4><a href='\/rooms\/apartment\/' >Apartament<\/a><\/h4>R\u0103s\u0103rituri de lux<\/div><\/div><div class=\"item toate pat-king-size 3-persoane 2-persoane \"><a href=\"\/rooms\/duplex\/\" class=\"link-image\" ><img loading=\"lazy\" decoding=\"async\" width=\"300\" height=\"200\" src=\"https:\/\/www.conaculambient.ro\/wp-content\/uploads\/2019\/10\/duplex-conacul-ambient-10-300x200.jpg\" class=\"attachment-medium size-medium\" alt=\"\" srcset=\"https:\/\/www.conaculambient.ro\/wp-content\/uploads\/2019\/10\/duplex-conacul-ambient-10-300x200.jpg 300w, https:\/\/www.conaculambient.ro\/wp-content\/uploads\/2019\/10\/duplex-conacul-ambient-10-768x512.jpg 768w, https:\/\/www.conaculambient.ro\/wp-content\/uploads\/2019\/10\/duplex-conacul-ambient-10.jpg 800w\" sizes=\"auto, (max-width: 300px) 100vw, 300px\" \/><\/a><div class=\"item-content\"><h4><a href='\/rooms\/duplex\/' >Duplex<\/a><\/h4>Confort \u015fi relaxare<\/div><\/div><div class=\"item toate paturi-twin 2-persoane \"><a href=\"\/rooms\/double-executive\/\" class=\"link-image\" ><img loading=\"lazy\" decoding=\"async\" width=\"300\" height=\"200\" src=\"https:\/\/www.conaculambient.ro\/wp-content\/uploads\/2019\/10\/camera-double-executive-conacul-ambient-300x200.jpg\" class=\"attachment-medium size-medium\" alt=\"\" srcset=\"https:\/\/www.conaculambient.ro\/wp-content\/uploads\/2019\/10\/camera-double-executive-conacul-ambient-300x200.jpg 300w, https:\/\/www.conaculambient.ro\/wp-content\/uploads\/2019\/10\/camera-double-executive-conacul-ambient-768x512.jpg 768w, https:\/\/www.conaculambient.ro\/wp-content\/uploads\/2019\/10\/camera-double-executive-conacul-ambient.jpg 800w\" sizes=\"auto, (max-width: 300px) 100vw, 300px\" \/><\/a><div class=\"item-content\"><h4><a href='\/rooms\/double-executive\/' >Double Executive<\/a><\/h4>Lumin\u0103 \u015fi armonie<\/div><\/div><div class=\"item toate paturi-twin 2-persoane \"><a href=\"\/rooms\/double-standard\/\" class=\"link-image\" ><img loading=\"lazy\" decoding=\"async\" width=\"300\" height=\"200\" src=\"https:\/\/www.conaculambient.ro\/wp-content\/uploads\/2016\/09\/doublestandard-300x200.jpg\" class=\"attachment-medium size-medium\" alt=\"\" srcset=\"https:\/\/www.conaculambient.ro\/wp-content\/uploads\/2016\/09\/doublestandard-300x200.jpg 300w, https:\/\/www.conaculambient.ro\/wp-content\/uploads\/2016\/09\/doublestandard-768x512.jpg 768w, https:\/\/www.conaculambient.ro\/wp-content\/uploads\/2016\/09\/doublestandard.jpg 800w\" sizes=\"auto, (max-width: 300px) 100vw, 300px\" \/><\/a><div class=\"item-content\"><h4><a href='\/rooms\/double-standard\/' >Double Standard<\/a><\/h4>Trecutul \u015fi prezentul<\/div><\/div><\/div><script type='text\/javascript'>( function( $ ) { $( document ).ready(function() {\n\t\t\t\tvar container = $('#isotope-4')\n\t\t\t\tcontainer.imagesLoaded(function(){\n\t\t\t\t\tcontainer.isotope();\n\t\t\t\t\t$('#isotope-filter-4 a').on('click', function (e) {\n\t\t\t\t\t\te.preventDefault();\n\t\t\t\t\t\tvar filterValue = $(this).attr('data-filter');\n\t\t\t\t\t\t$('#isotope-4').isotope({ layoutMode: 'fitRows', filter: filterValue });\n\t\t\t\t\t\t$(this).parent().siblings().removeClass('selected');\n\t\t\t\t\t\t$(this).parent().addClass('selected');\n\t\t\t\t\t});\n\t\t\t\t});\n\t\t\t}); } )( jQuery );<\/script>[\/vc_column][\/vc_row]<\/p>","protected":false},"excerpt":{"rendered":"<p>[vc_row full_width=&#8220;stretch_row&#8220; css=&#8220;.vc_custom_1476091094318{background-position: center !important;background-repeat: no-repeat !important;background-size: cover !important;}&#8220;][vc_column width=&#8220;1\/2&#8243;][vc_column_text] Ambient Mansion, ein Luxuserlebnis im Herzen von Cristian, dem Reich [&hellip;]<\/p>\n","protected":false},"author":1,"featured_media":0,"parent":0,"menu_order":2,"comment_status":"closed","ping_status":"closed","template":"","meta":{"footnotes":""},"yst_prominent_words":[],"class_list":["post-3685","page","type-page","status-publish","hentry"],"yoast_head":"<!-- This site is optimized with the Yoast SEO Premium plugin v14.0.2 - https:\/\/yoast.com\/wordpress\/plugins\/seo\/ -->\n<title>Zimmer - Ambient Conacul<\/title>\n<meta name=\"robots\" content=\"index, follow\" \/>\n<meta name=\"googlebot\" content=\"index, follow, max-snippet:-1, max-image-preview:large, max-video-preview:-1\" \/>\n<meta name=\"bingbot\" content=\"index, follow, max-snippet:-1, max-image-preview:large, max-video-preview:-1\" \/>\n<link rel=\"canonical\" href=\"https:\/\/www.conaculambient.ro\/rooms-new\/\" \/>\n<meta property=\"og:locale\" content=\"de_DE\" \/>\n<meta property=\"og:type\" content=\"article\" \/>\n<meta property=\"og:title\" content=\"[:ro]Camere[:en]Rooms[:es]Habitaciones[:de]Zimmer[:] - Ambient Conacul\" \/>\n<meta property=\"og:description\" content=\"[vc_row full_width=&#8220;stretch_row&#8220; css=&#8220;.vc_custom_1476091094318{background-position: center !important;background-repeat: no-repeat !important;background-size: cover !important;}&#8220;][vc_column width=&#8220;1\/2&#8243;][vc_column_text] Ambient Mansion, ein Luxuserlebnis im Herzen von Cristian, dem Reich [&hellip;]\" \/>\n<meta property=\"og:url\" content=\"https:\/\/www.conaculambient.ro\/rooms-new\/\" \/>\n<meta property=\"og:site_name\" content=\"Ambient Conacul\" \/>\n<meta property=\"article:modified_time\" content=\"2026-03-20T13:51:53+00:00\" \/>\n<meta name=\"twitter:card\" content=\"summary_large_image\" \/>\n<script type=\"application\/ld+json\" class=\"yoast-schema-graph\">{\"@context\":\"https:\/\/schema.org\",\"@graph\":[{\"@type\":\"WebSite\",\"@id\":\"https:\/\/www.conaculambient.ro\/de\/#website\",\"url\":\"https:\/\/www.conaculambient.ro\/de\/\",\"name\":\"Ambient Conacul\",\"description\":\"Holen Sie sich den besten Preis f\\u00fcr Ambient Eigenschaften\",\"potentialAction\":[{\"@type\":\"SearchAction\",\"target\":\"https:\/\/www.conaculambient.ro\/de\/?s={search_term_string}\",\"query-input\":\"required name=search_term_string\"}],\"inLanguage\":\"de\"},{\"@type\":\"WebPage\",\"@id\":\"https:\/\/www.conaculambient.ro\/rooms-new\/#webpage\",\"url\":\"https:\/\/www.conaculambient.ro\/rooms-new\/\",\"name\":\"[:ro]Camere[:en]Rooms[:es]Habitaciones[:de]Zimmer[:] - Ambient Conacul\",\"isPartOf\":{\"@id\":\"https:\/\/www.conaculambient.ro\/de\/#website\"},\"datePublished\":\"2016-09-14T18:35:49+00:00\",\"dateModified\":\"2026-03-20T13:51:53+00:00\",\"inLanguage\":\"de\",\"potentialAction\":[{\"@type\":\"ReadAction\",\"target\":[\"https:\/\/www.conaculambient.ro\/rooms-new\/\"]}]}]}<\/script>\n<!-- \/ Yoast SEO Premium plugin. -->","_links":{"self":[{"href":"https:\/\/www.conaculambient.ro\/de\/wp-json\/wp\/v2\/pages\/3685","targetHints":{"allow":["GET"]}}],"collection":[{"href":"https:\/\/www.conaculambient.ro\/de\/wp-json\/wp\/v2\/pages"}],"about":[{"href":"https:\/\/www.conaculambient.ro\/de\/wp-json\/wp\/v2\/types\/page"}],"author":[{"embeddable":true,"href":"https:\/\/www.conaculambient.ro\/de\/wp-json\/wp\/v2\/users\/1"}],"replies":[{"embeddable":true,"href":"https:\/\/www.conaculambient.ro\/de\/wp-json\/wp\/v2\/comments?post=3685"}],"version-history":[{"count":43,"href":"https:\/\/www.conaculambient.ro\/de\/wp-json\/wp\/v2\/pages\/3685\/revisions"}],"predecessor-version":[{"id":7439,"href":"https:\/\/www.conaculambient.ro\/de\/wp-json\/wp\/v2\/pages\/3685\/revisions\/7439"}],"wp:attachment":[{"href":"https:\/\/www.conaculambient.ro\/de\/wp-json\/wp\/v2\/media?parent=3685"}],"wp:term":[{"taxonomy":"yst_prominent_words","embeddable":true,"href":"https:\/\/www.conaculambient.ro\/de\/wp-json\/wp\/v2\/yst_prominent_words?post=3685"}],"curies":[{"name":"wp","href":"https:\/\/api.w.org\/{rel}","templated":true}]}}