{"id":3693,"date":"2016-09-14T18:41:05","date_gmt":"2016-09-14T18:41:05","guid":{"rendered":"http:\/\/ambientconacul.hotelsperformance.com\/?page_id=3693"},"modified":"2025-12-19T22:24:54","modified_gmt":"2025-12-19T20:24:54","slug":"transfers","status":"publish","type":"page","link":"https:\/\/www.conaculambient.ro\/de\/services\/transfers\/","title":{"rendered":"Transfers &#038; Ausfl\u00fcge"},"content":{"rendered":"<p>[vc_row full_width=&#8220;stretch_row&#8220; position=&#8220;right center&#8220; css=&#8220;.vc_custom_1475226309920{margin-top: 20px !important;background-image: url(https:\/\/www.conaculambient.ro\/wp-content\/uploads\/2016\/09\/cal5.jpg?id=4688) !important;background-position: 0 0 !important;background-repeat: no-repeat !important;}&#8220; el_class=&#8220;background-none-mobile&#8220;][vc_column width=&#8220;1\/2&#8243;][vc_column_text]<\/p>\n<h2><small>GENIESSEN SIE DIE STRASSE ZUM LAND DER ETERNITY<br \/>\n<\/small><span style=\"color: #cf0e17;\">TRANSFERS &amp; AUSFL\u00dcGE<\/span><\/h2>\n<p class=\"lead\">Wir lieben es, alle Ihre Erwartungen zu erf\u00fcllen und deshalb bieten wir unsere Transportdienste an und wir bieten eine Flotte von Fahrzeugen und ein Team von professionellen Fahrern, die verschiedene Sprachen sprechen, so dass Sie sich nicht um den Verkehr k\u00fcmmern m\u00fcssen, w\u00e4hlen Sie die beste Route oder Parkplatz, Ihr Fahrer wird es f\u00fcr Sie tun, damit Sie leicht ein Traumziel erreichen k\u00f6nnen.<\/p>\n<p>[\/vc_column_text][\/vc_column][\/vc_row][vc_row full_width=&#8220;stretch_row&#8220; css=&#8220;.vc_custom_1475067738834{margin-top: 60px !important;margin-bottom: -330px !important;background: #ffffff url(https:\/\/www.conaculambient.ro\/wp-content\/uploads\/2016\/09\/carroza.jpg?id=4539) !important;background-position: center !important;background-repeat: no-repeat !important;background-size: cover !important;}&#8220;][vc_column width=&#8220;2\/3&#8243; offset=&#8220;vc_col-sm-offset-2&#8243; css=&#8220;.vc_custom_1475080411787{margin-top: -50px !important;background-color: rgba(255,255,255,0.6) !important;*background-color: rgb(255,255,255) !important;}&#8220;]<ul class=\"list-services  vc_custom_1475071270697\"><li><h3><a href=\"#transfers\">TRANSFERS AUS FLUGHAFEN<small>DIREKT AUS DEM FLUGHAFEN VON BUCHAREST UND SIBIU<\/small><\/a><\/h3><\/li><li><h3><a href=\"#excursiones\">AUSFL\u00dcGE UND FREIZEIT<small>ENTDECKEN SIE BRASOV UND UMGEBUNG<\/small><\/a><\/h3><\/li><li><h3><a href=\"#transporte\">KUNDENSPEZIFISCHE DIENSTLEISTUNGEN<small>PROFESSIONALER TREIBER F\u00dcR GESCH\u00c4FT UND VERANSTALTUNGEN<\/small><\/a><\/h3><\/li><\/ul>[\/vc_column][\/vc_row][vc_row css=&#8220;.vc_custom_1475071985887{margin-top: 330px !important;margin-bottom: -250px !important;}&#8220;][vc_column css=&#8220;.vc_custom_1472411947038{margin-top: 120px !important;margin-bottom: -120px !important;}&#8220;][vc_separator color=&#8220;custom&#8220; style=&#8220;shadow&#8220; border_width=&#8220;3&#8243; accent_color=&#8220;#cf0e17&#8243; css=&#8220;.vc_custom_1475080744325{margin-top: -120px !important;}&#8220;][\/vc_column][\/vc_row][vc_row full_width=&#8220;stretch_row_content_no_spaces&#8220;][vc_column][vc_raw_html]JTNDYSUyMG5hbWUlM0QlMjJ0cmFuc2ZlcnMlMjIlM0UlM0MlMkZhJTNF[\/vc_raw_html][\/vc_column][\/vc_row][vc_row full_width=&#8220;stretch_row&#8220; css=&#8220;.vc_custom_1475085233782{margin-top: -100px !important;margin-bottom: -50px !important;background-image: url(https:\/\/www.conaculambient.ro\/wp-content\/uploads\/2016\/09\/vlaicu.jpg?id=4540) !important;background-position: center !important;background-repeat: no-repeat !important;background-size: cover !important;}&#8220;][vc_column width=&#8220;1\/2&#8243; offset=&#8220;vc_col-sm-offset-3&#8243; css=&#8220;.vc_custom_1475080640984{background-color: rgba(255,255,255,0.01) !important;*background-color: rgb(255,255,255) !important;}&#8220;][vc_column_text css=&#8220;.vc_custom_1766173292423{background-color: rgba(255,255,255,0.75) !important;*background-color: rgb(255,255,255) !important;}&#8220; el_class=&#8220;white-box content-padding&#8220;]<\/p>\n<h2 class=\"text-uppercase text-center\" style=\"text-align: center;\">TRANSFERS AUS DEN FL\u00dcSSIGKEITEN VON BUCHAREST UND SIBIU<\/h2>\n<p style=\"text-align: center;\">Direkt vom Flughafen, ohne sich Sorgen zu machen (gesch\u00e4tzte Fahrtzeit, 3 Stunden)<\/p>\n<table class=\"table table-responsive\">\n<tbody>\n<tr>\n<td class=\"text-left\"><strong>Komfortklasse <\/strong><br \/>\n<small>Mercedes C-Klasse, Volkswagen Passat (oder \u00e4hnlich), bis zu 4 Personen. Preis pro Weg.<\/small><\/td>\n<td class=\"text-right\">130 \u20ac<\/td>\n<\/tr>\n<tr>\n<td class=\"text-left\"><strong>Business-Klasse<\/strong><br \/>\n<small>Mercedes S-Klasse, Jaguar XJ, Limousine (oder \u00e4hnlich), bis zu 4 Personen. Preis pro Weg.<\/small><\/td>\n<td class=\"text-right\">150 \u20ac<\/td>\n<\/tr>\n<tr>\n<td class=\"text-left\"><strong>Gruppen<\/strong><br \/>\n<small>Hyundai H1, bis zu 7 Personen. Preis pro Weg.<\/small><\/td>\n<td class=\"text-right\">150 \u20ac<\/td>\n<\/tr>\n<tr>\n<td class=\"text-left\"><strong>Brasov &#8211; Cristian (AMBIENT MANSION Shuttle-Service, 15 Minuten)<br \/>\n<small><strong>Komfortklasse<\/strong>, bis zu 4 Personen. Preis pro Weg.<\/small><\/strong><\/td>\n<td class=\"text-right\">20 \u20ac<\/td>\n<\/tr>\n<tr>\n<td class=\"text-left\"><strong>Brasov \u2013 Cristian <\/strong>(AMBIENT MANSION Shuttle-Service, 15 Minuten)<br \/>\n<small><strong> Gruppen<\/strong>, bis zu 7 Personen. Preis pro Weg.<\/small><\/td>\n<td class=\"text-right\">40 \u20ac<\/td>\n<\/tr>\n<tr>\n<td class=\"text-left\"><strong>Brasov \u2013 Bucuresti <\/strong>(OTP) Flughafen<br \/>\n<small><strong>Gruppen<\/strong>, bis zu 3 Personen. Preis pro Weg.<\/small><\/td>\n<td class=\"text-right\">130 \u20ac<\/td>\n<\/tr>\n<tr>\n<td class=\"text-left\"><strong>Brasov \u2013 Bucuresti <\/strong>(OTP) Flughafen<br \/>\n<small><strong>Gruppen<\/strong>, bis zu 7 Personen. Preis pro Weg.<\/small><\/td>\n<td class=\"text-right\">150 \u20ac<\/td>\n<\/tr>\n<tr>\n<td class=\"text-left\"><strong>Brasov \u2013 <\/strong><strong>Sibiu <\/strong>(SBZ) Flughafen<br \/>\n<small><strong>Gruppen<\/strong>, bis zu 3 Personen. Preis pro Weg.<\/small><\/td>\n<td class=\"text-right\">130 \u20ac<\/td>\n<\/tr>\n<tr>\n<td class=\"text-left\"><strong>Brasov \u2013 <\/strong><strong>Sibiu <\/strong>(SBZ) Flughafen<br \/>\n<small><strong>Gruppen<\/strong>, bis zu 7 Personen. Preis pro Weg.<\/small><\/td>\n<td class=\"text-right\">150 \u20ac<\/td>\n<\/tr>\n<\/tbody>\n<\/table>\n<p>[\/vc_column_text][\/vc_column][\/vc_row][vc_row full_width=&#8220;stretch_row_content_no_spaces&#8220;][vc_column][vc_raw_html]JTNDYSUyMG5hbWUlM0QlMjJleGN1cnNpb25lcyUyMiUzRSUzQyUyRmElM0U=[\/vc_raw_html][\/vc_column][\/vc_row][vc_row css=&#8220;.vc_custom_1475194969841{margin-top: -150px !important;}&#8220;][vc_column css=&#8220;.vc_custom_1472411947038{margin-top: 120px !important;margin-bottom: -120px !important;}&#8220;][vc_separator color=&#8220;custom&#8220; style=&#8220;shadow&#8220; border_width=&#8220;3&#8243; accent_color=&#8220;#cf0e17&#8243; css=&#8220;.vc_custom_1475080771525{margin-top: -120px !important;}&#8220;][\/vc_column][\/vc_row][vc_row full_width=&#8220;stretch_row&#8220; position=&#8220;right center&#8220; css=&#8220;.vc_custom_1475194935375{margin-top: -140px !important;margin-bottom: -60px !important;background-position: 0 0 !important;background-repeat: no-repeat !important;}&#8220; el_class=&#8220;background-none-mobile&#8220;][vc_column][vc_column_text]<\/p>\n<p style=\"text-align: center;\">Wir freuen uns, Sie auf Foto-Touren und Kurztrips zu den wichtigsten touristischen Attraktionen in der N\u00e4he (die Festung R\u00e2\u015fnov, die Bran (Dracula) Schloss, befestigte Kirchen von Prejmer, Poiana Bra\u015fov Ski Resort, etc.), die sich umdrehen wird Sie in authentische Liebhaber der Vergangenheit und Promotoren unserer Geschichte, ermutigen Sie, um es mit mehr Sorgfalt zu bewahren. Aktivit\u00e4ten sind an Ihren Fingerspitzen wie Adventure Park, Aqua Paradise, ATV Reisen, 4X4 Ausfl\u00fcge (Licht oder Extrem), Trekking, Bungee Jumping, Mountainbiken und der neu entwickelte Dinosaur Park.<\/p>\n<p style=\"text-align: center;\">Bereiten Sie sich auf eine bezaubernde Reise in die luxuri\u00f6se Welt der Vergangenheit in unserer Ambient Mansion vor. Wir w\u00fcnschen Ihnen einen angenehmen Aufenthalt!<\/p>\n<p>[\/vc_column_text][\/vc_column][\/vc_row][vc_row full_width=&#8220;stretch_row&#8220; css=&#8220;.vc_custom_1475079116185{margin-top: 50px !important;margin-bottom: -200px !important;background-image: url(https:\/\/www.conaculambient.ro\/wp-content\/uploads\/2016\/09\/brasovkronst.jpg?id=4610) !important;background-position: center !important;background-repeat: no-repeat !important;background-size: cover !important;}&#8220;][vc_column width=&#8220;1\/2&#8243; offset=&#8220;vc_col-sm-offset-3&#8243;][vc_column_text el_class=&#8220;white-box content-padding&#8220;]<\/p>\n<h2 class=\"text-uppercase text-center\" style=\"text-align: center;\">AUSFL\u00dcGE<\/h2>\n<p style=\"text-align: center;\">Die Preise beinhalten alle Steuern, aber keine Parkpl\u00e4tze, Mittag- oder Abendessen, F\u00fchrer oder andere Dienstleistungen. Comfort Class Fahrzeuge (3 Passagiere) und Gruppen (bis zu 7 Passagiere). F\u00fcr mehr als sieben Personen k\u00f6nnen die Preise variieren. Bitte wenden Sie sich an die Rezeption des Hotels.<\/p>\n<table class=\"table table-responsive\">\n<tbody>\n<tr>\n<td class=\"text-left\"><\/td>\n<td class=\"text-left\"><strong>3 Passagiere<\/strong><\/td>\n<td class=\"text-left\"><strong>7 Passagiere<\/strong><\/td>\n<\/tr>\n<tr>\n<td class=\"text-left\"><strong>Brasov &#8211; Bran <\/strong>(Dracula Castle)<strong> &#8211; Brasov &#8211;\u00a0<\/strong>(4 Stunden)<\/td>\n<td class=\"text-left\">75 \u20ac<\/td>\n<td class=\"text-left\">95 \u20ac<\/td>\n<\/tr>\n<tr>\n<td class=\"text-left\"><strong>Brasov &#8211; Predeal &#8211; Sinaia <\/strong>(Peles Castle)<strong> &#8211; Brasov &#8211; <\/strong>(4 Stunden)<\/td>\n<td class=\"text-left\">80 \u20ac<\/td>\n<td class=\"text-left\">100 \u20ac<\/td>\n<\/tr>\n<tr>\n<td class=\"text-left\"><strong>Brasov &#8211; Sighisoara <\/strong>(Die \u00e4lteste mittelalterliche Stadt)<strong> &#8211; Brasov &#8211; <\/strong>(7 Stunden)<\/td>\n<td class=\"text-left\">120 \u20ac<\/td>\n<td class=\"text-left\">145 \u20ac<\/td>\n<\/tr>\n<tr>\n<td class=\"text-left\"><strong>Brasov &#8211; Rasnov <\/strong>(Citadel)<strong> &#8211; Bran &#8211; Poiana Brasov &#8211; Brasov &#8211; <\/strong>(5 Stunden)<\/td>\n<td class=\"text-left\">95 \u20ac<\/td>\n<td class=\"text-left\">120 \u20ac<\/td>\n<\/tr>\n<tr>\n<td class=\"text-left\"><strong>Brasov &#8211; Fagaras &#8211; Sambata Kloster\u00a0<\/strong><strong>&#8211; Brasov &#8211; <\/strong>(5 Stunden)<\/td>\n<td class=\"text-left\">85 \u20ac<\/td>\n<td class=\"text-left\">105 \u20ac<\/td>\n<\/tr>\n<tr>\n<td class=\"text-left\"><strong>Brasov &#8211; Prejmer\u00a0<\/strong><strong>&#8211; Harman <\/strong>(Befestigte s\u00e4chsische Kirchen)<strong>\u00a0&#8211; Brasov &#8211; <\/strong>(3 Stunden)<\/td>\n<td class=\"text-left\">75 \u20ac<\/td>\n<td class=\"text-left\">95 \u20ac<\/td>\n<\/tr>\n<tr>\n<td class=\"text-left\"><strong>Brasov &#8211;\u00a0H\u00f6hlenkloster \u015einca Veche <\/strong><strong>\u00a0&#8211; Brasov &#8211; <\/strong>(4 Stunden)<\/td>\n<td class=\"text-left\">75 \u20ac<\/td>\n<td class=\"text-left\">95 \u20ac<\/td>\n<\/tr>\n<tr>\n<td class=\"text-left\"><strong>Brasov &#8211; Viscri Traditionelles Dorf <\/strong>(R\u00fcckzug Charles von Wales ) <strong>&#8211;<\/strong><strong>\u00a0Brasov &#8211; <\/strong>(6 Stunden)<\/td>\n<td class=\"text-left\">95 \u20ac<\/td>\n<td class=\"text-left\">115 \u20ac<\/td>\n<\/tr>\n<tr>\n<td class=\"text-left\"><strong>Brasov \u2013 Poiana Brasov<\/strong> oder\u00a0<strong>Poiana Brasov \u2013 Brasov<\/strong><\/td>\n<td class=\"text-left\">25 \u20ac<\/td>\n<td class=\"text-left\">50 \u20ac<\/td>\n<\/tr>\n<tr>\n<td class=\"text-left\"><strong>Brasov \u2013 Ghimbav (GHV) Flughafen<\/strong>\u00a0oder\u00a0<strong>Ghimbav (GHV) Flughafen <\/strong><strong>\u00a0\u2013 Brasov<\/strong><\/td>\n<td class=\"text-left\">30 \u20ac<\/td>\n<td class=\"text-left\">60 \u20ac<\/td>\n<\/tr>\n<\/tbody>\n<\/table>\n<p><strong>Guide<\/strong>: ab 50 \u20ac \/ halber Tag, 100 \u20ac \/ ganzer Tag<\/p>\n<p><strong>Gesch\u00e4ftsservice<\/strong>: Jaguar XJL oder Mercedes S-Klasse \u2013 gleicher Preis wie ein Pkw f\u00fcr 3 Personen + ZUS\u00c4TZLICH 20 \u20ac \/ Fahrt[\/vc_column_text][\/vc_column][\/vc_row][vc_row full_width=&#8220;stretch_row_content_no_spaces&#8220;][vc_column][vc_raw_html]JTNDYSUyMG5hbWUlM0QlMjJ0cmFuc3BvcnRlJTIyJTNFJTNDJTJGYSUzRQ==[\/vc_raw_html][\/vc_column][\/vc_row][vc_row css=&#8220;.vc_custom_1475085439551{margin-top: -100px !important;margin-bottom: 30px !important;}&#8220;][vc_column css=&#8220;.vc_custom_1472411947038{margin-top: 120px !important;margin-bottom: -120px !important;}&#8220;][vc_separator color=&#8220;custom&#8220; style=&#8220;shadow&#8220; border_width=&#8220;3&#8243; accent_color=&#8220;#cf0e17&#8243;][\/vc_column][\/vc_row][vc_row full_width=&#8220;stretch_row&#8220; css=&#8220;.vc_custom_1475074145013{background-position: center !important;background-repeat: no-repeat !important;background-size: cover !important;}&#8220;][vc_column width=&#8220;1\/2&#8243;][vc_images_carousel images=&#8220;4608,4606,4605,4607,4609&#8243; speed=&#8220;8888&#8243;][\/vc_column][vc_column width=&#8220;1\/2&#8243;][vc_column_text]<\/p>\n<h2><small>WIR BRAUCHEN IHRE BED\u00dcRFNISSE<\/small><span style=\"color: #cf0e17;\">BREITES BEREICH DER FAHRZEUGE<\/span><\/h2>\n<p class=\"lead\">Ambient bietet Standard- und Business-Class-Transfers vom Flughafen in Bukarest und Sibiu f\u00fcr jede Art von Bedarf; Gesch\u00e4ftsreise oder um die touristischen Attraktionen, besondere Veranstaltungen oder Ferien zu besuchen und bietet eine breite Palette von Fahrzeugen, um alle Transportbed\u00fcrfnisse, die w\u00e4hrend Ihres Aufenthaltes in Brasov auftreten k\u00f6nnen, zu decken.<\/p>\n<ul class=\"list-pointer\">\n<li><strong>Komfortklasse:<\/strong> Mercedes C-Klasse, Volkswagen Passat (oder \u00e4hnlich), bis zu 4 Personen<\/li>\n<li><strong>Business Class:<\/strong> Mercedes S Klasse, Jaguar XJ, Limousine (oder \u00e4hnlich), bis zu 4 Personen<\/li>\n<li><strong>Gruppen:<\/strong> Hyundai H1 (oder \u00e4hnlich), bis zu 7 Personen<\/li>\n<\/ul>\n<p>[\/vc_column_text][\/vc_column][\/vc_row][vc_row css=&#8220;.vc_custom_1475075844613{margin-top: -80px !important;}&#8220;][vc_column css=&#8220;.vc_custom_1472411947038{margin-top: 120px !important;margin-bottom: -120px !important;}&#8220;][vc_separator color=&#8220;custom&#8220; style=&#8220;shadow&#8220; border_width=&#8220;3&#8243; accent_color=&#8220;#cf0e17&#8243; css=&#8220;.vc_custom_1475080795737{margin-top: -120px !important;}&#8220;][\/vc_column][\/vc_row][vc_row css=&#8220;.vc_custom_1475075939953{margin-top: -50px !important;}&#8220;][vc_column width=&#8220;1\/2&#8243; offset=&#8220;vc_col-sm-offset-3&#8243; css=&#8220;.vc_custom_1472640463923{margin-top: -60px !important;}&#8220;][vc_column_text el_class=&#8220;text-center&#8220;]<\/p>\n<h2 class=\"text-uppercase text-center\" style=\"text-align: center;\">MIETE AUTO UND KUNDENSPEZIFISCHE DIENSTLEISTUNGEN<\/h2>\n<p style=\"text-align: center;\">Rent a Car Service &#8211; ab 25 \u20ac \/ Tag<\/p>\n<p style=\"text-align: center;\">Kundenspezifische Services &#8211; Bitte konsultieren Sie unser Team, wir passen uns Ihren Bed\u00fcrfnissen an<\/p>\n<p>[\/vc_column_text][\/vc_column][\/vc_row][vc_row css=&#8220;.vc_custom_1472640860611{margin-bottom: -350px !important;}&#8220;][vc_column css=&#8220;.vc_custom_1472411947038{margin-top: 120px !important;margin-bottom: -120px !important;}&#8220;][vc_separator color=&#8220;custom&#8220; style=&#8220;shadow&#8220; border_width=&#8220;3&#8243; accent_color=&#8220;#cf0e17&#8243; css=&#8220;.vc_custom_1475080803067{margin-top: -250px !important;margin-bottom: -30px !important;}&#8220;][\/vc_column][\/vc_row][vc_row css=&#8220;.vc_custom_1470397530640{margin-bottom: -200px !important;}&#8220;][vc_column][vc_raw_html]JTNDc2NyaXB0JTIwdHlwZSUzRCUyMnRleHQlMkZqYXZhc2NyaXB0JTIyJTIwc3JjJTNEJTIyaHR0cHMlM0ElMkYlMkZvcGVuLnVwcGVyYm9va2luZy5jb20lMkZjb25hY3VsYW1iaWVudCUyRkJvb2tpbmcuanMlM0Zsb2NhbGUlM0RkZSUyMiUzRSUzQyUyRnNjcmlwdCUzRQ==[\/vc_raw_html][\/vc_column][\/vc_row]<\/p>","protected":false},"excerpt":{"rendered":"<p>[vc_row full_width=&#8220;stretch_row&#8220; position=&#8220;right center&#8220; css=&#8220;.vc_custom_1475226309920{margin-top: 20px !important;background-image: url(https:\/\/www.conaculambient.ro\/wp-content\/uploads\/2016\/09\/cal5.jpg?id=4688) !important;background-position: 0 0 !important;background-repeat: no-repeat !important;}&#8220; el_class=&#8220;background-none-mobile&#8220;][vc_column width=&#8220;1\/2&#8243;][vc_column_text] GENIESSEN SIE DIE STRASSE [&hellip;]<\/p>\n","protected":false},"author":1,"featured_media":0,"parent":3687,"menu_order":2,"comment_status":"closed","ping_status":"closed","template":"","meta":{"footnotes":""},"yst_prominent_words":[],"class_list":["post-3693","page","type-page","status-publish","hentry"],"yoast_head":"<!-- This site is optimized with the Yoast SEO Premium plugin v14.0.2 - https:\/\/yoast.com\/wordpress\/plugins\/seo\/ -->\n<title>Transfers &amp; Ausfl\u00fcge - Ambient Conacul<\/title>\n<meta name=\"robots\" content=\"index, follow\" \/>\n<meta name=\"googlebot\" content=\"index, follow, max-snippet:-1, max-image-preview:large, max-video-preview:-1\" \/>\n<meta name=\"bingbot\" content=\"index, follow, max-snippet:-1, max-image-preview:large, max-video-preview:-1\" \/>\n<link rel=\"canonical\" href=\"https:\/\/www.conaculambient.ro\/services\/transfers\/\" \/>\n<meta property=\"og:locale\" content=\"de_DE\" \/>\n<meta property=\"og:type\" content=\"article\" \/>\n<meta property=\"og:title\" content=\"[:ro]Transferuri &amp; Excursii[:en]Transfers &amp; Excursions[:es]Transfers &amp; Excursiones[:de]Transfers &amp; Ausfl\u00fcge[:] - Ambient Conacul\" \/>\n<meta property=\"og:description\" content=\"[vc_row full_width=&#8220;stretch_row&#8220; position=&#8220;right center&#8220; css=&#8220;.vc_custom_1475226309920{margin-top: 20px !important;background-image: url(https:\/\/www.conaculambient.ro\/wp-content\/uploads\/2016\/09\/cal5.jpg?id=4688) !important;background-position: 0 0 !important;background-repeat: no-repeat !important;}&#8220; el_class=&#8220;background-none-mobile&#8220;][vc_column width=&#8220;1\/2&#8243;][vc_column_text] GENIESSEN SIE DIE STRASSE [&hellip;]\" \/>\n<meta property=\"og:url\" content=\"https:\/\/www.conaculambient.ro\/services\/transfers\/\" \/>\n<meta property=\"og:site_name\" content=\"Ambient Conacul\" \/>\n<meta property=\"article:modified_time\" content=\"2025-12-19T20:24:54+00:00\" \/>\n<meta name=\"twitter:card\" content=\"summary_large_image\" \/>\n<script type=\"application\/ld+json\" class=\"yoast-schema-graph\">{\"@context\":\"https:\/\/schema.org\",\"@graph\":[{\"@type\":\"WebSite\",\"@id\":\"https:\/\/www.conaculambient.ro\/de\/#website\",\"url\":\"https:\/\/www.conaculambient.ro\/de\/\",\"name\":\"Ambient Conacul\",\"description\":\"Holen Sie sich den besten Preis f\\u00fcr Ambient Eigenschaften\",\"potentialAction\":[{\"@type\":\"SearchAction\",\"target\":\"https:\/\/www.conaculambient.ro\/de\/?s={search_term_string}\",\"query-input\":\"required name=search_term_string\"}],\"inLanguage\":\"de\"},{\"@type\":\"WebPage\",\"@id\":\"https:\/\/www.conaculambient.ro\/services\/transfers\/#webpage\",\"url\":\"https:\/\/www.conaculambient.ro\/services\/transfers\/\",\"name\":\"[:ro]Transferuri & Excursii[:en]Transfers & Excursions[:es]Transfers & Excursiones[:de]Transfers & Ausfl\\u00fcge[:] - Ambient Conacul\",\"isPartOf\":{\"@id\":\"https:\/\/www.conaculambient.ro\/de\/#website\"},\"datePublished\":\"2016-09-14T18:41:05+00:00\",\"dateModified\":\"2025-12-19T20:24:54+00:00\",\"inLanguage\":\"de\",\"potentialAction\":[{\"@type\":\"ReadAction\",\"target\":[\"https:\/\/www.conaculambient.ro\/services\/transfers\/\"]}]}]}<\/script>\n<!-- \/ Yoast SEO Premium plugin. -->","_links":{"self":[{"href":"https:\/\/www.conaculambient.ro\/de\/wp-json\/wp\/v2\/pages\/3693","targetHints":{"allow":["GET"]}}],"collection":[{"href":"https:\/\/www.conaculambient.ro\/de\/wp-json\/wp\/v2\/pages"}],"about":[{"href":"https:\/\/www.conaculambient.ro\/de\/wp-json\/wp\/v2\/types\/page"}],"author":[{"embeddable":true,"href":"https:\/\/www.conaculambient.ro\/de\/wp-json\/wp\/v2\/users\/1"}],"replies":[{"embeddable":true,"href":"https:\/\/www.conaculambient.ro\/de\/wp-json\/wp\/v2\/comments?post=3693"}],"version-history":[{"count":20,"href":"https:\/\/www.conaculambient.ro\/de\/wp-json\/wp\/v2\/pages\/3693\/revisions"}],"predecessor-version":[{"id":7312,"href":"https:\/\/www.conaculambient.ro\/de\/wp-json\/wp\/v2\/pages\/3693\/revisions\/7312"}],"up":[{"embeddable":true,"href":"https:\/\/www.conaculambient.ro\/de\/wp-json\/wp\/v2\/pages\/3687"}],"wp:attachment":[{"href":"https:\/\/www.conaculambient.ro\/de\/wp-json\/wp\/v2\/media?parent=3693"}],"wp:term":[{"taxonomy":"yst_prominent_words","embeddable":true,"href":"https:\/\/www.conaculambient.ro\/de\/wp-json\/wp\/v2\/yst_prominent_words?post=3693"}],"curies":[{"name":"wp","href":"https:\/\/api.w.org\/{rel}","templated":true}]}}