{"id":3707,"date":"2016-09-14T18:59:34","date_gmt":"2016-09-14T18:59:34","guid":{"rendered":"http:\/\/ambientconacul.hotelsperformance.com\/?page_id=3707"},"modified":"2026-03-12T15:00:34","modified_gmt":"2026-03-12T13:00:34","slug":"contact","status":"publish","type":"page","link":"https:\/\/www.conaculambient.ro\/de\/contact\/","title":{"rendered":"Kontakt"},"content":{"rendered":"<p>[vc_row][vc_column width=&#8220;7\/12&#8243;][vc_column_text]<strong>Wenn Sie eine Buchung machen m\u00f6chten, machen Sie es direkt auf unserer Website und Sie erhalten den besten Preis und Bedingungen<\/strong>[\/vc_column_text]\t<div id=\"ninja_forms_form_1_cont\" class=\"ninja-forms-cont\">\n\t\t<div id=\"ninja_forms_form_1_wrap\" class=\"ninja-forms-form-wrap\">\n\t<div id=\"ninja_forms_form_1_response_msg\" style=\"\" class=\"ninja-forms-response-msg \"><\/div>\t<form id=\"ninja_forms_form_1\" enctype=\"multipart\/form-data\" method=\"post\" name=\"\" action=\"\" class=\"ninja-forms-form\">\n\n\t<input type=\"hidden\" id=\"_wpnonce\" name=\"_wpnonce\" value=\"36bd24a75b\" \/><input type=\"hidden\" name=\"_wp_http_referer\" value=\"\/de\/wp-json\/wp\/v2\/pages\/3707\" \/>\t<input type=\"hidden\" name=\"_ninja_forms_display_submit\" value=\"1\">\n\t<input type=\"hidden\" name=\"_form_id\"  id=\"_form_id\" value=\"1\">\n\t\t<div class=\"hp-wrap\">\n\t\t<label>If you are a human and are seeing this field, please leave it blank.\t\t\t<input type=\"text\" value=\"\" name=\"_BoISx\">\n\t\t\t<input type=\"hidden\" value=\"_BoISx\" name=\"_hp_name\">\n\t\t<\/label>\n\t<\/div>\n\t\t<div id=\"ninja_forms_form_1_all_fields_wrap\" class=\"ninja-forms-all-fields-wrap\">\n\t\t\t<div class=\"ninja-forms-required-items\">Die mit <span class=\"ninja-forms-req-symbol\">*<\/span> gekennzeichneten Felder sind obligatorisch<\/div>\n\t\t\t\t\t\t\t\t<div class=\"field-wrap text-wrap label-above\"  id=\"ninja_forms_field_1_div_wrap\" data-visible=\"1\">\n\t\t\t\t\t\t\t<input type=\"hidden\" id=\"ninja_forms_field_1_type\" value=\"text\">\n\t\t<label for=\"ninja_forms_field_1\" id=\"ninja_forms_field_1_label\" class=\"\">Name <span class='ninja-forms-req-symbol'><strong>*<\/strong><\/span>\t\t\t\t<\/label>\n\t\t\t<input id=\"ninja_forms_field_1\" data-mask=\"\" data-input-limit=\"\" data-input-limit-type=\"char\" data-input-limit-msg=\"\" name=\"ninja_forms_field_1\" type=\"text\" placeholder=\"\" class=\"ninja-forms-field  ninja-forms-req \" value=\"\" rel=\"1\"   \/>\n\t\t<div id=\"ninja_forms_field_1_error\" style=\"display:none;\" class=\"ninja-forms-field-error\">\n\t\t<\/div>\n\t\t\t\t\t\t\t<\/div>\n\t\t\t\t\t\t\t\t\t\t\t\t<div class=\"field-wrap text-wrap label-above\"  id=\"ninja_forms_field_2_div_wrap\" data-visible=\"1\">\n\t\t\t\t\t\t\t<input type=\"hidden\" id=\"ninja_forms_field_2_type\" value=\"text\">\n\t\t<label for=\"ninja_forms_field_2\" id=\"ninja_forms_field_2_label\" class=\"\">Email <span class='ninja-forms-req-symbol'><strong>*<\/strong><\/span>\t\t\t\t<\/label>\n\t\t\t<input id=\"ninja_forms_field_2\" data-mask=\"\" data-input-limit=\"\" data-input-limit-type=\"char\" data-input-limit-msg=\"\" name=\"ninja_forms_field_2\" type=\"text\" placeholder=\"\" class=\"ninja-forms-field  ninja-forms-req email \" value=\"\" rel=\"2\"   \/>\n\t\t<div id=\"ninja_forms_field_2_error\" style=\"display:none;\" class=\"ninja-forms-field-error\">\n\t\t<\/div>\n\t\t\t\t\t\t\t<\/div>\n\t\t\t\t\t\t\t\t\t\t\t\t<div class=\"field-wrap text-wrap label-above\"  id=\"ninja_forms_field_19_div_wrap\" data-visible=\"1\">\n\t\t\t\t\t\t\t<input type=\"hidden\" id=\"ninja_forms_field_19_type\" value=\"text\">\n\t\t<label for=\"ninja_forms_field_19\" id=\"ninja_forms_field_19_label\" class=\"\">Telefon \t\t\t\t<\/label>\n\t\t\t<input id=\"ninja_forms_field_19\" data-mask=\"\" data-input-limit=\"\" data-input-limit-type=\"char\" data-input-limit-msg=\"\" name=\"ninja_forms_field_19\" type=\"text\" placeholder=\"\" class=\"ninja-forms-field  \" value=\"\" rel=\"19\"   \/>\n\t\t<div id=\"ninja_forms_field_19_error\" style=\"display:none;\" class=\"ninja-forms-field-error\">\n\t\t<\/div>\n\t\t\t\t\t\t\t<\/div>\n\t\t\t\t\t\t\t\t\t\t\t\t<div class=\"field-wrap textarea-wrap label-above\"  id=\"ninja_forms_field_3_div_wrap\" data-visible=\"1\">\n\t\t\t\t\t\t\t<input type=\"hidden\" id=\"ninja_forms_field_3_type\" value=\"textarea\">\n\t\t<label for=\"ninja_forms_field_3\" id=\"ninja_forms_field_3_label\" class=\"\">Nachricht <span class='ninja-forms-req-symbol'><strong>*<\/strong><\/span>\t\t\t\t<\/label>\n\t\t\t\t<textarea name=\"ninja_forms_field_3\" id=\"ninja_forms_field_3\" class=\"ninja-forms-field  ninja-forms-req\" rel=\"3\" data-input-limit=\"\" data-input-limit-type=\"char\" data-input-limit-msg=\"\"><\/textarea>\n\t\t\t<div id=\"ninja_forms_field_3_error\" style=\"display:none;\" class=\"ninja-forms-field-error\">\n\t\t<\/div>\n\t\t\t\t\t\t\t<\/div>\n\t\t\t\t\t\t\t\t\t\t\t\t<div class=\"field-wrap g_recaptcha-wrap label-above\"  id=\"ninja_forms_field_22_div_wrap\" data-visible=\"1\">\n\t\t\t\t\t\t\t<input type=\"hidden\" id=\"ninja_forms_field_22_type\" value=\"g_recaptcha\">\n\t\t<label for=\"ninja_forms_field_22\" id=\"ninja_forms_field_22_label\" class=\"\"> <span class='ninja-forms-req-symbol'><strong>*<\/strong><\/span>\t\t\t\t<\/label>\n\t\t\n\t<input id=\"ninja_forms_field_22\" name=\"ninja_forms_field_22\" type=\"hidden\" class=\"\" value=\"\" rel=\"22\" \/>\n\t\t<div class=\"g-recaptcha\" data-callback=\"recaptcha_set_value_598283829\" data-sitekey=\"6LdvVwoUAAAAAJKAtTNfesD-AO_-FGdG0PVYmxxh\"><\/div>\n            <script type=\"text\/javascript\" src=\"https:\/\/www.google.com\/recaptcha\/api.js?hl=en\">\n            <\/script>\n            <script type=\"text\/javascript\">\n            function recaptcha_set_value_598283829(inpval){\n            \tjQuery(\"#ninja_forms_field_22\").val(inpval)\n\n            }\n            <\/script>\n\n\t\t\t<div id=\"ninja_forms_field_22_error\" style=\"display:none;\" class=\"ninja-forms-field-error\">\n\t\t<\/div>\n\t\t\t\t\t\t\t<\/div>\n\t\t\t\t\t\t\t\t\t\t\t\t<div class=\"field-wrap checkbox-wrap label-right\"  id=\"ninja_forms_field_33_div_wrap\" data-visible=\"1\">\n\t\t\t\t\t\t\t<input type=\"hidden\" id=\"ninja_forms_field_33_type\" value=\"checkbox\">\n<input id=\"\" name=\"ninja_forms_field_33\" type=\"hidden\" value=\"unchecked\" \/><input id=\"ninja_forms_field_33\" name=\"ninja_forms_field_33\" type=\"checkbox\" class=\"ninja-forms-field  ninja-forms-req\" value=\"checked\"  rel=\"33\"\/>\t\t<label for=\"ninja_forms_field_33\" id=\"ninja_forms_field_33_label\" class=\"\">Ich habe die <a href=\"\/de\/contact\/terms\/\">Datenschutzerkl\u00e4rung<\/a> gelesen und akzeptiere sie <span class='ninja-forms-req-symbol'><strong>*<\/strong><\/span>\t\t\t\t<\/label>\n\t\t\t<div id=\"ninja_forms_field_33_error\" style=\"display:none;\" class=\"ninja-forms-field-error\">\n\t\t<\/div>\n\t\t\t\t\t\t\t<\/div>\n\t\t\t\t\t\t\t\t\t\t\t\t<div class=\"field-wrap checkbox-wrap label-right\"  id=\"ninja_forms_field_34_div_wrap\" data-visible=\"1\">\n\t\t\t\t\t\t\t<input type=\"hidden\" id=\"ninja_forms_field_34_type\" value=\"checkbox\">\n<input id=\"\" name=\"ninja_forms_field_34\" type=\"hidden\" value=\"unchecked\" \/><input id=\"ninja_forms_field_34\" name=\"ninja_forms_field_34\" type=\"checkbox\" class=\"ninja-forms-field \" value=\"checked\"  rel=\"34\"\/>\t\t<label for=\"ninja_forms_field_34\" id=\"ninja_forms_field_34_label\" class=\"\">Ich erlaube die Einreichung elektronischer Informationsmitteilungen \u00fcber Aktivit\u00e4ten, Produkte oder Dienstleistungen per e-Mail oder andere gleichwertige elektronische Mittel \t\t\t\t<\/label>\n\t\t\t<div id=\"ninja_forms_field_34_error\" style=\"display:none;\" class=\"ninja-forms-field-error\">\n\t\t<\/div>\n\t\t\t\t\t\t\t<\/div>\n\t\t\t\t\t\t\t\t\t\t\t\t<div class=\"field-wrap submit-wrap label-above\"  id=\"ninja_forms_field_4_div_wrap\" data-visible=\"1\">\n\t\t\t\t\t\t\t<input type=\"hidden\" id=\"ninja_forms_field_4_type\" value=\"submit\">\n\t<div id=\"nf_submit_1\">\n\t\t<input type=\"submit\" name=\"_ninja_forms_field_4\" class=\"ninja-forms-field \" id=\"ninja_forms_field_4\" value=\"Senden\" rel=\"4\" >\n\t<\/div>\n\t<div id=\"nf_processing_1\" style=\"display:none;\">\n\t\t<input type=\"submit\" name=\"_ninja_forms_field_4\" class=\"ninja-forms-field \" id=\"ninja_forms_field_4\" value=\"Wird bearbeitet\" rel=\"4\" disabled>\n\t<\/div>\n\t\t<div id=\"ninja_forms_field_4_error\" style=\"display:none;\" class=\"ninja-forms-field-error\">\n\t\t<\/div>\n\t\t\t\t\t\t\t<\/div>\n\t\t\t\t\t\t\t<\/div>\n\t\t<\/form>\n\t\t<\/div>\n\t\t<\/div>\n\t[\/vc_column][vc_column width=&#8220;1\/3&#8243; offset=&#8220;vc_col-sm-offset-1&#8243;][vc_column_text]<\/p>\n<h3>Kontaktiere uns<\/h3>\n<p>Unser Team steht Ihnen f\u00fcr Fragen rund um Ihre Buchung, Veranstaltungen, Transfers, Tagungsr\u00e4ume oder andere Themen zur Verf\u00fcgung. Wir helfen Ihnen gerne weiter.<\/p>\n<h3>Abonniere unseren Newsletter<\/h3>\n\t<div id=\"ninja_forms_form_34_cont\" class=\"ninja-forms-cont\">\n\t\t<div id=\"ninja_forms_form_34_wrap\" class=\"ninja-forms-form-wrap\">\n\t<div id=\"ninja_forms_form_34_response_msg\" style=\"\" class=\"ninja-forms-response-msg \"><\/div>\t<form id=\"ninja_forms_form_34\" enctype=\"multipart\/form-data\" method=\"post\" name=\"\" action=\"\" class=\"ninja-forms-form\">\n\n\t<input type=\"hidden\" id=\"_wpnonce\" name=\"_wpnonce\" value=\"a5d568d35d\" \/><input type=\"hidden\" name=\"_wp_http_referer\" value=\"\/de\/wp-json\/wp\/v2\/pages\/3707\" \/>\t<input type=\"hidden\" name=\"_ninja_forms_display_submit\" value=\"1\">\n\t<input type=\"hidden\" name=\"_form_id\"  id=\"_form_id\" value=\"34\">\n\t\t<div class=\"hp-wrap\">\n\t\t<label>If you are a human and are seeing this field, please leave it blank.\t\t\t<input type=\"text\" value=\"\" name=\"_7bscR\">\n\t\t\t<input type=\"hidden\" value=\"_7bscR\" name=\"_hp_name\">\n\t\t<\/label>\n\t<\/div>\n\t\t<div id=\"ninja_forms_form_34_all_fields_wrap\" class=\"ninja-forms-all-fields-wrap\">\n\t\t\t<div class=\"ninja-forms-required-items\">Die mit <span class=\"ninja-forms-req-symbol\">*<\/span> gekennzeichneten Felder sind obligatorisch<\/div>\n\t\t\t\t\t\t\t\t<div class=\"field-wrap text-wrap label-above\"  id=\"ninja_forms_field_31_div_wrap\" data-visible=\"1\">\n\t\t\t\t\t\t\t<input type=\"hidden\" id=\"ninja_forms_field_31_type\" value=\"text\">\n\t\t<label for=\"ninja_forms_field_31\" id=\"ninja_forms_field_31_label\" class=\"\">Email <span class='ninja-forms-req-symbol'><strong>*<\/strong><\/span>\t\t\t\t<\/label>\n\t\t\t<input id=\"ninja_forms_field_31\" data-mask=\"\" data-input-limit=\"\" data-input-limit-type=\"char\" data-input-limit-msg=\"\" name=\"ninja_forms_field_31\" type=\"text\" placeholder=\"\" class=\"ninja-forms-field  ninja-forms-req email \" value=\"\" rel=\"31\"   \/>\n\t\t<div id=\"ninja_forms_field_31_error\" style=\"display:none;\" class=\"ninja-forms-field-error\">\n\t\t<\/div>\n\t\t\t\t\t\t\t<\/div>\n\t\t\t\t\t\t\t\t\t\t\t\t<div class=\"field-wrap checkbox-wrap label-right\"  id=\"ninja_forms_field_35_div_wrap\" data-visible=\"1\">\n\t\t\t\t\t\t\t<input type=\"hidden\" id=\"ninja_forms_field_35_type\" value=\"checkbox\">\n<input id=\"\" name=\"ninja_forms_field_35\" type=\"hidden\" value=\"unchecked\" \/><input id=\"ninja_forms_field_35\" name=\"ninja_forms_field_35\" type=\"checkbox\" class=\"ninja-forms-field  ninja-forms-req\" value=\"checked\"  rel=\"35\"\/>\t\t<label for=\"ninja_forms_field_35\" id=\"ninja_forms_field_35_label\" class=\"\">Ich habe die <a href=\"\/de\/contact\/terms\/\">Datenschutzerkl\u00e4rung<\/a> gelesen und akzeptiere sie <span class='ninja-forms-req-symbol'><strong>*<\/strong><\/span>\t\t\t\t<\/label>\n\t\t\t<div id=\"ninja_forms_field_35_error\" style=\"display:none;\" class=\"ninja-forms-field-error\">\n\t\t<\/div>\n\t\t\t\t\t\t\t<\/div>\n\t\t\t\t\t\t\t\t\t\t\t\t<div class=\"field-wrap checkbox-wrap label-right\"  id=\"ninja_forms_field_36_div_wrap\" data-visible=\"1\">\n\t\t\t\t\t\t\t<input type=\"hidden\" id=\"ninja_forms_field_36_type\" value=\"checkbox\">\n<input id=\"\" name=\"ninja_forms_field_36\" type=\"hidden\" value=\"unchecked\" \/><input id=\"ninja_forms_field_36\" name=\"ninja_forms_field_36\" type=\"checkbox\" class=\"ninja-forms-field  ninja-forms-req\" value=\"checked\"  rel=\"36\"\/>\t\t<label for=\"ninja_forms_field_36\" id=\"ninja_forms_field_36_label\" class=\"\">Ich erlaube die Einreichung elektronischer Informationsmitteilungen \u00fcber Aktivit\u00e4ten, Produkte oder Dienstleistungen per e-Mail oder andere gleichwertige elektronische Mittel <span class='ninja-forms-req-symbol'><strong>*<\/strong><\/span>\t\t\t\t<\/label>\n\t\t\t<div id=\"ninja_forms_field_36_error\" style=\"display:none;\" class=\"ninja-forms-field-error\">\n\t\t<\/div>\n\t\t\t\t\t\t\t<\/div>\n\t\t\t\t\t\t\t\t\t\t\t\t<div class=\"field-wrap g_recaptcha-wrap label-above\"  id=\"ninja_forms_field_52_div_wrap\" data-visible=\"1\">\n\t\t\t\t\t\t\t<input type=\"hidden\" id=\"ninja_forms_field_52_type\" value=\"g_recaptcha\">\n\t\t<label for=\"ninja_forms_field_52\" id=\"ninja_forms_field_52_label\" class=\"\"> <span class='ninja-forms-req-symbol'><strong>*<\/strong><\/span>\t\t\t\t<\/label>\n\t\t\n\t<input id=\"ninja_forms_field_52\" name=\"ninja_forms_field_52\" type=\"hidden\" class=\"\" value=\"\" rel=\"52\" \/>\n\t\t<div class=\"g-recaptcha\" data-callback=\"recaptcha_set_value_539128073\" data-sitekey=\"6LdvVwoUAAAAAJKAtTNfesD-AO_-FGdG0PVYmxxh\"><\/div>\n            <script type=\"text\/javascript\" src=\"https:\/\/www.google.com\/recaptcha\/api.js?hl=en\">\n            <\/script>\n            <script type=\"text\/javascript\">\n            function recaptcha_set_value_539128073(inpval){\n            \tjQuery(\"#ninja_forms_field_52\").val(inpval)\n\n            }\n            <\/script>\n\n\t\t\t<div id=\"ninja_forms_field_52_error\" style=\"display:none;\" class=\"ninja-forms-field-error\">\n\t\t<\/div>\n\t\t\t\t\t\t\t<\/div>\n\t\t\t\t\t\t\t\t\t\t\t\t<div class=\"field-wrap submit-wrap label-above\"  id=\"ninja_forms_field_32_div_wrap\" data-visible=\"1\">\n\t\t\t\t\t\t\t<input type=\"hidden\" id=\"ninja_forms_field_32_type\" value=\"submit\">\n\t<div id=\"nf_submit_34\">\n\t\t<input type=\"submit\" name=\"_ninja_forms_field_32\" class=\"ninja-forms-field \" id=\"ninja_forms_field_32\" value=\"Senden\" rel=\"32\" >\n\t<\/div>\n\t<div id=\"nf_processing_34\" style=\"display:none;\">\n\t\t<input type=\"submit\" name=\"_ninja_forms_field_32\" class=\"ninja-forms-field \" id=\"ninja_forms_field_32\" value=\"Wird bearbeitet\" rel=\"32\" disabled>\n\t<\/div>\n\t\t<div id=\"ninja_forms_field_32_error\" style=\"display:none;\" class=\"ninja-forms-field-error\">\n\t\t<\/div>\n\t\t\t\t\t\t\t<\/div>\n\t\t\t\t\t\t\t<\/div>\n\t\t<\/form>\n\t\t<\/div>\n\t\t<\/div>\n\t\n<h3>Oder besuchen Sie unser Team<\/h3>\n<p>Wir sind st\u00e4ndig auf der Suche nach begeisterten Menschen mit einem offenen Blick und Erfahrung, vor allem auf der Suche nach Menschen mit Studien im Bereich des Tourismus.<a href=\"\/de\/contact\/work-with-us\/\"><strong>Know more<\/strong><\/a><\/p>\n<p>Steuerdaten:<br \/>\nSC Euro-Tour SRL<br \/>\nCUI \/ VAT : RO11371616<br \/>\nRegistrierungsnr. J1999000028080<br \/>\nSt. Aninoasa 5, Brasov, Romania<br \/>\nRON IBAN : RO60BACX0000003009655000<br \/>\nEURO IBAN : RO06BACX0000003009655002<br \/>\nUNICREDIT, BRASOV<br \/>\nSwift: BACXROBU<br \/>\nKlassifizierungszertifikat nummer: 28040<\/p>\n<figure id=\"attachment_7157\" aria-describedby=\"caption-attachment-7157\" style=\"width: 150px\" class=\"wp-caption alignnone\"><a href=\"https:\/\/www.conaculambient.ro\/contact\/classification-certificate-conacul\/\" rel=\"attachment wp-att-7157\"><img loading=\"lazy\" decoding=\"async\" class=\"wp-image-7157 size-thumbnail\" title=\"Klassifizierung zertifikat\" src=\"https:\/\/www.conaculambient.ro\/wp-content\/uploads\/2024\/10\/Classification-certificate-conacul-150x150.jpg\" alt=\"Klassifizierung zertifikat\" width=\"150\" height=\"150\" \/><\/a><figcaption id=\"caption-attachment-7157\" class=\"wp-caption-text\">Klassifizierung zertifikat<\/figcaption><\/figure>\n<p>[\/vc_column_text][\/vc_column][\/vc_row][vc_row full_width=&#8220;stretch_row_content&#8220;][vc_column][vc_raw_html]JTNDc2NyaXB0JTIwdHlwZSUzRCUyMnRleHQlMkZqYXZhc2NyaXB0JTIyJTIwc3JjJTNEJTIyaHR0cHMlM0ElMkYlMkZvcGVuLnVwcGVyYm9va2luZy5jb20lMkZjb25hY3VsYW1iaWVudCUyRkJvb2tpbmcuanMlM0Zsb2NhbGUlM0RkZSUyMiUzRSUzQyUyRnNjcmlwdCUzRQ==[\/vc_raw_html][vc_column_text]<\/p>\n<h4 style=\"text-align: center;\">Conacul Ambient<\/h4>\n<address style=\"text-align: center;\"><abbr title=\"Address\">Adresse:<\/abbr> Strada Grivitei 5, Cristian 507055, Romania<br \/>\n<a class=\"btn btn-link\" href=\"https:\/\/www.google.com\/maps\/place\/Conacul+Ambient\/@45.6239856,25.4763271,1060m\/data=!3m1!1e3!4m20!1m10!3m9!1s0x40b34544efc5681d:0xa61dfb5aa69b71ac!2sConacul+Ambient!5m2!4m1!1i2!8m2!3d45.6239856!4d25.4763271!16s%2Fg%2F11bbwjrkk_!3m8!1s0x40b34544efc5681d:0xa61dfb5aa69b71ac!5m2!4m1!1i2!8m2!3d45.6239856!4d25.4763271!16s%2Fg%2F11bbwjrkk_?hl=en-US&amp;entry=ttu&amp;g_ep=EgoyMDI2MDMwOS4wIKXMDSoASAFQAw%3D%3D\" target=\"_blank\" rel=\"noopener\">Den Standort auf Google Maps ansehen<\/a>\u00a0<\/address>\n<p style=\"text-align: center;\"><abbr title=\"Phone\">Telefon:<\/abbr>\u00a0<a href=\"tel:0040732200900\">004-0732-20 0900<\/a><br \/>\n<abbr title=\"Phone\">Telefon:<\/abbr>\u00a0<a href=\"tel:0040368401104\">004-0368-401104<\/a><br \/>\n<abbr title=\"Fax\">Fax:<\/abbr>\u00a0004-0368-00 1033<br \/>\n<abbr title=\"Email\">Email:<\/abbr>\u00a0<a href=\"mailto:reservations@conaculambient.ro\">reservations@conaculambient.ro<\/a><\/p>\n<p>[\/vc_column_text][vc_gmaps link=&#8220;#E-8_JTNDaWZyYW1lJTIwc3JjJTNEJTIyaHR0cHMlM0ElMkYlMkZ3d3cuZ29vZ2xlLmNvbSUyRm1hcHMlMkZlbWJlZCUzRnBiJTNEJTIxMW0xNCUyMTFtOCUyMTFtMyUyMTFkNjYxOS43ODE1NTM2MjMyMDMlMjEyZDI1LjQ3NjMyNzElMjEzZDQ1LjYyMzk4NTYlMjEzbTIlMjExaTEwMjQlMjEyaTc2OCUyMTRmMTMuMSUyMTNtMyUyMTFtMiUyMTFzMHg0MGIzNDU0NGVmYzU2ODFkJTI1M0EweGE2MWRmYjVhYTY5YjcxYWMlMjEyc0NvbmFjdWwlMjUyMEFtYmllbnQlMjE1ZTElMjEzbTIlMjExc2VuJTIxMnNybyUyMTR2MTc3MzMxOTUzNzQxNSUyMTVtMiUyMTFzZW4lMjEyc3JvJTIyJTIwd2lkdGglM0QlMjI2MDAlMjIlMjBoZWlnaHQlM0QlMjI0NTAlMjIlMjBzdHlsZSUzRCUyMmJvcmRlciUzQTAlM0IlMjIlMjBhbGxvd2Z1bGxzY3JlZW4lM0QlMjIlMjIlMjBsb2FkaW5nJTNEJTIybGF6eSUyMiUyMHJlZmVycmVycG9saWN5JTNEJTIybm8tcmVmZXJyZXItd2hlbi1kb3duZ3JhZGUlMjIlM0UlM0MlMkZpZnJhbWUlM0U=&#8220; size=&#8220;500&#8243;][\/vc_column][\/vc_row]<\/p>","protected":false},"excerpt":{"rendered":"<p>[vc_row][vc_column width=&#8220;7\/12&#8243;][vc_column_text]Wenn Sie eine Buchung machen m\u00f6chten, machen Sie es direkt auf unserer Website und Sie erhalten den besten Preis [&hellip;]<\/p>\n","protected":false},"author":1,"featured_media":0,"parent":0,"menu_order":6,"comment_status":"closed","ping_status":"closed","template":"page-templates\/contact-2.php","meta":{"footnotes":""},"yst_prominent_words":[],"class_list":["post-3707","page","type-page","status-publish","hentry"],"yoast_head":"<!-- This site is optimized with the Yoast SEO Premium plugin v14.0.2 - https:\/\/yoast.com\/wordpress\/plugins\/seo\/ -->\n<title>Kontakt - Ambient Conacul<\/title>\n<meta name=\"robots\" content=\"index, follow\" \/>\n<meta name=\"googlebot\" content=\"index, follow, max-snippet:-1, max-image-preview:large, max-video-preview:-1\" \/>\n<meta name=\"bingbot\" content=\"index, follow, max-snippet:-1, max-image-preview:large, max-video-preview:-1\" \/>\n<link rel=\"canonical\" href=\"https:\/\/www.conaculambient.ro\/contact\/\" \/>\n<meta property=\"og:locale\" content=\"de_DE\" \/>\n<meta property=\"og:type\" content=\"article\" \/>\n<meta property=\"og:title\" content=\"[:ro]Contact[:en]Contact[:es]Contacto[:de]Kontakt[:] - Ambient Conacul\" \/>\n<meta property=\"og:description\" content=\"[vc_row][vc_column width=&#8220;7\/12&#8243;][vc_column_text]Wenn Sie eine Buchung machen m\u00f6chten, machen Sie es direkt auf unserer Website und Sie erhalten den besten Preis [&hellip;]\" \/>\n<meta property=\"og:url\" content=\"https:\/\/www.conaculambient.ro\/contact\/\" \/>\n<meta property=\"og:site_name\" content=\"Ambient Conacul\" \/>\n<meta property=\"article:modified_time\" content=\"2026-03-12T13:00:34+00:00\" \/>\n<meta property=\"og:image\" content=\"https:\/\/www.conaculambient.ro\/wp-content\/uploads\/2024\/10\/Classification-certificate-conacul-150x150.jpg\" \/>\n<meta name=\"twitter:card\" content=\"summary_large_image\" \/>\n<script type=\"application\/ld+json\" class=\"yoast-schema-graph\">{\"@context\":\"https:\/\/schema.org\",\"@graph\":[{\"@type\":\"WebSite\",\"@id\":\"https:\/\/www.conaculambient.ro\/de\/#website\",\"url\":\"https:\/\/www.conaculambient.ro\/de\/\",\"name\":\"Ambient Conacul\",\"description\":\"Holen Sie sich den besten Preis f\\u00fcr Ambient Eigenschaften\",\"potentialAction\":[{\"@type\":\"SearchAction\",\"target\":\"https:\/\/www.conaculambient.ro\/de\/?s={search_term_string}\",\"query-input\":\"required name=search_term_string\"}],\"inLanguage\":\"de\"},{\"@type\":\"ImageObject\",\"@id\":\"https:\/\/www.conaculambient.ro\/contact\/#primaryimage\",\"inLanguage\":\"de\",\"url\":\"https:\/\/www.conaculambient.ro\/wp-content\/uploads\/2024\/10\/Classification-certificate-conacul-150x150.jpg\"},{\"@type\":\"WebPage\",\"@id\":\"https:\/\/www.conaculambient.ro\/contact\/#webpage\",\"url\":\"https:\/\/www.conaculambient.ro\/contact\/\",\"name\":\"[:ro]Contact[:en]Contact[:es]Contacto[:de]Kontakt[:] - Ambient Conacul\",\"isPartOf\":{\"@id\":\"https:\/\/www.conaculambient.ro\/de\/#website\"},\"primaryImageOfPage\":{\"@id\":\"https:\/\/www.conaculambient.ro\/contact\/#primaryimage\"},\"datePublished\":\"2016-09-14T18:59:34+00:00\",\"dateModified\":\"2026-03-12T13:00:34+00:00\",\"inLanguage\":\"de\",\"potentialAction\":[{\"@type\":\"ReadAction\",\"target\":[\"https:\/\/www.conaculambient.ro\/contact\/\"]}]}]}<\/script>\n<!-- \/ Yoast SEO Premium plugin. -->","_links":{"self":[{"href":"https:\/\/www.conaculambient.ro\/de\/wp-json\/wp\/v2\/pages\/3707","targetHints":{"allow":["GET"]}}],"collection":[{"href":"https:\/\/www.conaculambient.ro\/de\/wp-json\/wp\/v2\/pages"}],"about":[{"href":"https:\/\/www.conaculambient.ro\/de\/wp-json\/wp\/v2\/types\/page"}],"author":[{"embeddable":true,"href":"https:\/\/www.conaculambient.ro\/de\/wp-json\/wp\/v2\/users\/1"}],"replies":[{"embeddable":true,"href":"https:\/\/www.conaculambient.ro\/de\/wp-json\/wp\/v2\/comments?post=3707"}],"version-history":[{"count":41,"href":"https:\/\/www.conaculambient.ro\/de\/wp-json\/wp\/v2\/pages\/3707\/revisions"}],"predecessor-version":[{"id":7416,"href":"https:\/\/www.conaculambient.ro\/de\/wp-json\/wp\/v2\/pages\/3707\/revisions\/7416"}],"wp:attachment":[{"href":"https:\/\/www.conaculambient.ro\/de\/wp-json\/wp\/v2\/media?parent=3707"}],"wp:term":[{"taxonomy":"yst_prominent_words","embeddable":true,"href":"https:\/\/www.conaculambient.ro\/de\/wp-json\/wp\/v2\/yst_prominent_words?post=3707"}],"curies":[{"name":"wp","href":"https:\/\/api.w.org\/{rel}","templated":true}]}}