{"id":4078,"date":"2016-09-21T16:37:37","date_gmt":"2016-09-21T14:37:37","guid":{"rendered":"http:\/\/ambientconacul.hotelsperformance.com\/?page_id=4078"},"modified":"2021-06-13T23:32:52","modified_gmt":"2021-06-13T20:32:52","slug":"ocio-tiempo-libre","status":"publish","type":"page","link":"https:\/\/www.conaculambient.ro\/de\/services\/ocio-tiempo-libre\/","title":{"rendered":"Freizeit"},"content":{"rendered":"<p>[vc_row full_width=&#8220;stretch_row&#8220; position=&#8220;right center&#8220; css=&#8220;.vc_custom_1488892952819{background-image: url(https:\/\/www.conaculambient.ro\/wp-content\/uploads\/2016\/09\/ConaculAirBaloon.png?id=4833) !important;background-position: 0 0 !important;background-repeat: no-repeat !important;}&#8220; el_class=&#8220;background-none-mobile&#8220;][vc_column width=&#8220;1\/2&#8243;][vc_column_text]<\/p>\n<h2 style=\"text-align: center;\"><span style=\"color: #cf0e17;\">DANN, ABER ZU DIESER ZEIT JETZT<\/span><\/h2>\n<p style=\"text-align: center;\">Obwohl die wundersch\u00f6nen Korridore, die von Orangenbr\u00e4nden bewacht wurden, von alten Echos klingen, hier &#8230; immer noch bei jedem Schritt f\u00fchlen &#8230; dass die Vergangenheit der Gegenwart die Freundschaft gegeben hat und das beste Team macht!<\/p>\n<p style=\"text-align: center;\">Der Beweis ist die Ecken f\u00fcr Kinder, Sport: Minifu\u00dfball, Basketball, Handball, Volleyball, Badminton, Tischtennis<\/p>\n<p>[\/vc_column_text][\/vc_column][\/vc_row][vc_row css=&#8220;.vc_custom_1488853394138{margin-top: -50px !important;margin-bottom: -400px !important;}&#8220;][vc_column width=&#8220;2\/3&#8243; offset=&#8220;vc_col-sm-offset-2&#8243;]<ul class=\"list-services  text-uppercase\"><li><h3><a href=\"#salonjocuri\">Spielzimmer<small>LEGENDARY SPIEL<\/small><\/a><\/h3><\/li><li><h3><a href=\"#campodedeporte\">Sportplatz<small>IN FORM IN NATUR<\/small><\/a><\/h3><\/li><li><h3><a href=\"#locdejoaca\">SPIELPLATZ<small>EINE \u00dcBERRASCHUNG F\u00dcR DEN KLEINEN<\/small><\/a><\/h3><\/li><li><h3><a href=\"#actividades\">WAS IST ZU TUN?<small>ENTDECKEN SIE CRISTIAN, BRASOV UND UMGEBUNG<\/small><\/a><\/h3><\/li><\/ul>[\/vc_column][\/vc_row][vc_row][vc_column][vc_raw_html]JTNDYSUyMG5hbWUlM0QlMjJzYWxvbmpvY3VyaSUyMiUzRSUzQyUyRmElM0U=[\/vc_raw_html][\/vc_column][\/vc_row][vc_row full_width=&#8220;stretch_row&#8220; parallax=&#8220;content-moving&#8220; css=&#8220;.vc_custom_1571314542001{margin-bottom: -60px !important;background-image: url(https:\/\/www.conaculambient.ro\/wp-content\/uploads\/2019\/10\/salon-de-jocuri-conacul-ambient.jpg?id=5950) !important;background-position: center;background-repeat: no-repeat !important;background-size: cover !important;}&#8220; el_class=&#8220;content-padding-mobile-none&#8220; el_id=&#8220;salonjocuri&#8220; min_height=&#8220;700px&#8220;][vc_column width=&#8220;1\/2&#8243; el_class=&#8220;white-box content-padding-xs&#8220;][vc_column_text]<\/p>\n<h1><small><span style=\"color: #cf0e17;\">SPIELZIMMER<\/span><\/small><\/h1>\n<p>Sie k\u00f6nnen in der wunderbaren Welt des Spiels Billard oder Tischtennis spielen (altes legend\u00e4res Spiel, das im letzten Viertel des neunzehnten Jahrhunderts als eine Art Minitennis geboren wurde).<\/p>\n<p>Hier in dieser verspielten Ecke haben Sie die M\u00f6glichkeit, sich von den warmen Holzfarben umgeben zu lassen, die Sie \u00fcberraschen werden.[\/vc_column_text][\/vc_column][vc_column width=&#8220;1\/2&#8243;][\/vc_column][\/vc_row][vc_row][vc_column][vc_raw_html]JTNDYSUyMG5hbWUlM0QlMjJjYW1wb2RlZGVwb3J0ZSUyMiUzRSUzQyUyRmElM0U=[\/vc_raw_html][\/vc_column][\/vc_row][vc_row full_width=&#8220;stretch_row&#8220; parallax=&#8220;content-moving&#8220; min_height=&#8220;700px&#8220; css=&#8220;.vc_custom_1571313187825{margin-top: -350px !important;margin-bottom: -100px !important;background-image: url(https:\/\/www.conaculambient.ro\/wp-content\/uploads\/2019\/10\/teren-sport-conacul-ambient.jpg?id=5957) !important;}&#8220;][vc_column width=&#8220;1\/2&#8243;][\/vc_column][vc_column width=&#8220;1\/2&#8243; el_class=&#8220;white-box content-padding-xs&#8220;][vc_column_text]<\/p>\n<h1><small><span style=\"color: #cf0e17;\">SPORTPLATZ<\/span><\/small><\/h1>\n<p>F\u00fcr unsere G\u00e4ste, um den Kontakt mit der Natur zu genie\u00dfen, haben wir ein multifunktionales Sportfeld geschaffen, um ihnen zu helfen, in Form zu bleiben, indem wir verschiedene Sportarten \u00fcben: Minifu\u00dfball, Basketball, Handball, Volleyball, Badminton&#8230;<\/p>\n<p>Zus\u00e4tzliche Geb\u00fchren k\u00f6nnen f\u00fcr den Zugang zum Sportplatz gelten, in der Nacht hat es eine zus\u00e4tzliche Kosten von 50 ron \/ Stunde.[\/vc_column_text][\/vc_column][\/vc_row][vc_row][vc_column][vc_raw_html]JTNDYSUyMG5hbWUlM0QlMjJsb2NkZWpvYWNhJTIyJTNFJTNDJTJGYSUzRQ==[\/vc_raw_html][\/vc_column][\/vc_row][vc_row full_width=&#8220;stretch_row&#8220; parallax=&#8220;content-moving&#8220; parallax_image=&#8220;5214&#8243; css=&#8220;.vc_custom_1571313209301{margin-top: -60px !important;margin-bottom: -100px !important;background-image: url(https:\/\/www.conaculambient.ro\/wp-content\/uploads\/2019\/10\/loc-de-joaca-conacul-ambient-02.jpg?id=5961) !important;background-position: center;background-repeat: no-repeat !important;background-size: cover !important;}&#8220; el_class=&#8220;content-padding-mobile-none&#8220; min_height=&#8220;700px&#8220;][vc_column width=&#8220;1\/2&#8243; el_class=&#8220;white-box content-padding-xs&#8220;][vc_column_text]<\/p>\n<h1><small><span style=\"color: #cf0e17;\">SPIELPLATZ<\/span><\/small><\/h1>\n<p>Wir haben mit Vorliebe eine besondere \u00dcberraschung vorbereitet, auch f\u00fcr die kleineren, die Kinderzone, wo sie verschiedene Spiele im Freien genie\u00dfen k\u00f6nnen.[\/vc_column_text][\/vc_column][vc_column width=&#8220;1\/2&#8243;][\/vc_column][\/vc_row][vc_row][vc_column][vc_raw_html]JTNDYSUyMG5hbWUlM0QlMjJhY3RpdmlkYWRlcyUyMiUzRSUzQyUyRmElM0U=[\/vc_raw_html][\/vc_column][\/vc_row][vc_row full_width=&#8220;stretch_row&#8220; parallax=&#8220;content-moving&#8220; css=&#8220;.vc_custom_1571313265337{margin-top: -60px !important;background-image: url(https:\/\/www.conaculambient.ro\/wp-content\/uploads\/2016\/09\/branocio.jpg?id=4476) !important;background-position: center;background-repeat: no-repeat !important;background-size: cover !important;}&#8220; el_class=&#8220;content-padding-mobile-none&#8220; min_height=&#8220;700px&#8220;][vc_column width=&#8220;1\/2&#8243;][\/vc_column][vc_column width=&#8220;1\/2&#8243; el_class=&#8220;white-box content-padding-xs&#8220;][vc_column_text]<\/p>\n<h1><small><span style=\"color: #cf0e17;\">WAS IST ZU TUN?<\/span><\/small><\/h1>\n<p>Wir freuen uns, Sie auf Fototouren und Kurztrips zu den wichtigsten touristischen Attraktionen in der N\u00e4he zu bringen: die Festung R\u00e2\u015fnov, die Burg Bran (Dracula), die befestigten Kirchen von Prejmer, das Skigebiet Poiana Bra\u015fov, die schwarze Kirche, die Altstadt Und Scheii Brasovului, etc.<\/p>\n<p>Aktivit\u00e4ten Besichtigungen und Spa\u00df sind an Ihren Fingerspitzen wie: Reiten, die B\u00e4ren Reservierung in Zarnesti, Bison Reservierung in Vama Buzaului, Nationalpark Piatra Craiului, Touren und Trekking in Bucegi, 4X4 Abenteuer, Weinprobe mit autorisierten Sommelier Verkostung, Mountainbike Buchung und Ausrichtung durch Trail Bike von der gepflasterten Stra\u00dfe, verschiedene Teambuilding-Spiele: Schie\u00dfen Bogenschie\u00dfen, Gewehr Schie\u00dfen, Paragliding, Flying Fox, Schatzsuche Aktivit\u00e4ten, Hei\u00dfluftballonfahren, Abseilen, Hubschrauber Flug, Klettern, Tourismus Orientierung, Flugzeug Flug, etc.<\/p>\n<p>Sport &amp; Aktivit\u00e4ten: Ski in Postavarul, Eisbahn in Cristian, Brasov oder Poiana Brasov, Trekking in Bucegi, Verbindung mit der Natur, Canyon 7 Treppen ein Wunder der Natur, Brasov Zoo &#8211; komplett renoviert vor kurzem und mit Trail Bike, Park Aventura &#8211; 3 Stunden Spa\u00df F\u00fcr die gro\u00dfen und kleinen, Aquatic Paradise &#8211; die gr\u00f6\u00dfte Wasser-Komplex in Siebenb\u00fcrgen, Coresi Shopping Resort oder AFI Mall &#8211; Shopping und Unterhaltung.[\/vc_column_text][\/vc_column][\/vc_row][vc_row css=&#8220;.vc_custom_1470397530640{margin-bottom: -200px !important;}&#8220;][vc_column][vc_raw_html]JTNDc2NyaXB0JTIwdHlwZSUzRCUyMnRleHQlMkZqYXZhc2NyaXB0JTIyJTIwc3JjJTNEJTIyaHR0cHMlM0ElMkYlMkZvcGVuLnVwcGVyYm9va2luZy5jb20lMkZjb25hY3VsYW1iaWVudCUyRkJvb2tpbmcuanMlM0Zsb2NhbGUlM0RkZSUyMiUzRSUzQyUyRnNjcmlwdCUzRQ==[\/vc_raw_html][\/vc_column][\/vc_row]<\/p>","protected":false},"excerpt":{"rendered":"<p>[vc_row full_width=&#8220;stretch_row&#8220; position=&#8220;right center&#8220; css=&#8220;.vc_custom_1488892952819{background-image: url(https:\/\/www.conaculambient.ro\/wp-content\/uploads\/2016\/09\/ConaculAirBaloon.png?id=4833) !important;background-position: 0 0 !important;background-repeat: no-repeat !important;}&#8220; el_class=&#8220;background-none-mobile&#8220;][vc_column width=&#8220;1\/2&#8243;][vc_column_text] DANN, ABER ZU DIESER ZEIT JETZT [&hellip;]<\/p>\n","protected":false},"author":1,"featured_media":0,"parent":3687,"menu_order":1,"comment_status":"closed","ping_status":"closed","template":"","meta":{"footnotes":""},"yst_prominent_words":[],"class_list":["post-4078","page","type-page","status-publish","hentry"],"yoast_head":"<!-- This site is optimized with the Yoast SEO Premium plugin v14.0.2 - https:\/\/yoast.com\/wordpress\/plugins\/seo\/ -->\n<title>Freizeit - Ambient Conacul<\/title>\n<meta name=\"robots\" content=\"index, follow\" \/>\n<meta name=\"googlebot\" content=\"index, follow, max-snippet:-1, max-image-preview:large, max-video-preview:-1\" \/>\n<meta name=\"bingbot\" content=\"index, follow, max-snippet:-1, max-image-preview:large, max-video-preview:-1\" \/>\n<link rel=\"canonical\" href=\"https:\/\/www.conaculambient.ro\/services\/ocio-tiempo-libre\/\" \/>\n<meta property=\"og:locale\" content=\"de_DE\" \/>\n<meta property=\"og:type\" content=\"article\" \/>\n<meta property=\"og:title\" content=\"[:ro]Leisure &amp; Timp Liber[:en]Leisure &amp; Free Time[:es]Ocio &amp; Tiempo libre[:de]Freizeit[:] - Ambient Conacul\" \/>\n<meta property=\"og:description\" content=\"[vc_row full_width=&#8220;stretch_row&#8220; position=&#8220;right center&#8220; css=&#8220;.vc_custom_1488892952819{background-image: url(https:\/\/www.conaculambient.ro\/wp-content\/uploads\/2016\/09\/ConaculAirBaloon.png?id=4833) !important;background-position: 0 0 !important;background-repeat: no-repeat !important;}&#8220; el_class=&#8220;background-none-mobile&#8220;][vc_column width=&#8220;1\/2&#8243;][vc_column_text] DANN, ABER ZU DIESER ZEIT JETZT [&hellip;]\" \/>\n<meta property=\"og:url\" content=\"https:\/\/www.conaculambient.ro\/services\/ocio-tiempo-libre\/\" \/>\n<meta property=\"og:site_name\" content=\"Ambient Conacul\" \/>\n<meta property=\"article:modified_time\" content=\"2021-06-13T20:32:52+00:00\" \/>\n<meta name=\"twitter:card\" content=\"summary_large_image\" \/>\n<script type=\"application\/ld+json\" class=\"yoast-schema-graph\">{\"@context\":\"https:\/\/schema.org\",\"@graph\":[{\"@type\":\"WebSite\",\"@id\":\"https:\/\/www.conaculambient.ro\/de\/#website\",\"url\":\"https:\/\/www.conaculambient.ro\/de\/\",\"name\":\"Ambient Conacul\",\"description\":\"Holen Sie sich den besten Preis f\\u00fcr Ambient Eigenschaften\",\"potentialAction\":[{\"@type\":\"SearchAction\",\"target\":\"https:\/\/www.conaculambient.ro\/de\/?s={search_term_string}\",\"query-input\":\"required name=search_term_string\"}],\"inLanguage\":\"de\"},{\"@type\":\"WebPage\",\"@id\":\"https:\/\/www.conaculambient.ro\/services\/ocio-tiempo-libre\/#webpage\",\"url\":\"https:\/\/www.conaculambient.ro\/services\/ocio-tiempo-libre\/\",\"name\":\"[:ro]Leisure & Timp Liber[:en]Leisure & Free Time[:es]Ocio & Tiempo libre[:de]Freizeit[:] - Ambient Conacul\",\"isPartOf\":{\"@id\":\"https:\/\/www.conaculambient.ro\/de\/#website\"},\"datePublished\":\"2016-09-21T14:37:37+00:00\",\"dateModified\":\"2021-06-13T20:32:52+00:00\",\"inLanguage\":\"de\",\"potentialAction\":[{\"@type\":\"ReadAction\",\"target\":[\"https:\/\/www.conaculambient.ro\/services\/ocio-tiempo-libre\/\"]}]}]}<\/script>\n<!-- \/ Yoast SEO Premium plugin. -->","_links":{"self":[{"href":"https:\/\/www.conaculambient.ro\/de\/wp-json\/wp\/v2\/pages\/4078","targetHints":{"allow":["GET"]}}],"collection":[{"href":"https:\/\/www.conaculambient.ro\/de\/wp-json\/wp\/v2\/pages"}],"about":[{"href":"https:\/\/www.conaculambient.ro\/de\/wp-json\/wp\/v2\/types\/page"}],"author":[{"embeddable":true,"href":"https:\/\/www.conaculambient.ro\/de\/wp-json\/wp\/v2\/users\/1"}],"replies":[{"embeddable":true,"href":"https:\/\/www.conaculambient.ro\/de\/wp-json\/wp\/v2\/comments?post=4078"}],"version-history":[{"count":53,"href":"https:\/\/www.conaculambient.ro\/de\/wp-json\/wp\/v2\/pages\/4078\/revisions"}],"predecessor-version":[{"id":6428,"href":"https:\/\/www.conaculambient.ro\/de\/wp-json\/wp\/v2\/pages\/4078\/revisions\/6428"}],"up":[{"embeddable":true,"href":"https:\/\/www.conaculambient.ro\/de\/wp-json\/wp\/v2\/pages\/3687"}],"wp:attachment":[{"href":"https:\/\/www.conaculambient.ro\/de\/wp-json\/wp\/v2\/media?parent=4078"}],"wp:term":[{"taxonomy":"yst_prominent_words","embeddable":true,"href":"https:\/\/www.conaculambient.ro\/de\/wp-json\/wp\/v2\/yst_prominent_words?post=4078"}],"curies":[{"name":"wp","href":"https:\/\/api.w.org\/{rel}","templated":true}]}}