{"id":4240,"date":"2016-09-26T01:08:13","date_gmt":"2016-09-25T23:08:13","guid":{"rendered":"http:\/\/ambientconacul.hotelsperformance.com\/?page_id=4240"},"modified":"2022-05-26T21:51:48","modified_gmt":"2022-05-26T18:51:48","slug":"wellness-2","status":"publish","type":"page","link":"https:\/\/www.conaculambient.ro\/de\/services\/wellness-2\/","title":{"rendered":"Wellness"},"content":{"rendered":"<p>[vc_row full_width=&#8220;stretch_row&#8220; position=&#8220;right center&#8220; css=&#8220;.vc_custom_1474932835623{background-image: url(https:\/\/www.conaculambient.ro\/wp-content\/uploads\/2016\/09\/pequearriba2.jpg?id=4371) !important;background-position: 0 0 !important;background-repeat: no-repeat !important;}&#8220; el_class=&#8220;background-none-mobile&#8220;][vc_column width=&#8220;1\/2&#8243;][vc_column_text]<\/p>\n<h2 style=\"text-align: center;\"><span style=\"color: #cf0e17;\">WELFARE UND HARMONIE<br \/>\nDANN, ABER ZU DIESER ZEIT JETZT<\/span><\/h2>\n<p style=\"text-align: center;\">Obwohl die wundersch\u00f6nen Korridore, die von Orangenbr\u00e4nden bewacht wurden, von alten Echos klingen, hier &#8230; immer noch bei jedem Schritt f\u00fchlen &#8230; dass die Vergangenheit der Gegenwart die Freundschaft gegeben hat und das beste Team macht!<\/p>\n<p style=\"text-align: center;\">Der beheizte Pool mit Sauna, Jacuzzi und Massagen ist der Beweis f\u00fcr den gro\u00dfen Kontrast, der durch diesen Raum erzeugt wird, wo man mit den f\u00fcnf Sinnen genie\u00dfen kann.<\/p>\n<p>[\/vc_column_text][\/vc_column][\/vc_row][vc_row full_width=&#8220;stretch_row&#8220; position=&#8220;right top&#8220; css=&#8220;.vc_custom_1571224081185{margin-top: -30px !important;margin-bottom: -200px !important;background-image: url(https:\/\/www.conaculambient.ro\/wp-content\/uploads\/2016\/09\/pietricele.jpg?id=4364) !important;background-position: center !important;background-repeat: no-repeat !important;background-size: cover !important;}&#8220;][vc_column width=&#8220;1\/3&#8243; offset=&#8220;vc_col-sm-offset-2&#8243;]<ul class=\"list-services  text-uppercase\"><li><h3><a href=\"#sauna\">Sauna<small>UNGEFERTIGTE RENOVIERUNG<\/small><\/a><\/h3><\/li><li><h3><a href=\"#innenpool\">INNENPOOL<small>IN FORM ZU EINER ZEIT<\/small><\/a><\/h3><\/li><li><h3><a href=\"#aussenpool\">AUSSEN POOL<small>SPASS IM FREIEN &amp; GESUNDHEIT<\/small><\/a><\/h3><\/li><li><h3><a href=\"#masajes\">MASSAGEN<small>PURE RELAX<\/small><\/a><\/h3><\/li><\/ul>[\/vc_column][vc_column width=&#8220;1\/3&#8243;][\/vc_column][\/vc_row][vc_row][vc_column][vc_raw_html]JTNDYSUyMG5hbWUlM0QlMjJzYXVuYSUyMiUzRSUzQyUyRmElM0U=[\/vc_raw_html][\/vc_column][\/vc_row][vc_row full_width=&#8220;stretch_row&#8220; parallax=&#8220;content-moving&#8220; css=&#8220;.vc_custom_1474926626722{margin-bottom: -160px !important;background-image: url(https:\/\/www.conaculambient.ro\/wp-content\/uploads\/2016\/09\/sauna2.jpg?id=4191) !important;background-position: center;background-repeat: no-repeat !important;background-size: cover !important;}&#8220; el_class=&#8220;content-padding-mobile-none&#8220;][vc_column width=&#8220;1\/2&#8243; el_class=&#8220;white-box content-padding-xs&#8220;][vc_column_text]<\/p>\n<h1><small><span style=\"color: #cf0e17;\">SAUNA<\/span><\/small><\/h1>\n<p>Wir laden Sie ein, sich in unserer Sauna zu entspannen, um diese wunderbare Erfahrung mit uns zu vervollst\u00e4ndigen.<\/p>\n<p>Die Sauna eignet sich ideal f\u00fcr die Erneuerung der Epidermis, da sie das Sch\u00e4len der Corneum-Schicht beg\u00fcnstigt und Ihnen hilft, mehr Weichheit in der Haut zu bekommen und Muskelelastizit\u00e4t zu gewinnen.[\/vc_column_text][\/vc_column][vc_column width=&#8220;1\/2&#8243;][vc_images_carousel images=&#8220;4486&#8243; onclick=&#8220;link_no&#8220; hide_pagination_control=&#8220;yes&#8220; hide_prev_next_buttons=&#8220;yes&#8220;][\/vc_column][\/vc_row][vc_row][vc_column][vc_raw_html]JTNDYSUyMG5hbWUlM0QlMjJpbm5lbnBvb2wlMjIlM0UlM0MlMkZhJTNF[\/vc_raw_html][\/vc_column][\/vc_row][vc_row full_width=&#8220;stretch_row&#8220; parallax=&#8220;content-moving&#8220; css=&#8220;.vc_custom_1571224019255{margin-bottom: -160px !important;background-image: url(https:\/\/www.conaculambient.ro\/wp-content\/uploads\/2016\/09\/piscina2.jpg?id=4359) !important;background-position: 0 0;background-repeat: no-repeat !important;}&#8220; min_height=&#8220;700px&#8220; el_id=&#8220;innenpool&#8220;][vc_column width=&#8220;1\/2&#8243;][vc_images_carousel onclick=&#8220;link_no&#8220; hide_pagination_control=&#8220;yes&#8220; hide_prev_next_buttons=&#8220;yes&#8220;][\/vc_column][vc_column width=&#8220;1\/2&#8243; el_class=&#8220;white-box content-padding-xs&#8220;][vc_column_text]<\/p>\n<h1><small><span style=\"color: #cf0e17;\">INNENPOOL<\/span><\/small><\/h1>\n<p>Um zu jeder Zeit fit zu bleiben, bieten wir unseren G\u00e4sten unseren beheizten Pool.<\/p>\n<p>Schwimmen ist die ultimative Ausdauert\u00e4tigkeit mit gro\u00dfem Nutzen f\u00fcr Herz-Kreislauf- und Atemwege, die Ihnen helfen wird, alle Muskeln zu st\u00e4rken und eine ausgezeichnete Haltung zu haben, w\u00e4hrend Sie ein Gef\u00fchl des Gl\u00fccks erzeugen.[\/vc_column_text][\/vc_column][\/vc_row][vc_row][vc_column][vc_raw_html]JTNDYSUyMG5hbWUlM0QlMjJhdXNzZW5wb29sJTIyJTNFJTNDJTJGYSUzRQ==[\/vc_raw_html][\/vc_column][\/vc_row][vc_row full_width=&#8220;stretch_row&#8220; parallax=&#8220;content-moving&#8220; css=&#8220;.vc_custom_1571223910285{margin-bottom: -160px !important;background-image: url(https:\/\/www.conaculambient.ro\/wp-content\/uploads\/2019\/10\/piscina-exterioara-conacul-ambient-2.jpg?id=5918) !important;}&#8220; min_height=&#8220;700px&#8220; el_id=&#8220;aussenpool&#8220;][vc_column width=&#8220;1\/2&#8243; el_class=&#8220;white-box content-padding-xs&#8220;][vc_column_text]<\/p>\n<h1><small><span style=\"color: #cf0e17;\">AUSSEN POOL<\/span><\/small><\/h1>\n<p>An sonnigen Tagen laden wir Sie ein, sich im Au\u00dfenpool zu erfrischen, wo Sie auch Ihr Lieblingsgetr\u00e4nk servieren k\u00f6nnen.<\/p>\n<p>Schwimmen ist die ultimative Ausdauert\u00e4tigkeit mit gro\u00dfem Nutzen f\u00fcr Herz-Kreislauf- und Atemwege, die Ihnen helfen wird, alle Muskeln zu st\u00e4rken und eine ausgezeichnete Haltung zu haben, w\u00e4hrend Sie ein Gef\u00fchl des Gl\u00fccks erzeugen.<\/p>\n<p>[\/vc_column_text][\/vc_column][vc_column width=&#8220;1\/2&#8243;][vc_images_carousel onclick=&#8220;link_no&#8220; hide_pagination_control=&#8220;yes&#8220; hide_prev_next_buttons=&#8220;yes&#8220;][\/vc_column][\/vc_row][vc_row][vc_column][vc_raw_html]JTNDYSUyMG5hbWUlM0QlMjJtYXNhamVzJTIyJTNFJTNDJTJGYSUzRQ==[\/vc_raw_html][\/vc_column][\/vc_row][vc_row full_width=&#8220;stretch_row&#8220; parallax=&#8220;content-moving&#8220; css=&#8220;.vc_custom_1571224254328{margin-bottom: -100px !important;background-image: url(https:\/\/www.conaculambient.ro\/wp-content\/uploads\/2016\/09\/msgrande2.jpg?id=4295) !important;background-position: center;background-repeat: no-repeat !important;background-size: cover !important;}&#8220; el_class=&#8220;content-padding-mobile-none&#8220;][vc_column width=&#8220;1\/2&#8243; el_class=&#8220;white-box content-padding-xs&#8220;][vc_column_text]<\/p>\n<h1><small><span style=\"color: #cf0e17;\">MASSAGEN<\/span><\/small><\/h1>\n<p>Weich, auf der Grundlage des Erweckens der Sinne, bietet einen Moment der Entspannung f\u00fcr unsere G\u00e4ste, die aufgeben und sich mit ihrem K\u00f6rper vers\u00f6hnen wollen.<\/p>\n<p>Der Masseur benutzt ein \u00d6l f\u00fcr ein besseres Schieben auf der Haut, in der Regel ein duftendes und entspannendes \u00e4therisches \u00d6l. Die Technik besteht darin, den ganzen K\u00f6rper mit gleitenden Bewegungen auf der Oberfl\u00e4che der Haut zu formen. Es ist eine langsame und breite Massage, in der die Hand der Handmacher eine harmonische Choreographie am K\u00f6rper f\u00fchren.<\/p>\n<p>Die Massage dauert 50 Minuten und kostet \u20ac 40 pro Person, wird im Zimmer durchgef\u00fchrt und der Masseur kommt mit einem tragbaren Massagetisch[\/vc_column_text][\/vc_column][vc_column width=&#8220;1\/2&#8243;][vc_images_carousel images=&#8220;4953&#8243; onclick=&#8220;link_no&#8220; hide_pagination_control=&#8220;yes&#8220; hide_prev_next_buttons=&#8220;yes&#8220;][\/vc_column][\/vc_row][vc_row css=&#8220;.vc_custom_1571224101389{margin-bottom: -250px !important;}&#8220;][vc_column][vc_raw_html]JTNDc2NyaXB0JTIwdHlwZSUzRCUyMnRleHQlMkZqYXZhc2NyaXB0JTIyJTIwc3JjJTNEJTIyaHR0cHMlM0ElMkYlMkZvcGVuLnVwcGVyYm9va2luZy5jb20lMkZjb25hY3VsYW1iaWVudCUyRkJvb2tpbmcuanMlM0Zsb2NhbGUlM0RkZSUyMiUzRSUzQyUyRnNjcmlwdCUzRQ==[\/vc_raw_html][\/vc_column][\/vc_row][vc_row][\/vc_row]<\/p>","protected":false},"excerpt":{"rendered":"<p>[vc_row full_width=&#8220;stretch_row&#8220; position=&#8220;right center&#8220; css=&#8220;.vc_custom_1474932835623{background-image: url(https:\/\/www.conaculambient.ro\/wp-content\/uploads\/2016\/09\/pequearriba2.jpg?id=4371) !important;background-position: 0 0 !important;background-repeat: no-repeat !important;}&#8220; el_class=&#8220;background-none-mobile&#8220;][vc_column width=&#8220;1\/2&#8243;][vc_column_text] WELFARE UND HARMONIE DANN, ABER ZU [&hellip;]<\/p>\n","protected":false},"author":1,"featured_media":0,"parent":3687,"menu_order":3,"comment_status":"closed","ping_status":"closed","template":"","meta":{"footnotes":""},"yst_prominent_words":[],"class_list":["post-4240","page","type-page","status-publish","hentry"],"yoast_head":"<!-- This site is optimized with the Yoast SEO Premium plugin v14.0.2 - https:\/\/yoast.com\/wordpress\/plugins\/seo\/ -->\n<title>Wellness - Ambient Conacul<\/title>\n<meta name=\"robots\" content=\"index, follow\" \/>\n<meta name=\"googlebot\" content=\"index, follow, max-snippet:-1, max-image-preview:large, max-video-preview:-1\" \/>\n<meta name=\"bingbot\" content=\"index, follow, max-snippet:-1, max-image-preview:large, max-video-preview:-1\" \/>\n<link rel=\"canonical\" href=\"https:\/\/www.conaculambient.ro\/services\/wellness-2\/\" \/>\n<meta property=\"og:locale\" content=\"de_DE\" \/>\n<meta property=\"og:type\" content=\"article\" \/>\n<meta property=\"og:title\" content=\"Wellness - Ambient Conacul\" \/>\n<meta property=\"og:description\" content=\"[vc_row full_width=&#8220;stretch_row&#8220; position=&#8220;right center&#8220; css=&#8220;.vc_custom_1474932835623{background-image: url(https:\/\/www.conaculambient.ro\/wp-content\/uploads\/2016\/09\/pequearriba2.jpg?id=4371) !important;background-position: 0 0 !important;background-repeat: no-repeat !important;}&#8220; el_class=&#8220;background-none-mobile&#8220;][vc_column width=&#8220;1\/2&#8243;][vc_column_text] WELFARE UND HARMONIE DANN, ABER ZU [&hellip;]\" \/>\n<meta property=\"og:url\" content=\"https:\/\/www.conaculambient.ro\/services\/wellness-2\/\" \/>\n<meta property=\"og:site_name\" content=\"Ambient Conacul\" \/>\n<meta property=\"article:modified_time\" content=\"2022-05-26T18:51:48+00:00\" \/>\n<meta name=\"twitter:card\" content=\"summary_large_image\" \/>\n<script type=\"application\/ld+json\" class=\"yoast-schema-graph\">{\"@context\":\"https:\/\/schema.org\",\"@graph\":[{\"@type\":\"WebSite\",\"@id\":\"https:\/\/www.conaculambient.ro\/de\/#website\",\"url\":\"https:\/\/www.conaculambient.ro\/de\/\",\"name\":\"Ambient Conacul\",\"description\":\"Holen Sie sich den besten Preis f\\u00fcr Ambient Eigenschaften\",\"potentialAction\":[{\"@type\":\"SearchAction\",\"target\":\"https:\/\/www.conaculambient.ro\/de\/?s={search_term_string}\",\"query-input\":\"required name=search_term_string\"}],\"inLanguage\":\"de\"},{\"@type\":\"WebPage\",\"@id\":\"https:\/\/www.conaculambient.ro\/services\/wellness-2\/#webpage\",\"url\":\"https:\/\/www.conaculambient.ro\/services\/wellness-2\/\",\"name\":\"Wellness - Ambient Conacul\",\"isPartOf\":{\"@id\":\"https:\/\/www.conaculambient.ro\/de\/#website\"},\"datePublished\":\"2016-09-25T23:08:13+00:00\",\"dateModified\":\"2022-05-26T18:51:48+00:00\",\"inLanguage\":\"de\",\"potentialAction\":[{\"@type\":\"ReadAction\",\"target\":[\"https:\/\/www.conaculambient.ro\/services\/wellness-2\/\"]}]}]}<\/script>\n<!-- \/ Yoast SEO Premium plugin. -->","_links":{"self":[{"href":"https:\/\/www.conaculambient.ro\/de\/wp-json\/wp\/v2\/pages\/4240","targetHints":{"allow":["GET"]}}],"collection":[{"href":"https:\/\/www.conaculambient.ro\/de\/wp-json\/wp\/v2\/pages"}],"about":[{"href":"https:\/\/www.conaculambient.ro\/de\/wp-json\/wp\/v2\/types\/page"}],"author":[{"embeddable":true,"href":"https:\/\/www.conaculambient.ro\/de\/wp-json\/wp\/v2\/users\/1"}],"replies":[{"embeddable":true,"href":"https:\/\/www.conaculambient.ro\/de\/wp-json\/wp\/v2\/comments?post=4240"}],"version-history":[{"count":28,"href":"https:\/\/www.conaculambient.ro\/de\/wp-json\/wp\/v2\/pages\/4240\/revisions"}],"predecessor-version":[{"id":6643,"href":"https:\/\/www.conaculambient.ro\/de\/wp-json\/wp\/v2\/pages\/4240\/revisions\/6643"}],"up":[{"embeddable":true,"href":"https:\/\/www.conaculambient.ro\/de\/wp-json\/wp\/v2\/pages\/3687"}],"wp:attachment":[{"href":"https:\/\/www.conaculambient.ro\/de\/wp-json\/wp\/v2\/media?parent=4240"}],"wp:term":[{"taxonomy":"yst_prominent_words","embeddable":true,"href":"https:\/\/www.conaculambient.ro\/de\/wp-json\/wp\/v2\/yst_prominent_words?post=4240"}],"curies":[{"name":"wp","href":"https:\/\/api.w.org\/{rel}","templated":true}]}}