{"id":5024,"date":"2017-05-28T13:10:28","date_gmt":"2017-05-28T10:10:28","guid":{"rendered":"https:\/\/www.conaculambient.ro\/?page_id=5024"},"modified":"2023-11-14T20:06:21","modified_gmt":"2023-11-14T18:06:21","slug":"evenimente-in-brasov","status":"publish","type":"page","link":"https:\/\/www.conaculambient.ro\/de\/services\/evenimente-in-brasov\/","title":{"rendered":"Veranstaltungen in Brasov"},"content":{"rendered":"<p><\/p>\n<p>[vc_row css=&#8220;.vc_custom_1495630713246{margin-bottom: -150px !important;}&#8220;][vc_column width=&#8220;1\/3&#8243;][vc_column_text]<\/p>\n<h1 style=\"text-align: center;\"><small>Wir laden Sie ein, Veranstaltungen, Shows, Ausstellungen, Theaterst\u00fccke der Ausnahme zu entdecken!<\/small><\/h1>\n<p style=\"text-align: center;\">Neben einer der sch\u00f6nsten St\u00e4dte Rum\u00e4niens und einer Touristenattraktion f\u00fcr Menschen aus aller Welt ist Brasov ein besonderer Ort, der bei allen Gelegenheiten seine \u00d6ffentlichkeit \u00fcberrascht. Am Fu\u00dfe von Tampa gelegen, ist die Stadt selbst ein Anblick, um sowohl von den historischen und zeitgen\u00f6ssischen Juwelen, die hier untergebracht sind, wie durch die Aktivit\u00e4ten seiner Leute, die ihren Schatz zu sch\u00e4tzen wissen, zu sehen.<\/p>\n<p>[\/vc_column_text][\/vc_column][vc_column width=&#8220;1\/6&#8243; css=&#8220;.vc_custom_1659255254188{margin-top: 40px !important;}&#8220;][vc_single_image image=&#8220;5026&#8243; alignment=&#8220;center&#8220; onclick=&#8220;custom_link&#8220; img_link_target=&#8220;_blank&#8220; link=&#8220;http:\/\/cultura.brasovcity.ro\/ro\/calendar-evenimente\/&#8220; css=&#8220;.vc_custom_1495965984749{margin-top: -20px !important;}&#8220;][vc_column_text css=&#8220;.vc_custom_1495822244187{margin-top: -25px !important;}&#8220;]<\/p>\n<p style=\"text-align: center;\"><strong><span style=\"color: #7c0021;\">VERANSTALTUNGEN IN BRASOV<br \/>\n<\/span><\/strong><\/p>\n<p>[\/vc_column_text][\/vc_column][vc_column width=&#8220;1\/6&#8243;][vc_raw_html css=&#8220;.vc_custom_1659255242445{margin-top: 50px !important;}&#8220;]JTNDY2VudGVyJTNFJTNDZGl2JTIwc3R5bGUlM0QlMjJkaXNwbGF5JTNBYmxvY2slM0IlMjBwb3NpdGlvbiUzQXN0YXRpYyUzQiUyMHdpZHRoJTNBJTIwODVweCUzQiUyMG1hcmdpbiUzQTNweCUyMDAlM0IlMjBwYWRkaW5nJTNBJTIwMCUzQiUyMGZvbnQtZmFtaWx5JTNBJTIwQXJpYWwlMkMlMjBUYWhvbWElMkMlMjBWZXJkYW5hJTJDJTIwSGVsdmV0aWNhJTJDJTIwc2Fucy1zZXJpZiUzQiUyMGZvbnQtc2l6ZSUzQSUyMDEycHglM0IlMjB0ZXh0LWFsaWduJTNBJTIwY2VudGVyJTNCJTIyJTNFJTNDYSUyMGhyZWYlM0QlMjJodHRwJTNBJTJGJTJGd3d3LnR1cmlzdGluZm8ucm8lMkZjcmlzdGlhbiUyRmNhemFyZS1jcmlzdGlhbiUyRmNvbmFjdWxfYW1iaWVudC1jOTU0NDMuaHRtbCUyMiUyMHRpdGxlJTNEJTIyQ29uYWN1bCUyMEFtYmllbnQlMjBDcmlzdGlhbiUyMHBlJTIwVFVSSVNUJTIwSU5GTyUyMC5ybyUyMiUyMHRhcmdldCUzRCUyMl9zZWxmJTIyJTIwJTNFJTNDaW1nJTIwc3JjJTNEJTIyaHR0cHMlM0ElMkYlMkZ3d3cudHVyaXN0aW5mby5ybyUyRmltYWdlcyUyRmxvZ28ucG5nJTIyJTIwd2lkdGglM0QlMjI4NSUyMiUyMGhlaWdodCUzRCUyMjg1JTIyJTIwYWx0JTNEJTIyQ2F6YXJlJTIwaG90ZWx1cmklMjBwZW5zaXVuaSUyMHBlJTIwdHVyaXN0aW5mby5ybyUyMiUyMHN0eWxlJTNEJTIyYm9yZGVyJTNBMCUzQiUyMiUyMCUyMCUyRiUzRSUzQyUyRmElM0UlM0NkaXYlMjBzdHlsZSUzRCUyMm1hcmdpbiUzQTNweCUyMDAlMjAwJTIwMCUzQiUyMiUzRSUzQ2ElMjBocmVmJTNEJTIyaHR0cHMlM0ElMkYlMkZ3d3cudHVyaXN0aW5mby5ybyUyRmNyaXN0aWFuJTJGY2F6YXJlLWhvdGVsdXJpLXZpbGUtcGVuc2l1bmktY3Jpc3RpYW4uaHRtbCUyMiUyMHRpdGxlJTNEJTIyYWx0ZSUyMGhvdGVsdXJpJTIwc2klMjBwZW5zaXVuaSUyMGluJTIwQ3Jpc3RpYW4lMjIlMjB0YXJnZXQlM0QlMjJfc2VsZiUyMiUyMHN0eWxlJTNEJTIyY29sb3IlM0ElMjAlMjMzQjU5OTglM0IlMjBjdXJzb3IlM0Fwb2ludGVyJTNCJTIyJTNFQ2F6YXJlJTIwQ3Jpc3RpYW4lM0MlMkZhJTNFJTNDJTJGZGl2JTNFJTNDJTJGZGl2JTNFJTNDJTJGY2VudGVyJTNF[\/vc_raw_html][\/vc_column][vc_column width=&#8220;1\/6&#8243;][vc_empty_space height=&#8220;52px&#8220;][vc_raw_html]JTNDZGl2JTNFJTNDYSUyMGhyZWYlM0QlMjJodHRwcyUzQSUyRiUyRnd3dy5sYXBlbnNpdW5pLnJvJTJGYmFkZ2UlMkZsYW5kaW5nJTNGaWQlM0Q1NzYwNjY3JTIyJTIwdGl0bGUlM0QlMjJMYVBlbnNpdW5pLnJvJTIwQ2F6YXJlJTIwRGVwcmVzaXVuZWElMjBCcmFzb3Z1bHVpJTJDJTIwUmFzbm92JTNBJTIwQ29uYWN1bCUyMEFtYmllbnQlMkMlMjBDcmlzdGlhbiUyMiUyMCUzRSUzQ2ltZyUyMHNyYyUzRCUyMmh0dHBzJTNBJTJGJTJGd3d3LmxhcGVuc2l1bmkucm8lMkZiYWRnZSUyRmRpc3BhdGNoZXIlM0ZpZCUzRDU3NjA2NjclMjZ0eXBlJTNEMSUyMiUyMHRpdGxlJTNEJTIyQ2F6YXJlJTIwRGVwcmVzaXVuZWElMjBCcmFzb3Z1bHVpJTJDJTIwUmFzbm92JTNBJTIwQ29uYWN1bCUyMEFtYmllbnQlMkMlMjBDcmlzdGlhbiUyMiUyMGFsdCUzRCUyMkNhemFyZSUyMERlcHJlc2l1bmVhJTIwQnJhc292dWx1aSUyQyUyMFJhc25vdiUzQSUyMENvbmFjdWwlMjBBbWJpZW50JTJDJTIwQ3Jpc3RpYW4lMjIlMjAlMkYlM0UlM0MlMkZhJTNFJTNDZGl2JTNFJTNDYSUyMGhyZWYlMjAlM0QlMjJodHRwcyUzQSUyRiUyRnd3dy5sYXBlbnNpdW5pLnJvJTJGcGVuc2l1bmktcmFzbm92JTIyJTIwdGl0bGUlM0QlMjJQZW5zaXVuaSUyMFJhc25vdiUyMiUyMHN0eWxlJTNEJTIyJTIwZm9udC1zaXplJTNBJTIwMTJweCUzQmZvbnQtd2VpZ2h0JTNBJTIwYm9sZCUzQiUyMGZvbnQtZmFtaWx5JTNBYXJpYWwlMjAlMjIlMjAlM0VQZW5zaXVuaSUyMFJhc25vdiUyMCUzQyUyRmElM0UlM0MlMkZkaXYlM0UlM0NkaXYlM0UlM0NhJTIwaHJlZiUyMCUzRCUyMmh0dHBzJTNBJTJGJTJGd3d3LmxhcGVuc2l1bmkucm8lMkZwZW5zaXVuaS10cmFuc2lsdmFuaWElMkZicmFzb3YlMkZjcmlzdGlhbiUyMiUyMHRpdGxlJTNEJTIyUGVuc2l1bmklMjBDcmlzdGlhbiUyMiUyMHN0eWxlJTNEJTIyJTIwZm9udC1zaXplJTNBJTIwMTJweCUzQmZvbnQtd2VpZ2h0JTNBJTIwYm9sZCUzQiUyMGZvbnQtZmFtaWx5JTNBYXJpYWwlMjAlMjIlMjAlM0VQZW5zaXVuaSUyMENyaXN0aWFuJTIwJTNDJTJGYSUzRSUzQyUyRmRpdiUzRSUzQyUyRmRpdiUzRQ==[\/vc_raw_html][\/vc_column][vc_column width=&#8220;1\/6&#8243; css=&#8220;.vc_custom_1659255259522{margin-top: 70px !important;}&#8220;][vc_single_image image=&#8220;5078&#8243; alignment=&#8220;center&#8220; onclick=&#8220;custom_link&#8220; img_link_target=&#8220;_blank&#8220; link=&#8220;https:\/\/ghidlocal.com\/brasov\/evenimente\/&#8220; css=&#8220;.vc_custom_1497888315621{margin-top: -20px !important;}&#8220;][vc_column_text css=&#8220;.vc_custom_1497888329838{margin-top: -25px !important;}&#8220;]<\/p>\n<p style=\"text-align: center;\"><strong><span style=\"color: #7c0021;\">LOCALE INFORMATIONEN BRASOV<br \/>\n<\/span><\/strong><\/p>\n<p>[\/vc_column_text][\/vc_column][\/vc_row][vc_row css=&#8220;.vc_custom_1495872183795{margin-top: 50px !important;margin-bottom: -110px !important;}&#8220;][vc_column][vc_separator color=&#8220;custom&#8220; style=&#8220;shadow&#8220; border_width=&#8220;2&#8243; accent_color=&#8220;#7c0021&#8243;][\/vc_column][\/vc_row][vc_row][vc_column width=&#8220;1\/2&#8243; css=&#8220;.vc_custom_1495627794964{margin-top: 40px !important;}&#8220;][vc_single_image image=&#8220;5027&#8243; img_size=&#8220;medium&#8220; alignment=&#8220;center&#8220;][vc_wp_text]<\/p>\n<p><center><a href=\"https:\/\/b2b.tripigo.ro\/b2c\/AMB\/other\/search\"><img loading=\"lazy\" decoding=\"async\" class=\"wp-image-8523 aligncenter\" src=\"https:\/\/www.hotelambient.ro\/wp-content\/uploads\/2022\/08\/ezgif.com-gif-maker.gif\" alt=\"\" width=\"229\" height=\"229\" \/><\/a><\/center>[\/vc_wp_text][\/vc_column][vc_column width=&#8220;1\/2&#8243;][vc_images_carousel images=&#8220;5029,5028,5030,5031&#8243; onclick=&#8220;link_no&#8220; hide_pagination_control=&#8220;yes&#8220;][\/vc_column][\/vc_row][vc_row css=&#8220;.vc_custom_1470399456447{margin-top: -200px !important;}&#8220;][vc_column][vc_raw_html]JTNDc2NyaXB0JTIwdHlwZSUzRCUyMnRleHQlMkZqYXZhc2NyaXB0JTIyJTIwc3JjJTNEJTIyaHR0cHMlM0ElMkYlMkZvcGVuLnVwcGVyYm9va2luZy5jb20lMkZjb25hY3VsYW1iaWVudCUyRkJvb2tpbmcuanMlM0Zsb2NhbGUlM0RkZSUyMiUzRSUzQyUyRnNjcmlwdCUzRQ==[\/vc_raw_html][\/vc_column][\/vc_row]<\/p>\n<p><\/p>","protected":false},"excerpt":{"rendered":"<p>[vc_row css=&#8220;.vc_custom_1495630713246{margin-bottom: -150px !important;}&#8220;][vc_column width=&#8220;1\/3&#8243;][vc_column_text] Wir laden Sie ein, Veranstaltungen, Shows, Ausstellungen, Theaterst\u00fccke der Ausnahme zu entdecken! Neben einer der [&hellip;]<\/p>\n","protected":false},"author":2,"featured_media":0,"parent":3687,"menu_order":7,"comment_status":"closed","ping_status":"closed","template":"","meta":{"footnotes":""},"yst_prominent_words":[],"class_list":["post-5024","page","type-page","status-publish","hentry"],"yoast_head":"<!-- This site is optimized with the Yoast SEO Premium plugin v14.0.2 - https:\/\/yoast.com\/wordpress\/plugins\/seo\/ -->\n<title>Veranstaltungen in Brasov - Ambient Conacul<\/title>\n<meta name=\"robots\" content=\"index, follow\" \/>\n<meta name=\"googlebot\" content=\"index, follow, max-snippet:-1, max-image-preview:large, max-video-preview:-1\" \/>\n<meta name=\"bingbot\" content=\"index, follow, max-snippet:-1, max-image-preview:large, max-video-preview:-1\" \/>\n<link rel=\"canonical\" href=\"https:\/\/www.conaculambient.ro\/services\/evenimente-in-brasov\/\" \/>\n<meta property=\"og:locale\" content=\"de_DE\" \/>\n<meta property=\"og:type\" content=\"article\" \/>\n<meta property=\"og:title\" content=\"[:ro]Evenimente \u00een Bra\u015fov[:en]Events in Brasov[:es]Eventos en Brasov[:de]Veranstaltungen in Brasov[:] - Ambient Conacul\" \/>\n<meta property=\"og:description\" content=\"[vc_row css=&#8220;.vc_custom_1495630713246{margin-bottom: -150px !important;}&#8220;][vc_column width=&#8220;1\/3&#8243;][vc_column_text] Wir laden Sie ein, Veranstaltungen, Shows, Ausstellungen, Theaterst\u00fccke der Ausnahme zu entdecken! Neben einer der [&hellip;]\" \/>\n<meta property=\"og:url\" content=\"https:\/\/www.conaculambient.ro\/services\/evenimente-in-brasov\/\" \/>\n<meta property=\"og:site_name\" content=\"Ambient Conacul\" \/>\n<meta property=\"article:modified_time\" content=\"2023-11-14T18:06:21+00:00\" \/>\n<meta property=\"og:image\" content=\"https:\/\/www.hotelambient.ro\/wp-content\/uploads\/2022\/08\/ezgif.com-gif-maker.gif\" \/>\n<meta name=\"twitter:card\" content=\"summary_large_image\" \/>\n<script type=\"application\/ld+json\" class=\"yoast-schema-graph\">{\"@context\":\"https:\/\/schema.org\",\"@graph\":[{\"@type\":\"WebSite\",\"@id\":\"https:\/\/www.conaculambient.ro\/de\/#website\",\"url\":\"https:\/\/www.conaculambient.ro\/de\/\",\"name\":\"Ambient Conacul\",\"description\":\"Holen Sie sich den besten Preis f\\u00fcr Ambient Eigenschaften\",\"potentialAction\":[{\"@type\":\"SearchAction\",\"target\":\"https:\/\/www.conaculambient.ro\/de\/?s={search_term_string}\",\"query-input\":\"required name=search_term_string\"}],\"inLanguage\":\"de\"},{\"@type\":\"ImageObject\",\"@id\":\"https:\/\/www.conaculambient.ro\/services\/evenimente-in-brasov\/#primaryimage\",\"inLanguage\":\"de\",\"url\":\"https:\/\/www.hotelambient.ro\/wp-content\/uploads\/2022\/08\/ezgif.com-gif-maker.gif\"},{\"@type\":\"WebPage\",\"@id\":\"https:\/\/www.conaculambient.ro\/services\/evenimente-in-brasov\/#webpage\",\"url\":\"https:\/\/www.conaculambient.ro\/services\/evenimente-in-brasov\/\",\"name\":\"[:ro]Evenimente \\u00een Bra\\u015fov[:en]Events in Brasov[:es]Eventos en Brasov[:de]Veranstaltungen in Brasov[:] - Ambient Conacul\",\"isPartOf\":{\"@id\":\"https:\/\/www.conaculambient.ro\/de\/#website\"},\"primaryImageOfPage\":{\"@id\":\"https:\/\/www.conaculambient.ro\/services\/evenimente-in-brasov\/#primaryimage\"},\"datePublished\":\"2017-05-28T10:10:28+00:00\",\"dateModified\":\"2023-11-14T18:06:21+00:00\",\"inLanguage\":\"de\",\"potentialAction\":[{\"@type\":\"ReadAction\",\"target\":[\"https:\/\/www.conaculambient.ro\/services\/evenimente-in-brasov\/\"]}]}]}<\/script>\n<!-- \/ Yoast SEO Premium plugin. -->","_links":{"self":[{"href":"https:\/\/www.conaculambient.ro\/de\/wp-json\/wp\/v2\/pages\/5024","targetHints":{"allow":["GET"]}}],"collection":[{"href":"https:\/\/www.conaculambient.ro\/de\/wp-json\/wp\/v2\/pages"}],"about":[{"href":"https:\/\/www.conaculambient.ro\/de\/wp-json\/wp\/v2\/types\/page"}],"author":[{"embeddable":true,"href":"https:\/\/www.conaculambient.ro\/de\/wp-json\/wp\/v2\/users\/2"}],"replies":[{"embeddable":true,"href":"https:\/\/www.conaculambient.ro\/de\/wp-json\/wp\/v2\/comments?post=5024"}],"version-history":[{"count":29,"href":"https:\/\/www.conaculambient.ro\/de\/wp-json\/wp\/v2\/pages\/5024\/revisions"}],"predecessor-version":[{"id":7004,"href":"https:\/\/www.conaculambient.ro\/de\/wp-json\/wp\/v2\/pages\/5024\/revisions\/7004"}],"up":[{"embeddable":true,"href":"https:\/\/www.conaculambient.ro\/de\/wp-json\/wp\/v2\/pages\/3687"}],"wp:attachment":[{"href":"https:\/\/www.conaculambient.ro\/de\/wp-json\/wp\/v2\/media?parent=5024"}],"wp:term":[{"taxonomy":"yst_prominent_words","embeddable":true,"href":"https:\/\/www.conaculambient.ro\/de\/wp-json\/wp\/v2\/yst_prominent_words?post=5024"}],"curies":[{"name":"wp","href":"https:\/\/api.w.org\/{rel}","templated":true}]}}