{"id":6436,"date":"2021-06-14T14:51:40","date_gmt":"2021-06-14T11:51:40","guid":{"rendered":"https:\/\/www.conaculambient.ro\/?page_id=6436"},"modified":"2023-04-29T17:56:00","modified_gmt":"2023-04-29T14:56:00","slug":"gradina-pentru-evenimente","status":"publish","type":"page","link":"https:\/\/www.conaculambient.ro\/en\/services\/gradina-pentru-evenimente\/","title":{"rendered":"Ambient Garden"},"content":{"rendered":"<p>[vc_row full_width=&#8221;stretch_row&#8221; position=&#8221;right center&#8221; css=&#8221;.vc_custom_1571307331978{margin-top: 50px !important;background-position: 0 0 !important;background-repeat: no-repeat !important;}&#8221; el_class=&#8221;background-none-mobile&#8221;][vc_column css=&#8221;.vc_custom_1474196911770{margin-top: -30px !important;}&#8221;][vc_column_text css=&#8221;.vc_custom_1623673082327{padding-right: 80px !important;padding-left: 80px !important;}&#8221;]<\/p>\n<h2 style=\"text-align: center;\"><small><\/small><span style=\"color: #cf0e17;\">Ambient Garden<\/span><\/h2>\n<p class=\"lead\" style=\"text-align: center;\">A slice of paradise for the little ones and not only &#8230; With a capacity of 50 seats at the table, a domain spread over a large area of 1200 square meters equipped with: bar, outdoor gazebo, grill menu, open bar, playground for children, zip line, children&#8217;s sports field, Roman sanctuary for ambient fire or traditional cauldron, Ambient Garden is the perfect partner for a successful event, whether it is a small wedding, your child&#8217;s day, baptism or any event that brings that unmistakable smile of satisfaction for exceptional rendered services .<\/p>\n<p>[\/vc_column_text][vc_column_text][\/vc_column_text][\/vc_column][\/vc_row][vc_row css=&#8221;.vc_custom_1571307417456{margin-top: -140px !important;}&#8221;][vc_column][vc_images_carousel images=&#8221;6439,6440,6442,6443,6444,6445,6446,6447,6449&#8243;][\/vc_column][\/vc_row][vc_row css=&#8221;.vc_custom_1571308212153{margin-top: -140px !important;}&#8221;][vc_column width=&#8221;1\/2&#8243; css=&#8221;.vc_custom_1475049917654{margin-top: 60px !important;}&#8221;][vc_images_carousel images=&#8221;6448&#8243; hide_pagination_control=&#8221;yes&#8221; hide_prev_next_buttons=&#8221;yes&#8221;][\/vc_column][vc_column width=&#8221;1\/2&#8243; css=&#8221;.vc_custom_1476097772180{margin-top: 60px !important;}&#8221;][vc_empty_space height=&#8221;72px&#8221;][vc_column_text]<\/p>\n<h2 class=\"text-center\" style=\"text-align: center;\"><span style=\"color: #cf0e17;\"><i class='fa fa-fw fa-book fa-lg center-block ' style=''><\/i><\/span>Reservations<\/h2>\n<p style=\"text-align: center;\">We are happy to assist you and let you enjoy our cuisine.<\/p>\n<p style=\"text-align: center;\"><a href=\"tel:0040732200900\">004 0732 200900<\/a><br \/>\n<a href=\"mailto:reservations@conaculambient.ro\">reservations@conaculambient.ro<\/a><\/p>\n<p>[\/vc_column_text][\/vc_column][\/vc_row][vc_row css=&#8221;.vc_custom_1470397530640{margin-bottom: -200px !important;}&#8221;][vc_column][vc_raw_html]JTNDc2NyaXB0JTIwdHlwZSUzRCUyMnRleHQlMkZqYXZhc2NyaXB0JTIyJTIwc3JjJTNEJTIyaHR0cHMlM0ElMkYlMkZvcGVuLnVwcGVyYm9va2luZy5jb20lMkZjb25hY3VsYW1iaWVudCUyRkJvb2tpbmcuanMlM0Zsb2NhbGUlM0RlbiUyMiUzRSUzQyUyRnNjcmlwdCUzRQ==[\/vc_raw_html][\/vc_column][\/vc_row]<\/p>","protected":false},"excerpt":{"rendered":"<p>[vc_row full_width=&#8221;stretch_row&#8221; position=&#8221;right center&#8221; css=&#8221;.vc_custom_1571307331978{margin-top: 50px !important;background-position: 0 0 !important;background-repeat: no-repeat !important;}&#8221; el_class=&#8221;background-none-mobile&#8221;][vc_column css=&#8221;.vc_custom_1474196911770{margin-top: -30px !important;}&#8221;][vc_column_text css=&#8221;.vc_custom_1623673082327{padding-right: 80px !important;padding-left: 80px [&hellip;]<\/p>\n","protected":false},"author":3,"featured_media":0,"parent":3687,"menu_order":4,"comment_status":"closed","ping_status":"closed","template":"","meta":{"footnotes":""},"yst_prominent_words":[],"class_list":["post-6436","page","type-page","status-publish","hentry"],"yoast_head":"<!-- This site is optimized with the Yoast SEO Premium plugin v14.0.2 - https:\/\/yoast.com\/wordpress\/plugins\/seo\/ -->\n<title>Ambient Garden - Ambient Conacul<\/title>\n<meta name=\"robots\" content=\"index, follow\" \/>\n<meta name=\"googlebot\" content=\"index, follow, max-snippet:-1, max-image-preview:large, max-video-preview:-1\" \/>\n<meta name=\"bingbot\" content=\"index, follow, max-snippet:-1, max-image-preview:large, max-video-preview:-1\" \/>\n<link rel=\"canonical\" href=\"https:\/\/www.conaculambient.ro\/services\/gradina-pentru-evenimente\/\" \/>\n<meta property=\"og:locale\" content=\"en_US\" \/>\n<meta property=\"og:type\" content=\"article\" \/>\n<meta property=\"og:title\" content=\"[:ro]Gr\u0103din\u0103 pentru evenimente[:en]Ambient Garden[:es]Jard\u00edn de eventos[:de]Veranstaltungsgarten[:] - Ambient Conacul\" \/>\n<meta property=\"og:description\" content=\"[vc_row full_width=&#8221;stretch_row&#8221; position=&#8221;right center&#8221; css=&#8221;.vc_custom_1571307331978{margin-top: 50px !important;background-position: 0 0 !important;background-repeat: no-repeat !important;}&#8221; el_class=&#8221;background-none-mobile&#8221;][vc_column css=&#8221;.vc_custom_1474196911770{margin-top: -30px !important;}&#8221;][vc_column_text css=&#8221;.vc_custom_1623673082327{padding-right: 80px !important;padding-left: 80px [&hellip;]\" \/>\n<meta property=\"og:url\" content=\"https:\/\/www.conaculambient.ro\/services\/gradina-pentru-evenimente\/\" \/>\n<meta property=\"og:site_name\" content=\"Ambient Conacul\" \/>\n<meta property=\"article:modified_time\" content=\"2023-04-29T14:56:00+00:00\" \/>\n<meta name=\"twitter:card\" content=\"summary_large_image\" \/>\n<script type=\"application\/ld+json\" class=\"yoast-schema-graph\">{\"@context\":\"https:\/\/schema.org\",\"@graph\":[{\"@type\":\"WebSite\",\"@id\":\"https:\/\/www.conaculambient.ro\/en\/#website\",\"url\":\"https:\/\/www.conaculambient.ro\/en\/\",\"name\":\"Ambient Conacul\",\"description\":\"Get the best price for Ambient properties\",\"potentialAction\":[{\"@type\":\"SearchAction\",\"target\":\"https:\/\/www.conaculambient.ro\/en\/?s={search_term_string}\",\"query-input\":\"required name=search_term_string\"}],\"inLanguage\":\"en-US\"},{\"@type\":\"WebPage\",\"@id\":\"https:\/\/www.conaculambient.ro\/services\/gradina-pentru-evenimente\/#webpage\",\"url\":\"https:\/\/www.conaculambient.ro\/services\/gradina-pentru-evenimente\/\",\"name\":\"[:ro]Gr\\u0103din\\u0103 pentru evenimente[:en]Ambient Garden[:es]Jard\\u00edn de eventos[:de]Veranstaltungsgarten[:] - Ambient Conacul\",\"isPartOf\":{\"@id\":\"https:\/\/www.conaculambient.ro\/en\/#website\"},\"datePublished\":\"2021-06-14T11:51:40+00:00\",\"dateModified\":\"2023-04-29T14:56:00+00:00\",\"inLanguage\":\"en-US\",\"potentialAction\":[{\"@type\":\"ReadAction\",\"target\":[\"https:\/\/www.conaculambient.ro\/services\/gradina-pentru-evenimente\/\"]}]}]}<\/script>\n<!-- \/ Yoast SEO Premium plugin. -->","_links":{"self":[{"href":"https:\/\/www.conaculambient.ro\/en\/wp-json\/wp\/v2\/pages\/6436","targetHints":{"allow":["GET"]}}],"collection":[{"href":"https:\/\/www.conaculambient.ro\/en\/wp-json\/wp\/v2\/pages"}],"about":[{"href":"https:\/\/www.conaculambient.ro\/en\/wp-json\/wp\/v2\/types\/page"}],"author":[{"embeddable":true,"href":"https:\/\/www.conaculambient.ro\/en\/wp-json\/wp\/v2\/users\/3"}],"replies":[{"embeddable":true,"href":"https:\/\/www.conaculambient.ro\/en\/wp-json\/wp\/v2\/comments?post=6436"}],"version-history":[{"count":12,"href":"https:\/\/www.conaculambient.ro\/en\/wp-json\/wp\/v2\/pages\/6436\/revisions"}],"predecessor-version":[{"id":6870,"href":"https:\/\/www.conaculambient.ro\/en\/wp-json\/wp\/v2\/pages\/6436\/revisions\/6870"}],"up":[{"embeddable":true,"href":"https:\/\/www.conaculambient.ro\/en\/wp-json\/wp\/v2\/pages\/3687"}],"wp:attachment":[{"href":"https:\/\/www.conaculambient.ro\/en\/wp-json\/wp\/v2\/media?parent=6436"}],"wp:term":[{"taxonomy":"yst_prominent_words","embeddable":true,"href":"https:\/\/www.conaculambient.ro\/en\/wp-json\/wp\/v2\/yst_prominent_words?post=6436"}],"curies":[{"name":"wp","href":"https:\/\/api.w.org\/{rel}","templated":true}]}}