{"id":3685,"date":"2016-09-14T18:35:49","date_gmt":"2016-09-14T18:35:49","guid":{"rendered":"http:\/\/ambientconacul.hotelsperformance.com\/?page_id=3685"},"modified":"2026-03-20T15:51:53","modified_gmt":"2026-03-20T13:51:53","slug":"rooms-new","status":"publish","type":"page","link":"https:\/\/www.conaculambient.ro\/es\/rooms-new\/","title":{"rendered":"Habitaciones"},"content":{"rendered":"<p>[vc_row full_width=\u00bbstretch_row\u00bb css=\u00bb.vc_custom_1476091094318{background-position: center !important;background-repeat: no-repeat !important;background-size: cover !important;}\u00bb][vc_column width=\u00bb1\/2&#8243;][vc_column_text]<\/p>\n<h3><span style=\"color: #cf0e17;\">Ambient Mansion, una experiencia de lujo en el coraz\u00f3n de Cristian, reino de la eternidad <\/span><\/h3>\n<p class=\"lead\">No hay nada m\u00e1s relajante que un dulce rayo de sol que descansa torpemente sobre el sof\u00e1 revestido de delicadas urdimbres y bordados en blanco .. luego desciende suavemente por el suelo y sube lentamente siguiendo las l\u00edneas aterciopeladas y ordenadas de un tocador, mesitas de noche o mesitas de noche. . El tiempo realmente parece haberse detenido y, sin embargo, aqu\u00ed y ahora, en este dormitorio principesco, te sientes m\u00e1s en casa que en cualquier otro lugar.<\/p>\n<p class=\"lead\">Te invitamos a ser parte de esta comodidad en las 9 maravillosas habitaciones dobles, 5 espaciosas habitaciones ejecutivas, 7 estudios y un apartamento, \u00a1de los cuales m\u00e1s o menos orgullosos!<\/p>\n<p>[\/vc_column_text][\/vc_column][vc_column width=\u00bb1\/2&#8243;][vc_single_image image=\u00bb4385&#8243; img_size=\u00bblarge\u00bb][\/vc_column][\/vc_row][vc_row full_width=\u00bbstretch_row\u00bb parallax=\u00bbcontent-moving\u00bb parallax_image=\u00bb4167&#8243; css=\u00bb.vc_custom_1570815181998{margin-top: -60px !important;margin-bottom: 30px !important;background-image: url(https:\/\/www.conaculambient.ro\/wp-content\/uploads\/2016\/09\/apt7conacambient.jpg?id=4393) !important;background-position: center;background-repeat: no-repeat;background-size: cover !important;}\u00bb][vc_column width=\u00bb1\/2&#8243;][vc_column_text el_class=\u00bbwhite-box content-padding\u00bb]<\/p>\n<h2 id=\"cove\" class=\"text-uppercase\"><small> DESDE 100 \u20ac \/ NOCHE <\/small> APARTAMENTO <small> <\/small><\/h2>\n<p>Amaneceres de lujo en un espectacular espacio de 50m2<\/p>\n<ul class=\"yiv9772365151list-pointer\">\n<li>Cama King Size y dos sof\u00e1s (capacidad para 4 personas)<\/li>\n<li>Un dormitorio y sala de estar<\/li>\n<li>Ba\u00f1o con ducha<\/li>\n<li>Desayuno buffet incluido en el precio<\/li>\n<li>Acceso a internet inal\u00e1mbrico en el per\u00edmetro de la mansi\u00f3n, TV por cable, Aire acondicionado, Estacionamiento gratuito<\/li>\n<li>Acceso a la piscina al aire libre, piscina cubierta climatizada, jacuzzi, sauna, tenis de mesa, billar, sal\u00f3n de fiestas, glorieta al aire libre.<\/li>\n<\/ul>\n<p>&nbsp;<\/p>\n<p>[vc_btn title=\u00bbReserva al mejor precio \u00bb style=\u00bbcustom\u00bb custom_background=\u00bb#cf0e17&#8243; custom_text=\u00bb#ffffff\u00bb shape=\u00bbsquare\u00bb align=\u00bbleft\u00bb i_icon_fontawesome=\u00bbfa fa-calendar\u00bb add_icon=\u00bbtrue\u00bb link=\u00bburl:https%3A%2F%2Fv6.upperbooking.com%2Fro%2Fbooking%2Fcity%2Fwrap%2Fconaculambient%3Flocale%3Dro|||\u00bb custom_onclick=\u00bbtrue\u00bb custom_onclick_code=\u00bbBooking.Open({RoomID:24894}); return false;\u00bb][vc_btn title=\u00bb<span class=\"VIiyi\" lang=\"es\"><span class=\"JLqJ4b ChMk0b\" data-language-for-alternatives=\"es\" data-language-to-translate-into=\"ro\" data-phrase-index=\"0\">ver detalles<\/span><\/span> \u00bb style=\u00bbflat\u00bb shape=\u00bbsquare\u00bb color=\u00bbblack\u00bb align=\u00bbleft\u00bb link=\u00bburl:%2Frooms%2Fapartment%2F|||\u00bb][\/vc_column_text][\/vc_column][vc_column width=\u00bb1\/2&#8243; css=\u00bb.vc_custom_1467673281560{padding-right: -15px !important;padding-bottom: -15px !important;padding-left: -15px !important;}\u00bb][\/vc_column][\/vc_row][vc_row full_width=\u00bbstretch_row\u00bb gap=\u00bb5&#8243; parallax=\u00bbcontent-moving\u00bb css=\u00bb.vc_custom_1570797248764{margin-bottom: 30px !important;background-image: url(https:\/\/www.conaculambient.ro\/wp-content\/uploads\/2019\/10\/duplex-2.jpg?id=5890) !important;background-position: center;background-repeat: no-repeat;background-size: cover !important;}\u00bb][vc_column width=\u00bb1\/2&#8243;][\/vc_column][vc_column width=\u00bb1\/2&#8243;][vc_column_text el_class=\u00bbwhite-box content-padding\u00bb]<\/p>\n<h2 id=\"cove\" class=\"text-uppercase\"><small> DESDE 90 \u20ac \/ NOCHE <\/small> DUPLEX<br \/>\n<small> <\/small><\/h2>\n<p>Confort y relax en un magn\u00edfico espacio de 35 \/ 40m2 dividido en dos plantas<\/p>\n<ul class=\"yiv9772365151list-pointer\">\n<li>Cama King Size y sof\u00e1 (para 3 personas)<\/li>\n<li>Un dormitorio y sala de estar<\/li>\n<li>Ba\u00f1o con ba\u00f1era de hidromasaje o ducha<\/li>\n<li>Desayuno buffet incluido en el precio<\/li>\n<li>Acceso a internet inal\u00e1mbrico en el per\u00edmetro de la mansi\u00f3n, TV por cable, Aire acondicionado, Estacionamiento gratuito<\/li>\n<li>Acceso a la piscina al aire libre, piscina cubierta climatizada, jacuzzi, sauna, tenis de mesa, billar, sal\u00f3n de fiestas, glorieta al aire libre.<\/li>\n<\/ul>\n<p>[vc_btn title=\u00bbReserva al mejor precio \u00bb style=\u00bbcustom\u00bb custom_background=\u00bb#cf0e17&#8243; custom_text=\u00bb#ffffff\u00bb shape=\u00bbsquare\u00bb align=\u00bbleft\u00bb i_icon_fontawesome=\u00bbfa fa-calendar\u00bb add_icon=\u00bbtrue\u00bb link=\u00bburl:https%3A%2F%2Fv6.upperbooking.com%2Fro%2Fbooking%2Fcity%2Fwrap%2Fconaculambient%3Flocale%3Dro|||\u00bb custom_onclick=\u00bbtrue\u00bb custom_onclick_code=\u00bbBooking.Open({RoomID:24893}); return false;\u00bb][vc_btn title=\u00bb<span class=\"VIiyi\" lang=\"es\"><span class=\"JLqJ4b ChMk0b\" data-language-for-alternatives=\"es\" data-language-to-translate-into=\"ro\" data-phrase-index=\"0\">ver detalles<\/span><\/span> \u00bb style=\u00bbflat\u00bb shape=\u00bbsquare\u00bb color=\u00bbblack\u00bb align=\u00bbleft\u00bb link=\u00bburl:%2Frooms%2Fduplex%2F|||\u00bb][\/vc_column_text][\/vc_column][\/vc_row][vc_row full_width=\u00bbstretch_row\u00bb parallax=\u00bbcontent-moving\u00bb css=\u00bb.vc_custom_1570797826651{margin-bottom: 30px !important;background-image: url(https:\/\/www.conaculambient.ro\/wp-content\/uploads\/2019\/10\/camera-dubla-executive-h01.jpg?id=5892) !important;background-position: 0 0;background-repeat:-repeat !important;}\u00bb][vc_column width=\u00bb1\/2&#8243;][vc_column_text el_class=\u00bbwhite-box content-padding\u00bb]<\/p>\n<h2 id=\"cove\" class=\"text-uppercase\"><small> DESDE 80 \u20ac \/ NOCHE <\/small> EJECUTIVO DOBLE \/ DOBLE <small> <\/small><\/h2>\n<p>22 \/ 25m2 invadidos por la luz y la armon\u00eda<\/p>\n<ul class=\"yiv9772365151list-pointer\">\n<li>Camas Twin o King Size<\/li>\n<li>Ba\u00f1o con ba\u00f1era de hidromasaje o ducha<\/li>\n<li>Desayuno buffet incluido en el precio<\/li>\n<li>Acceso a internet inal\u00e1mbrico en el per\u00edmetro de la mansi\u00f3n, TV por cable, Aire acondicionado, Estacionamiento gratuito<\/li>\n<li>Acceso a la piscina al aire libre, piscina cubierta climatizada, jacuzzi, sauna, tenis de mesa, billar, sal\u00f3n de fiestas, glorieta al aire libre.<\/li>\n<\/ul>\n<p>&nbsp;<\/p>\n<p>[vc_btn title=\u00bb<span class=\"VIiyi\" lang=\"es\"><span class=\"JLqJ4b ChMk0b\" data-language-for-alternatives=\"es\" data-language-to-translate-into=\"ro\" data-phrase-index=\"0\">Reserva al mejor precio<\/span><\/span> \u00bb style=\u00bbcustom\u00bb custom_background=\u00bb#cf0e17&#8243; custom_text=\u00bb#ffffff\u00bb shape=\u00bbsquare\u00bb align=\u00bbleft\u00bb i_icon_fontawesome=\u00bbfa fa-calendar\u00bb add_icon=\u00bbtrue\u00bb link=\u00bburl:https%3A%2F%2Fv6.upperbooking.com%2Fro%2Fbooking%2Fcity%2Fwrap%2Fconaculambient%3Flocale%3Dro|||\u00bb custom_onclick=\u00bbtrue\u00bb custom_onclick_code=\u00bbBooking.Open({RoomID:24892}); return false;\u00bb][vc_btn title=\u00bb<span class=\"VIiyi\" lang=\"es\"><span class=\"JLqJ4b ChMk0b\" data-language-for-alternatives=\"es\" data-language-to-translate-into=\"ro\" data-phrase-index=\"0\">ver detalles<\/span><\/span> \u00bb style=\u00bbflat\u00bb shape=\u00bbsquare\u00bb color=\u00bbblack\u00bb align=\u00bbleft\u00bb link=\u00bburl:%2Frooms%2Fdouble-executive%2F|||\u00bb][\/vc_column_text][\/vc_column][vc_column width=\u00bb1\/2&#8243;][\/vc_column][\/vc_row][vc_row full_width=\u00bbstretch_row\u00bb parallax=\u00bbcontent-moving\u00bb css=\u00bb.vc_custom_1570798083151{margin-bottom: 30px !important;background-image: url(https:\/\/www.conaculambient.ro\/wp-content\/uploads\/2016\/09\/dstandardconacambient1.jpg?id=4412) !important;background-position: 0 0;background-repeat:-repeat !important;}\u00bb][vc_column width=\u00bb1\/2&#8243;][\/vc_column][vc_column width=\u00bb1\/2&#8243;][vc_column_text el_class=\u00bbwhite-box content-padding\u00bb]<\/p>\n<h2 id=\"cove\" class=\"text-uppercase\"><small> DESDE 70 \u20ac \/ NOCHE <\/small> DOBLE \/ TWIN STANDARD <small> <\/small><\/h2>\n<p>Un maravilloso encuentro entre pasado y presente en 19 \/ 22m2<\/p>\n<ul class=\"yiv9772365151list-pointer\">\n<li>Camas Twin o King Size<\/li>\n<li>Ba\u00f1o con ducha<\/li>\n<li>Desayuno buffet incluido en el precio<\/li>\n<li>Acceso a internet inal\u00e1mbrico en el per\u00edmetro de la mansi\u00f3n, TV por cable, Aire acondicionado, Estacionamiento gratuito<\/li>\n<li>Acceso a la piscina al aire libre, piscina cubierta climatizada, jacuzzi, sauna, tenis de mesa, billar, sal\u00f3n de fiestas, glorieta al aire libre.<\/li>\n<\/ul>\n<p>&nbsp;<\/p>\n<p>[vc_btn title=\u00bb<span class=\"VIiyi\" lang=\"es\"><span class=\"JLqJ4b ChMk0b\" data-language-for-alternatives=\"es\" data-language-to-translate-into=\"ro\" data-phrase-index=\"0\">Reserva al mejor precio<\/span><\/span> \u00bb style=\u00bbcustom\u00bb custom_background=\u00bb#cf0e17&#8243; custom_text=\u00bb#ffffff\u00bb shape=\u00bbsquare\u00bb align=\u00bbleft\u00bb i_icon_fontawesome=\u00bbfa fa-calendar\u00bb add_icon=\u00bbtrue\u00bb link=\u00bburl:https%3A%2F%2Fv6.upperbooking.com%2Fro%2Fbooking%2Fcity%2Fwrap%2Fconaculambient%3Flocale%3Dro|||\u00bb custom_onclick=\u00bbtrue\u00bb custom_onclick_code=\u00bbBooking.Open({RoomID:24891}); return false;\u00bb][vc_btn title=\u00bb<span class=\"VIiyi\" lang=\"es\"><span class=\"JLqJ4b ChMk0b\" data-language-for-alternatives=\"es\" data-language-to-translate-into=\"ro\" data-phrase-index=\"0\">ver detalles<\/span><\/span> \u00bb style=\u00bbflat\u00bb shape=\u00bbsquare\u00bb color=\u00bbblack\u00bb align=\u00bbleft\u00bb link=\u00bburl:%2Frooms%2Fdouble-standard%2F|||\u00bb][\/vc_column_text][\/vc_column][\/vc_row][vc_row full_width=\u00bbstretch_row\u00bb css=\u00bb.vc_custom_1469096018841{margin-bottom: -20px !important;padding-top: 2.8rem !important;padding-bottom: 2.8rem !important;background-color: #f0f1f2 !important;}\u00bb][vc_column][vc_raw_html]JTNDZGl2JTIwY2xhc3MlM0QlMjJ3cGJfd3JhcHBlciUyMGJvb2tpbmclMjIlM0UlM0MlMkZkaXYlM0UlM0NzY3JpcHQlMjBzcmMlM0QlMjJodHRwcyUzQSUyRiUyRndpcy51cHBlcmJvb2tpbmcuY29tJTJGY29uYWN1bGFtYmllbnQlMkZib29raW5naG9tZSUzRmxvY2FsZSUzRHJvJTIyJTIwYXN5bmMlM0UlM0MlMkZzY3JpcHQlM0U=[\/vc_raw_html][\/vc_column][\/vc_row][vc_row][vc_column]<ul class=\"list-inline isotope-filter clearfix\" id=\"isotope-filter-3\"><li><strong>Camere<\/strong><\/li><li class=\"selected\" data-filter=\"*\"><a href=\"#\">Toate<\/a><\/li><li><a href=\"#\" data-filter=\".pat-king-size\">Pat King Size<\/a><\/li><li><a href=\"#\" data-filter=\".paturi-twin\"> Paturi Twin<\/a><\/li><li><a href=\"#\" data-filter=\".4-persoane\"> 4 Persoane<\/a><\/li><li><a href=\"#\" data-filter=\".3-persoane\"> 3 Persoane<\/a><\/li><li><a href=\"#\" data-filter=\".2-persoane\"> 2 Persoane<\/a><\/li><\/ul><br><div id=\"isotope-3\" class=\"isotope\" data-isotope-options=\"{ \"layoutMode\": \"horizontal\", \"itemSelector\": \".item\" }\"><div class=\"item toate pat-king-size 4-persoane 3-persoane 2-persoane\"><a href=\"\/rooms\/apartment\/\" class=\"link-image\" ><img loading=\"lazy\" decoding=\"async\" width=\"300\" height=\"200\" src=\"https:\/\/www.conaculambient.ro\/wp-content\/uploads\/2016\/09\/apartamentconac-300x200.jpg\" class=\"attachment-medium size-medium\" alt=\"\" srcset=\"https:\/\/www.conaculambient.ro\/wp-content\/uploads\/2016\/09\/apartamentconac-300x200.jpg 300w, https:\/\/www.conaculambient.ro\/wp-content\/uploads\/2016\/09\/apartamentconac-768x512.jpg 768w, https:\/\/www.conaculambient.ro\/wp-content\/uploads\/2016\/09\/apartamentconac.jpg 800w\" sizes=\"auto, (max-width: 300px) 100vw, 300px\" \/><\/a><div class=\"item-content\"><h4><a href='\/rooms\/apartment\/' >Apartament<\/a><\/h4>R\u0103s\u0103rituri de lux<\/div><\/div><div class=\"item toate pat-king-size 3-persoane 2-persoane \"><a href=\"\/rooms\/duplex\/\" class=\"link-image\" ><img loading=\"lazy\" decoding=\"async\" width=\"300\" height=\"200\" src=\"https:\/\/www.conaculambient.ro\/wp-content\/uploads\/2019\/10\/duplex-conacul-ambient-10-300x200.jpg\" class=\"attachment-medium size-medium\" alt=\"\" srcset=\"https:\/\/www.conaculambient.ro\/wp-content\/uploads\/2019\/10\/duplex-conacul-ambient-10-300x200.jpg 300w, https:\/\/www.conaculambient.ro\/wp-content\/uploads\/2019\/10\/duplex-conacul-ambient-10-768x512.jpg 768w, https:\/\/www.conaculambient.ro\/wp-content\/uploads\/2019\/10\/duplex-conacul-ambient-10.jpg 800w\" sizes=\"auto, (max-width: 300px) 100vw, 300px\" \/><\/a><div class=\"item-content\"><h4><a href='\/rooms\/duplex\/' >Duplex<\/a><\/h4>Confort \u015fi relaxare<\/div><\/div><div class=\"item toate paturi-twin 2-persoane \"><a href=\"\/rooms\/double-executive\/\" class=\"link-image\" ><img loading=\"lazy\" decoding=\"async\" width=\"300\" height=\"200\" src=\"https:\/\/www.conaculambient.ro\/wp-content\/uploads\/2019\/10\/camera-double-executive-conacul-ambient-300x200.jpg\" class=\"attachment-medium size-medium\" alt=\"\" srcset=\"https:\/\/www.conaculambient.ro\/wp-content\/uploads\/2019\/10\/camera-double-executive-conacul-ambient-300x200.jpg 300w, https:\/\/www.conaculambient.ro\/wp-content\/uploads\/2019\/10\/camera-double-executive-conacul-ambient-768x512.jpg 768w, https:\/\/www.conaculambient.ro\/wp-content\/uploads\/2019\/10\/camera-double-executive-conacul-ambient.jpg 800w\" sizes=\"auto, (max-width: 300px) 100vw, 300px\" \/><\/a><div class=\"item-content\"><h4><a href='\/rooms\/double-executive\/' >Double Executive<\/a><\/h4>Lumin\u0103 \u015fi armonie<\/div><\/div><div class=\"item toate paturi-twin 2-persoane \"><a href=\"\/rooms\/double-standard\/\" class=\"link-image\" ><img loading=\"lazy\" decoding=\"async\" width=\"300\" height=\"200\" src=\"https:\/\/www.conaculambient.ro\/wp-content\/uploads\/2016\/09\/doublestandard-300x200.jpg\" class=\"attachment-medium size-medium\" alt=\"\" srcset=\"https:\/\/www.conaculambient.ro\/wp-content\/uploads\/2016\/09\/doublestandard-300x200.jpg 300w, https:\/\/www.conaculambient.ro\/wp-content\/uploads\/2016\/09\/doublestandard-768x512.jpg 768w, https:\/\/www.conaculambient.ro\/wp-content\/uploads\/2016\/09\/doublestandard.jpg 800w\" sizes=\"auto, (max-width: 300px) 100vw, 300px\" \/><\/a><div class=\"item-content\"><h4><a href='\/rooms\/double-standard\/' >Double Standard<\/a><\/h4>Trecutul \u015fi prezentul<\/div><\/div><\/div><script type='text\/javascript'>( function( $ ) { $( document ).ready(function() {\n\t\t\t\tvar container = $('#isotope-3')\n\t\t\t\tcontainer.imagesLoaded(function(){\n\t\t\t\t\tcontainer.isotope();\n\t\t\t\t\t$('#isotope-filter-3 a').on('click', function (e) {\n\t\t\t\t\t\te.preventDefault();\n\t\t\t\t\t\tvar filterValue = $(this).attr('data-filter');\n\t\t\t\t\t\t$('#isotope-3').isotope({ layoutMode: 'fitRows', filter: filterValue });\n\t\t\t\t\t\t$(this).parent().siblings().removeClass('selected');\n\t\t\t\t\t\t$(this).parent().addClass('selected');\n\t\t\t\t\t});\n\t\t\t\t});\n\t\t\t}); } )( jQuery );<\/script>[\/vc_column][\/vc_row]<\/p>","protected":false},"excerpt":{"rendered":"<p>[vc_row full_width=\u00bbstretch_row\u00bb css=\u00bb.vc_custom_1476091094318{background-position: center !important;background-repeat: no-repeat !important;background-size: cover !important;}\u00bb][vc_column width=\u00bb1\/2&#8243;][vc_column_text] Ambient Mansion, una experiencia de lujo en el coraz\u00f3n de [&hellip;]<\/p>\n","protected":false},"author":1,"featured_media":0,"parent":0,"menu_order":2,"comment_status":"closed","ping_status":"closed","template":"","meta":{"footnotes":""},"yst_prominent_words":[],"class_list":["post-3685","page","type-page","status-publish","hentry"],"yoast_head":"<!-- This site is optimized with the Yoast SEO Premium plugin v14.0.2 - https:\/\/yoast.com\/wordpress\/plugins\/seo\/ -->\n<title>Habitaciones - Ambient Conacul<\/title>\n<meta name=\"robots\" content=\"index, follow\" \/>\n<meta name=\"googlebot\" content=\"index, follow, max-snippet:-1, max-image-preview:large, max-video-preview:-1\" \/>\n<meta name=\"bingbot\" content=\"index, follow, max-snippet:-1, max-image-preview:large, max-video-preview:-1\" \/>\n<link rel=\"canonical\" href=\"https:\/\/www.conaculambient.ro\/rooms-new\/\" \/>\n<meta property=\"og:locale\" content=\"es_ES\" \/>\n<meta property=\"og:type\" content=\"article\" \/>\n<meta property=\"og:title\" content=\"[:ro]Camere[:en]Rooms[:es]Habitaciones[:de]Zimmer[:] - Ambient Conacul\" \/>\n<meta property=\"og:description\" content=\"[vc_row full_width=\u00bbstretch_row\u00bb css=\u00bb.vc_custom_1476091094318{background-position: center !important;background-repeat: no-repeat !important;background-size: cover !important;}\u00bb][vc_column width=\u00bb1\/2&#8243;][vc_column_text] Ambient Mansion, una experiencia de lujo en el coraz\u00f3n de [&hellip;]\" \/>\n<meta property=\"og:url\" content=\"https:\/\/www.conaculambient.ro\/rooms-new\/\" \/>\n<meta property=\"og:site_name\" content=\"Ambient Conacul\" \/>\n<meta property=\"article:modified_time\" content=\"2026-03-20T13:51:53+00:00\" \/>\n<meta name=\"twitter:card\" content=\"summary_large_image\" \/>\n<script type=\"application\/ld+json\" class=\"yoast-schema-graph\">{\"@context\":\"https:\/\/schema.org\",\"@graph\":[{\"@type\":\"WebSite\",\"@id\":\"https:\/\/www.conaculambient.ro\/es\/#website\",\"url\":\"https:\/\/www.conaculambient.ro\/es\/\",\"name\":\"Ambient Conacul\",\"description\":\"Consigue el mejor precio en el site oficial\",\"potentialAction\":[{\"@type\":\"SearchAction\",\"target\":\"https:\/\/www.conaculambient.ro\/es\/?s={search_term_string}\",\"query-input\":\"required name=search_term_string\"}],\"inLanguage\":\"es\"},{\"@type\":\"WebPage\",\"@id\":\"https:\/\/www.conaculambient.ro\/rooms-new\/#webpage\",\"url\":\"https:\/\/www.conaculambient.ro\/rooms-new\/\",\"name\":\"[:ro]Camere[:en]Rooms[:es]Habitaciones[:de]Zimmer[:] - Ambient Conacul\",\"isPartOf\":{\"@id\":\"https:\/\/www.conaculambient.ro\/es\/#website\"},\"datePublished\":\"2016-09-14T18:35:49+00:00\",\"dateModified\":\"2026-03-20T13:51:53+00:00\",\"inLanguage\":\"es\",\"potentialAction\":[{\"@type\":\"ReadAction\",\"target\":[\"https:\/\/www.conaculambient.ro\/rooms-new\/\"]}]}]}<\/script>\n<!-- \/ Yoast SEO Premium plugin. -->","_links":{"self":[{"href":"https:\/\/www.conaculambient.ro\/es\/wp-json\/wp\/v2\/pages\/3685","targetHints":{"allow":["GET"]}}],"collection":[{"href":"https:\/\/www.conaculambient.ro\/es\/wp-json\/wp\/v2\/pages"}],"about":[{"href":"https:\/\/www.conaculambient.ro\/es\/wp-json\/wp\/v2\/types\/page"}],"author":[{"embeddable":true,"href":"https:\/\/www.conaculambient.ro\/es\/wp-json\/wp\/v2\/users\/1"}],"replies":[{"embeddable":true,"href":"https:\/\/www.conaculambient.ro\/es\/wp-json\/wp\/v2\/comments?post=3685"}],"version-history":[{"count":79,"href":"https:\/\/www.conaculambient.ro\/es\/wp-json\/wp\/v2\/pages\/3685\/revisions"}],"predecessor-version":[{"id":7439,"href":"https:\/\/www.conaculambient.ro\/es\/wp-json\/wp\/v2\/pages\/3685\/revisions\/7439"}],"wp:attachment":[{"href":"https:\/\/www.conaculambient.ro\/es\/wp-json\/wp\/v2\/media?parent=3685"}],"wp:term":[{"taxonomy":"yst_prominent_words","embeddable":true,"href":"https:\/\/www.conaculambient.ro\/es\/wp-json\/wp\/v2\/yst_prominent_words?post=3685"}],"curies":[{"name":"wp","href":"https:\/\/api.w.org\/{rel}","templated":true}]}}