{"id":3697,"date":"2016-09-14T18:42:59","date_gmt":"2016-09-14T18:42:59","guid":{"rendered":"http:\/\/ambientconacul.hotelsperformance.com\/?page_id=3697"},"modified":"2021-06-13T23:26:05","modified_gmt":"2021-06-13T20:26:05","slug":"breakfast","status":"publish","type":"page","link":"https:\/\/www.conaculambient.ro\/es\/services\/breakfast\/","title":{"rendered":"Desayuno"},"content":{"rendered":"<p>[vc_row full_width=\u00bbstretch_row\u00bb position=\u00bbcenter center\u00bb css=\u00bb.vc_custom_1491836843706{margin-top: 50px !important;background-image: url(https:\/\/www.conaculambient.ro\/wp-content\/uploads\/2016\/09\/br2.jpg?id=4945) !important;background-position: center !important;background-repeat: no-repeat !important;background-size: cover !important;}\u00bb][vc_column width=\u00bb1\/2&#8243; css=\u00bb.vc_custom_1474485182776{background-color: rgba(255,255,255,0.83) !important;*background-color: rgb(255,255,255) !important;}\u00bb][vc_column_text]<\/p>\n<h1 class=\"text-uppercase\" style=\"text-align: center;\"><small><\/small><span style=\"color: #cf0e17;\">UN DESPERTAR TRADICIONAL EN ARMONIA CON LA NATURALEZA&#8230;<\/span><\/h1>\n<p class=\"lead\" style=\"text-align: center;\">Los d\u00edas en Ambient empiezan con originalidad<\/p>\n<p class=\"lead\" style=\"text-align: center;\">Al despertar, les encantaremos con nuestro autentico y variado desayuno buffet servido entre las 8 y 11 horas de lunes el domingo, con preparados de elaboraci\u00f3n tradicional: quesos, salchichas, pasteles y mermeladas hechas en casa, verduras bio del propio jard\u00edn, refrescos, caf\u00e9, agua.<\/p>\n<p>[\/vc_column_text][\/vc_column][vc_column width=\u00bb1\/2&#8243;][\/vc_column][\/vc_row][vc_row full_width=\u00bbstretch_row\u00bb css=\u00bb.vc_custom_1474487714914{margin-top: -50px !important;background-position: center !important;background-repeat: no-repeat !important;background-size: cover !important;}\u00bb][vc_column][vc_images_carousel images=\u00bb4424,4425,4423,4422&#8243;][\/vc_column][\/vc_row][vc_row css=\u00bb.vc_custom_1474487325771{margin-top: -90px !important;margin-bottom: -180px !important;}\u00bb][vc_column width=\u00bb1\/4&#8243;][\/vc_column][vc_column width=\u00bb1\/2&#8243;][vc_column_text]<\/p>\n<h2 class=\"text-center\" style=\"text-align: center;\"><span style=\"color: #cf0e17;\"><i class='fa fa-fw fa-clock-o fa-lg center-block ' style=''><\/i><\/span>Horario del\u00a0desayuno<\/h2>\n<p style=\"text-align: center;\">En el desayuno os pod\u00e9is consentir en un ambiente familiar.<\/p>\n<p style=\"text-align: center;\">Lunes &#8211; Domingo: 8am &#8211; 11am<\/p>\n<p>[\/vc_column_text][\/vc_column][vc_column width=\u00bb1\/4&#8243;][\/vc_column][\/vc_row][vc_row][vc_column css=\u00bb.vc_custom_1472663865345{margin-bottom: -200px !important;}\u00bb][vc_raw_html css=\u00bb.vc_custom_1491778662950{background-image: url(http:\/\/ambientpension.hotelsperformance.com\/wp-content\/uploads\/2014\/09\/pensiuneambient.jpg?id=5755) !important;}\u00bb]JTNDc2NyaXB0JTIwdHlwZSUzRCUyMnRleHQlMkZqYXZhc2NyaXB0JTIyJTIwc3JjJTNEJTIyaHR0cHMlM0ElMkYlMkZvcGVuLnVwcGVyYm9va2luZy5jb20lMkZjb25hY3VsYW1iaWVudCUyRkJvb2tpbmcuanMlM0Zsb2NhbGUlM0RlcyUyMiUzRSUzQyUyRnNjcmlwdCUzRQ==[\/vc_raw_html][\/vc_column][\/vc_row]<\/p>","protected":false},"excerpt":{"rendered":"<p>[vc_row full_width=\u00bbstretch_row\u00bb position=\u00bbcenter center\u00bb css=\u00bb.vc_custom_1491836843706{margin-top: 50px !important;background-image: url(https:\/\/www.conaculambient.ro\/wp-content\/uploads\/2016\/09\/br2.jpg?id=4945) !important;background-position: center !important;background-repeat: no-repeat !important;background-size: cover !important;}\u00bb][vc_column width=\u00bb1\/2&#8243; css=\u00bb.vc_custom_1474485182776{background-color: rgba(255,255,255,0.83) !important;*background-color: rgb(255,255,255) [&hellip;]<\/p>\n","protected":false},"author":1,"featured_media":0,"parent":3687,"menu_order":4,"comment_status":"closed","ping_status":"closed","template":"","meta":{"footnotes":""},"yst_prominent_words":[],"class_list":["post-3697","page","type-page","status-publish","hentry"],"yoast_head":"<!-- This site is optimized with the Yoast SEO Premium plugin v14.0.2 - https:\/\/yoast.com\/wordpress\/plugins\/seo\/ -->\n<title>Desayuno - Ambient Conacul<\/title>\n<meta name=\"robots\" content=\"index, follow\" \/>\n<meta name=\"googlebot\" content=\"index, follow, max-snippet:-1, max-image-preview:large, max-video-preview:-1\" \/>\n<meta name=\"bingbot\" content=\"index, follow, max-snippet:-1, max-image-preview:large, max-video-preview:-1\" \/>\n<link rel=\"canonical\" href=\"https:\/\/www.conaculambient.ro\/services\/breakfast\/\" \/>\n<meta property=\"og:locale\" content=\"es_ES\" \/>\n<meta property=\"og:type\" content=\"article\" \/>\n<meta property=\"og:title\" content=\"[:ro]Mic Dejun[:en]Breakfast[:es]Desayuno[:de]Fr\u00fchst\u00fcck[:] - Ambient Conacul\" \/>\n<meta property=\"og:description\" content=\"[vc_row full_width=\u00bbstretch_row\u00bb position=\u00bbcenter center\u00bb css=\u00bb.vc_custom_1491836843706{margin-top: 50px !important;background-image: url(https:\/\/www.conaculambient.ro\/wp-content\/uploads\/2016\/09\/br2.jpg?id=4945) !important;background-position: center !important;background-repeat: no-repeat !important;background-size: cover !important;}\u00bb][vc_column width=\u00bb1\/2&#8243; css=\u00bb.vc_custom_1474485182776{background-color: rgba(255,255,255,0.83) !important;*background-color: rgb(255,255,255) [&hellip;]\" \/>\n<meta property=\"og:url\" content=\"https:\/\/www.conaculambient.ro\/services\/breakfast\/\" \/>\n<meta property=\"og:site_name\" content=\"Ambient Conacul\" \/>\n<meta property=\"article:modified_time\" content=\"2021-06-13T20:26:05+00:00\" \/>\n<meta name=\"twitter:card\" content=\"summary_large_image\" \/>\n<script type=\"application\/ld+json\" class=\"yoast-schema-graph\">{\"@context\":\"https:\/\/schema.org\",\"@graph\":[{\"@type\":\"WebSite\",\"@id\":\"https:\/\/www.conaculambient.ro\/es\/#website\",\"url\":\"https:\/\/www.conaculambient.ro\/es\/\",\"name\":\"Ambient Conacul\",\"description\":\"Consigue el mejor precio en el site oficial\",\"potentialAction\":[{\"@type\":\"SearchAction\",\"target\":\"https:\/\/www.conaculambient.ro\/es\/?s={search_term_string}\",\"query-input\":\"required name=search_term_string\"}],\"inLanguage\":\"es\"},{\"@type\":\"WebPage\",\"@id\":\"https:\/\/www.conaculambient.ro\/services\/breakfast\/#webpage\",\"url\":\"https:\/\/www.conaculambient.ro\/services\/breakfast\/\",\"name\":\"[:ro]Mic Dejun[:en]Breakfast[:es]Desayuno[:de]Fr\\u00fchst\\u00fcck[:] - Ambient Conacul\",\"isPartOf\":{\"@id\":\"https:\/\/www.conaculambient.ro\/es\/#website\"},\"datePublished\":\"2016-09-14T18:42:59+00:00\",\"dateModified\":\"2021-06-13T20:26:05+00:00\",\"inLanguage\":\"es\",\"potentialAction\":[{\"@type\":\"ReadAction\",\"target\":[\"https:\/\/www.conaculambient.ro\/services\/breakfast\/\"]}]}]}<\/script>\n<!-- \/ Yoast SEO Premium plugin. -->","_links":{"self":[{"href":"https:\/\/www.conaculambient.ro\/es\/wp-json\/wp\/v2\/pages\/3697","targetHints":{"allow":["GET"]}}],"collection":[{"href":"https:\/\/www.conaculambient.ro\/es\/wp-json\/wp\/v2\/pages"}],"about":[{"href":"https:\/\/www.conaculambient.ro\/es\/wp-json\/wp\/v2\/types\/page"}],"author":[{"embeddable":true,"href":"https:\/\/www.conaculambient.ro\/es\/wp-json\/wp\/v2\/users\/1"}],"replies":[{"embeddable":true,"href":"https:\/\/www.conaculambient.ro\/es\/wp-json\/wp\/v2\/comments?post=3697"}],"version-history":[{"count":20,"href":"https:\/\/www.conaculambient.ro\/es\/wp-json\/wp\/v2\/pages\/3697\/revisions"}],"predecessor-version":[{"id":6424,"href":"https:\/\/www.conaculambient.ro\/es\/wp-json\/wp\/v2\/pages\/3697\/revisions\/6424"}],"up":[{"embeddable":true,"href":"https:\/\/www.conaculambient.ro\/es\/wp-json\/wp\/v2\/pages\/3687"}],"wp:attachment":[{"href":"https:\/\/www.conaculambient.ro\/es\/wp-json\/wp\/v2\/media?parent=3697"}],"wp:term":[{"taxonomy":"yst_prominent_words","embeddable":true,"href":"https:\/\/www.conaculambient.ro\/es\/wp-json\/wp\/v2\/yst_prominent_words?post=3697"}],"curies":[{"name":"wp","href":"https:\/\/api.w.org\/{rel}","templated":true}]}}