{"id":4078,"date":"2016-09-21T16:37:37","date_gmt":"2016-09-21T14:37:37","guid":{"rendered":"http:\/\/ambientconacul.hotelsperformance.com\/?page_id=4078"},"modified":"2021-06-13T23:32:52","modified_gmt":"2021-06-13T20:32:52","slug":"ocio-tiempo-libre","status":"publish","type":"page","link":"https:\/\/www.conaculambient.ro\/es\/services\/ocio-tiempo-libre\/","title":{"rendered":"Ocio &#038; Tiempo libre"},"content":{"rendered":"<p>[vc_row full_width=\u00bbstretch_row\u00bb position=\u00bbright center\u00bb css=\u00bb.vc_custom_1488893130994{background-image: url(https:\/\/www.conaculambient.ro\/wp-content\/uploads\/2016\/09\/ConaculAirBaloon.png?id=4833) !important;background-position: 0 0 !important;background-repeat: no-repeat !important;}\u00bb el_class=\u00bbbackground-none-mobile\u00bb][vc_column width=\u00bb1\/2&#8243;][vc_column_text]<\/p>\n<h2 style=\"text-align: center;\"><span style=\"color: #cf0e17;\">ENTONCES Y A LA VEZ AHORA<\/span><\/h2>\n<p style=\"text-align: center;\">Aunque los bellos pasillos vigilados por fuegos de color naranja resuenan de ecos antiguos, aqu\u00ed &#8230; todav\u00eda sienten a cada paso &#8230; que el pasado se da la mano amistoso con el presente y hacen el mejor equipo!<\/p>\n<p style=\"text-align: center;\">Las pruebas son los rincones creados para ni\u00f1os, para deportes: mini f\u00fatbol, baloncesto, balonmano, voleibol, b\u00e1dminton, tenis de mesa<\/p>\n<p>[\/vc_column_text][\/vc_column][\/vc_row][vc_row css=\u00bb.vc_custom_1488853285357{margin-top: -50px !important;margin-bottom: -400px !important;}\u00bb][vc_column width=\u00bb2\/3&#8243; offset=\u00bbvc_col-sm-offset-2&#8243;]<ul class=\"list-services  text-uppercase\"><li><h3><a href=\"#salonjocuri\">Salon de juegos<small>JUEGOS DE LEYENDA<\/small><\/a><\/h3><\/li><li><h3><a href=\"#campodedeporte\">Campo de deportes<small>EN FORMA EN LA NATURALEZA<\/small><\/a><\/h3><\/li><li><h3><a href=\"#locdejoaca\">ZONA INFANTIL<small>SORPRESA PARA LOS PEQUE\u00d1OS<\/small><\/a><\/h3><\/li><li><h3><a href=\"#actividades\">ACTIVIDADES EN LA ZONA<small>DESCUBRE CRISTIAN, BRASOV Y ALREDEDORES<\/small><\/a><\/h3><\/li><\/ul>[\/vc_column][\/vc_row][vc_row][vc_column][vc_raw_html]JTNDYSUyMG5hbWUlM0QlMjJzYWxvbmpvY3VyaSUyMiUzRSUzQyUyRmElM0U=[\/vc_raw_html][\/vc_column][\/vc_row][vc_row full_width=\u00bbstretch_row\u00bb parallax=\u00bbcontent-moving\u00bb css=\u00bb.vc_custom_1571314502201{margin-bottom: -60px !important;background-image: url(https:\/\/www.conaculambient.ro\/wp-content\/uploads\/2019\/10\/salon-de-jocuri-conacul-ambient.jpg?id=5950) !important;background-position: center;background-repeat: no-repeat !important;background-size: cover !important;}\u00bb el_class=\u00bbcontent-padding-mobile-none\u00bb el_id=\u00bbsalonjocuri\u00bb min_height=\u00bb700px\u00bb][vc_column width=\u00bb1\/2&#8243; el_class=\u00bbwhite-box content-padding-xs\u00bb][vc_column_text]<\/p>\n<h1><small><span style=\"color: #cf0e17;\">SALON DE JUEGOS<\/span><\/small><\/h1>\n<p>Podr\u00e1n continuar en el maravilloso mundo del juego disfrutando del billar o tenis de mesa (antiguo juego de sal\u00f3n de leyenda que naci\u00f3 en el \u00faltimo cuarto del siglo XIX, como una especie de tenis en miniatura)<\/p>\n<p>Aqu\u00ed, en este rinc\u00f3n l\u00fadico tendr\u00e1n la oportunidad de estar rodeado por los colores c\u00e1lidos de la madera que sorprenden la vista.<\/p>\n<p>[\/vc_column_text][\/vc_column][vc_column width=\u00bb1\/2&#8243;][\/vc_column][\/vc_row][vc_row][vc_column][vc_raw_html]JTNDYSUyMG5hbWUlM0QlMjJjYW1wb2RlZGVwb3J0ZSUyMiUzRSUzQyUyRmElM0U=[\/vc_raw_html][\/vc_column][\/vc_row][vc_row full_width=\u00bbstretch_row\u00bb parallax=\u00bbcontent-moving\u00bb min_height=\u00bb700px\u00bb css=\u00bb.vc_custom_1571312838959{margin-top: -350px !important;margin-bottom: -70px !important;background-image: url(https:\/\/www.conaculambient.ro\/wp-content\/uploads\/2019\/10\/teren-sport-conacul-ambient.jpg?id=5957) !important;}\u00bb][vc_column width=\u00bb1\/2&#8243;][\/vc_column][vc_column width=\u00bb1\/2&#8243; el_class=\u00bbwhite-box content-padding-xs\u00bb][vc_column_text]<\/p>\n<h1><small><span style=\"color: #cf0e17;\">CAMPO DE DEPORTES<\/span><\/small><\/h1>\n<p>Para que nuestros hu\u00e9spedes puedan disfrutar del contacto con la naturaleza, hemos creado un campo multifuncional de deportes que les ayudara a mantenerse en forma practicando distintos deportes: mini f\u00fatbol, baloncesto, balonmano, voleibol, b\u00e1dminton, etc.<\/p>\n<p>Se pueden aplicar tarifas adicionales para el acceso al campo de deportes, por la noche tiene un coste adicional de 50 ron\/ hora.[\/vc_column_text][\/vc_column][\/vc_row][vc_row][vc_column][vc_raw_html]JTNDYSUyMG5hbWUlM0QlMjJsb2NkZWpvYWNhJTIyJTNFJTNDJTJGYSUzRQ==[\/vc_raw_html][\/vc_column][\/vc_row][vc_row full_width=\u00bbstretch_row\u00bb parallax=\u00bbcontent-moving\u00bb parallax_image=\u00bb5214&#8243; css=\u00bb.vc_custom_1571312854136{margin-top: -250px !important;margin-bottom: -130px !important;background-image: url(https:\/\/www.conaculambient.ro\/wp-content\/uploads\/2019\/10\/loc-de-joaca-conacul-ambient-02.jpg?id=5961) !important;background-position: center;background-repeat: no-repeat !important;background-size: cover !important;}\u00bb el_class=\u00bbcontent-padding-mobile-none\u00bb min_height=\u00bb700px\u00bb][vc_column width=\u00bb1\/2&#8243; el_class=\u00bbwhite-box content-padding-xs\u00bb][vc_column_text]<\/p>\n<h1><small><span style=\"color: #cf0e17;\">ZONA INFANTIL<\/span><\/small><\/h1>\n<p>Hemos preparado con cari\u00f1o una sorpresa especial tambi\u00e9n para los mas peque\u00f1os, la zona infantil, donde van a poder disfrutar de distintos juegos al aire libre.[\/vc_column_text][\/vc_column][vc_column width=\u00bb1\/2&#8243;][\/vc_column][\/vc_row][vc_row][vc_column][vc_raw_html]JTNDYSUyMG5hbWUlM0QlMjJhY3RpdmlkYWRlcyUyMiUzRSUzQyUyRmElM0U=[\/vc_raw_html][\/vc_column][\/vc_row][vc_row full_width=\u00bbstretch_row\u00bb parallax=\u00bbcontent-moving\u00bb css=\u00bb.vc_custom_1571312909009{margin-top: -30px !important;background-image: url(https:\/\/www.conaculambient.ro\/wp-content\/uploads\/2016\/09\/branocio.jpg?id=4476) !important;background-position: center;background-repeat: no-repeat !important;background-size: cover !important;}\u00bb el_class=\u00bbcontent-padding-mobile-none\u00bb min_height=\u00bb700px\u00bb][vc_column width=\u00bb1\/2&#8243; el_class=\u00bbwhite-box content-padding-xs\u00bb][vc_column_text]<\/p>\n<h1><small><span style=\"color: #cf0e17;\">ACTIVIDADES EN LA ZONA<\/span><\/small><\/h1>\n<p>Y debido a que el entorno de Cristian se encuentra entre las joyas de Rumania les invitamos a viajar un dia en las zonas de interes turistico cercanas( La Fortaleza Rasnov, Castillo Bran, las Iglesias Fortificadas en Prejmer, la Estacion Poiana Brasov, Iglesia Negra Scheii Brasovului y el Casco Antiguo, etc.<\/p>\n<p>Puede expresar su alegr\u00eda a su gusto y en lugares famosos de diversi\u00f3n, visitas y adrenalina de la zona, como: montar caballo, reserva de osos en Zarnesti, reserva de bisontes en el Parque Nacional de Vama Buz\u0103ului, excursiones y senderismo en Bucegi 4X4 aventura, degustacion de vinos con somelier autorizado, alquiler de bici y focalizaci\u00f3n fuera de pista, varios juegos de teambuidding: tiro con arco, disparo, parapente, tirolina, actividades de b\u00fasqueda del tesoro, paseos en globo, alpinismo, vuelos con helic\u00f3ptero, vuelo con parapente, escalada, orientaci\u00f3n turismo, vuelo en avi\u00f3n, etc.<\/p>\n<p>Deportes y Actividades: ski en la monta\u00f1a Postavarul, pista de hielo en Cristian, Brasov o Poiana Brasov, trekking en Bucegi, conectar con la naturaleza, Ca\u00f1\u00f3n 7 escaleras un milagro de la naturaleza, el Jardin Zool\u00f3gico de Brasov &#8211; recientemente renovado con pista de bicicleta, Parque Aventura &#8211; 3 horas de diversi\u00f3n para los grandes y peque\u00f1os, Para\u00edso Acu\u00e1tico &#8211; el mayor complejo acu\u00e1tico en Transilvania, Coresi Shopping Resort o AFI Mall \u2013 shopping y diversion.[\/vc_column_text][\/vc_column][vc_column width=\u00bb1\/2&#8243;][\/vc_column][\/vc_row][vc_row css=\u00bb.vc_custom_1470397530640{margin-bottom: -200px !important;}\u00bb][vc_column][vc_raw_html]JTNDc2NyaXB0JTIwdHlwZSUzRCUyMnRleHQlMkZqYXZhc2NyaXB0JTIyJTIwc3JjJTNEJTIyaHR0cHMlM0ElMkYlMkZvcGVuLnVwcGVyYm9va2luZy5jb20lMkZjb25hY3VsYW1iaWVudCUyRkJvb2tpbmcuanMlM0Zsb2NhbGUlM0RlcyUyMiUzRSUzQyUyRnNjcmlwdCUzRQ==[\/vc_raw_html][\/vc_column][\/vc_row]<\/p>","protected":false},"excerpt":{"rendered":"<p>[vc_row full_width=\u00bbstretch_row\u00bb position=\u00bbright center\u00bb css=\u00bb.vc_custom_1488893130994{background-image: url(https:\/\/www.conaculambient.ro\/wp-content\/uploads\/2016\/09\/ConaculAirBaloon.png?id=4833) !important;background-position: 0 0 !important;background-repeat: no-repeat !important;}\u00bb el_class=\u00bbbackground-none-mobile\u00bb][vc_column width=\u00bb1\/2&#8243;][vc_column_text] ENTONCES Y A LA VEZ AHORA [&hellip;]<\/p>\n","protected":false},"author":1,"featured_media":0,"parent":3687,"menu_order":1,"comment_status":"closed","ping_status":"closed","template":"","meta":{"footnotes":""},"yst_prominent_words":[],"class_list":["post-4078","page","type-page","status-publish","hentry"],"yoast_head":"<!-- This site is optimized with the Yoast SEO Premium plugin v14.0.2 - https:\/\/yoast.com\/wordpress\/plugins\/seo\/ -->\n<title>Ocio &amp; Tiempo libre - Ambient Conacul<\/title>\n<meta name=\"robots\" content=\"index, follow\" \/>\n<meta name=\"googlebot\" content=\"index, follow, max-snippet:-1, max-image-preview:large, max-video-preview:-1\" \/>\n<meta name=\"bingbot\" content=\"index, follow, max-snippet:-1, max-image-preview:large, max-video-preview:-1\" \/>\n<link rel=\"canonical\" href=\"https:\/\/www.conaculambient.ro\/services\/ocio-tiempo-libre\/\" \/>\n<meta property=\"og:locale\" content=\"es_ES\" \/>\n<meta property=\"og:type\" content=\"article\" \/>\n<meta property=\"og:title\" content=\"[:ro]Leisure &amp; Timp Liber[:en]Leisure &amp; Free Time[:es]Ocio &amp; Tiempo libre[:de]Freizeit[:] - Ambient Conacul\" \/>\n<meta property=\"og:description\" content=\"[vc_row full_width=\u00bbstretch_row\u00bb position=\u00bbright center\u00bb css=\u00bb.vc_custom_1488893130994{background-image: url(https:\/\/www.conaculambient.ro\/wp-content\/uploads\/2016\/09\/ConaculAirBaloon.png?id=4833) !important;background-position: 0 0 !important;background-repeat: no-repeat !important;}\u00bb el_class=\u00bbbackground-none-mobile\u00bb][vc_column width=\u00bb1\/2&#8243;][vc_column_text] ENTONCES Y A LA VEZ AHORA [&hellip;]\" \/>\n<meta property=\"og:url\" content=\"https:\/\/www.conaculambient.ro\/services\/ocio-tiempo-libre\/\" \/>\n<meta property=\"og:site_name\" content=\"Ambient Conacul\" \/>\n<meta property=\"article:modified_time\" content=\"2021-06-13T20:32:52+00:00\" \/>\n<meta name=\"twitter:card\" content=\"summary_large_image\" \/>\n<script type=\"application\/ld+json\" class=\"yoast-schema-graph\">{\"@context\":\"https:\/\/schema.org\",\"@graph\":[{\"@type\":\"WebSite\",\"@id\":\"https:\/\/www.conaculambient.ro\/es\/#website\",\"url\":\"https:\/\/www.conaculambient.ro\/es\/\",\"name\":\"Ambient Conacul\",\"description\":\"Consigue el mejor precio en el site oficial\",\"potentialAction\":[{\"@type\":\"SearchAction\",\"target\":\"https:\/\/www.conaculambient.ro\/es\/?s={search_term_string}\",\"query-input\":\"required name=search_term_string\"}],\"inLanguage\":\"es\"},{\"@type\":\"WebPage\",\"@id\":\"https:\/\/www.conaculambient.ro\/services\/ocio-tiempo-libre\/#webpage\",\"url\":\"https:\/\/www.conaculambient.ro\/services\/ocio-tiempo-libre\/\",\"name\":\"[:ro]Leisure & Timp Liber[:en]Leisure & Free Time[:es]Ocio & Tiempo libre[:de]Freizeit[:] - Ambient Conacul\",\"isPartOf\":{\"@id\":\"https:\/\/www.conaculambient.ro\/es\/#website\"},\"datePublished\":\"2016-09-21T14:37:37+00:00\",\"dateModified\":\"2021-06-13T20:32:52+00:00\",\"inLanguage\":\"es\",\"potentialAction\":[{\"@type\":\"ReadAction\",\"target\":[\"https:\/\/www.conaculambient.ro\/services\/ocio-tiempo-libre\/\"]}]}]}<\/script>\n<!-- \/ Yoast SEO Premium plugin. -->","_links":{"self":[{"href":"https:\/\/www.conaculambient.ro\/es\/wp-json\/wp\/v2\/pages\/4078","targetHints":{"allow":["GET"]}}],"collection":[{"href":"https:\/\/www.conaculambient.ro\/es\/wp-json\/wp\/v2\/pages"}],"about":[{"href":"https:\/\/www.conaculambient.ro\/es\/wp-json\/wp\/v2\/types\/page"}],"author":[{"embeddable":true,"href":"https:\/\/www.conaculambient.ro\/es\/wp-json\/wp\/v2\/users\/1"}],"replies":[{"embeddable":true,"href":"https:\/\/www.conaculambient.ro\/es\/wp-json\/wp\/v2\/comments?post=4078"}],"version-history":[{"count":107,"href":"https:\/\/www.conaculambient.ro\/es\/wp-json\/wp\/v2\/pages\/4078\/revisions"}],"predecessor-version":[{"id":6428,"href":"https:\/\/www.conaculambient.ro\/es\/wp-json\/wp\/v2\/pages\/4078\/revisions\/6428"}],"up":[{"embeddable":true,"href":"https:\/\/www.conaculambient.ro\/es\/wp-json\/wp\/v2\/pages\/3687"}],"wp:attachment":[{"href":"https:\/\/www.conaculambient.ro\/es\/wp-json\/wp\/v2\/media?parent=4078"}],"wp:term":[{"taxonomy":"yst_prominent_words","embeddable":true,"href":"https:\/\/www.conaculambient.ro\/es\/wp-json\/wp\/v2\/yst_prominent_words?post=4078"}],"curies":[{"name":"wp","href":"https:\/\/api.w.org\/{rel}","templated":true}]}}