{"id":4086,"date":"2016-09-21T17:10:50","date_gmt":"2016-09-21T15:10:50","guid":{"rendered":"http:\/\/ambientconacul.hotelsperformance.com\/?page_id=4086"},"modified":"2021-06-13T23:28:59","modified_gmt":"2021-06-13T20:28:59","slug":"restaurante-bar","status":"publish","type":"page","link":"https:\/\/www.conaculambient.ro\/es\/services\/restaurante-bar\/","title":{"rendered":"Restaurante &#038; Bares"},"content":{"rendered":"<p>[vc_row full_width=\u00bbstretch_row\u00bb position=\u00bbright center\u00bb css=\u00bb.vc_custom_1571307563615{margin-top: 50px !important;background-position: 0 0 !important;background-repeat: no-repeat !important;}\u00bb el_class=\u00bbbackground-none-mobile\u00bb][vc_column css=\u00bb.vc_custom_1474196911770{margin-top: -30px !important;}\u00bb][vc_column_text css=\u00bb.vc_custom_1571307593675{padding-right: 80px !important;padding-left: 80px !important;}\u00bb]<\/p>\n<h2 style=\"text-align: center;\"><small><\/small><span style=\"color: #cf0e17;\">FRAGANCIAS CON TRADICION<\/span><\/h2>\n<p class=\"lead\" style=\"text-align: center;\">Una finca exquisita como Conacul Ambient tiene que recibir a sus hu\u00e9spedes conforme a la tradici\u00f3n ancestral con hospitalidad y alegr\u00eda.Qu\u00e9 mejor lugar que la sala de banquetes para sentir todas estas emociones? El \u00e1rea de comedor, sala para 50 personas, parece desprendida de un cuento de hadas, arreglada con terciopelos, sillas pintadas, comidas y bufetes como en la antig\u00fcedad, relojes y tazones de pociones fragantes!<\/p>\n<p style=\"text-align: center;\"><a href=\"https:\/\/www.conaculambient.ro\/wp-content\/uploads\/2017\/06\/Meniu-Conacul-Ambient.pdf\" target=\"_blank\" rel=\"noopener noreferrer\"><strong>Consulte nuestra carta<\/strong><\/a><\/p>\n<p>[\/vc_column_text][vc_column_text][\/vc_column_text][\/vc_column][\/vc_row][vc_row css=\u00bb.vc_custom_1475016473854{margin-top: -100px !important;}\u00bb][vc_column][vc_images_carousel images=\u00bb4437,4436,4438,4435&#8243;][\/vc_column][\/vc_row][vc_row css=\u00bb.vc_custom_1475053154607{margin-top: -140px !important;}\u00bb][vc_column][vc_column_text css=\u00bb.vc_custom_1475053338598{margin-top: 80px !important;}\u00bb]<\/p>\n<h2 style=\"text-align: center;\"><small><\/small><span style=\"color: #cf0e17;\">ENTONCES Y A LA VEZ AHORA<\/span><\/h2>\n<p>[\/vc_column_text][vc_column_text css=\u00bb.vc_custom_1571307638289{padding-right: 80px !important;padding-left: 80px !important;}\u00bb]<\/p>\n<p style=\"text-align: center;\">Aunque los bellos pasillos vigilados por fuegos de color naranja resuenan de ecos antiguos, \u00a1aqu\u00ed \u2026 todav\u00eda sienten a cada paso \u2026 que el pasado se da la mano amistosa con el presente y hacen el mejor equipo! Las pruebas son el restaurante tradicional con preparados a la parrilla y cocina tradicional local en el que tendr\u00e1n la oportunidad de dejarse fascinar por los sabores espectaculares y a la vez probar un trocito de historia. La nueva finca, queridos hu\u00e9spedes, tiene una gran virtud, porque aqu\u00ed y solo aqu\u00ed, El Entonces y El Ahora est\u00e1n hablando y se est\u00e1n contando sus sue\u00f1os delante de sus distinguidas presencias. Y as\u00ed imperceptiblemente deciden susurrarle al o\u00eddo, rompiendo por un momento el silencio, revelando el escondite de las damajuanas conservadas por siglos. Al escuchar los susurros sabr\u00e1n que se encuentran en nuestro bares.<\/p>\n<p>[\/vc_column_text][\/vc_column][\/vc_row][vc_row css=\u00bb.vc_custom_1475016562895{margin-top: -100px !important;}\u00bb][vc_column width=\u00bb1\/2&#8243;][vc_column_text]<\/p>\n<h2 style=\"text-align: center;\"><small><\/small><span style=\"color: #cf0e17;\">BAR<\/span><\/h2>\n<p>[\/vc_column_text][vc_images_carousel images=\u00bb4441&#8243; hide_pagination_control=\u00bbyes\u00bb hide_prev_next_buttons=\u00bbyes\u00bb][\/vc_column][vc_column width=\u00bb1\/2&#8243;][vc_column_text]<\/p>\n<h2 style=\"text-align: center;\"><small><\/small><span style=\"color: #cf0e17;\">POOL BAR<\/span><\/h2>\n<p>[\/vc_column_text][vc_images_carousel images=\u00bb5944,5943&#8243; hide_pagination_control=\u00bbyes\u00bb hide_prev_next_buttons=\u00bbyes\u00bb][\/vc_column][\/vc_row][vc_row css=\u00bb.vc_custom_1571308225286{margin-top: -140px !important;}\u00bb][vc_column width=\u00bb1\/2&#8243; css=\u00bb.vc_custom_1475049917654{margin-top: 60px !important;}\u00bb][vc_images_carousel images=\u00bb4450&#8243; hide_pagination_control=\u00bbyes\u00bb hide_prev_next_buttons=\u00bbyes\u00bb][\/vc_column][vc_column width=\u00bb1\/2&#8243; css=\u00bb.vc_custom_1476097844715{margin-top: 60px !important;}\u00bb][vc_column_text css=\u00bb.vc_custom_1571308141742{margin-top: 60px !important;}\u00bb]<\/p>\n<h2 style=\"text-align: center;\"><small><\/small><span style=\"color: #cf0e17;\">COCINA<\/span><\/h2>\n<p>[\/vc_column_text][vc_column_text]<\/p>\n<p style=\"text-align: center;\">Tradicional Rumana<\/p>\n<p style=\"text-align: center;\">Los amantes de la gastronom\u00eda tendr\u00e1n la oportunidad de derretirse con nuestros platos tradicionales. La alta profesionalidad, devoci\u00f3n y pasi\u00f3n por la cocina, hacen que cada uno de nuestros platos sea \u00fanico, exquisito y mantenga\u00a0el sabor de anta\u00f1o.<\/p>\n<p style=\"text-align: center;\">Disfrutamos cada d\u00eda de nuestro trabajo porque tratamos en todas las ocasiones transformar una simple comida o cena en una experiencia especial\u00a0y sorprendente para nuestros hu\u00e9spedes.<\/p>\n<p style=\"text-align: center;\">Les invitamos a sentir el sabor de lo aut\u00e9ntico!<\/p>\n<p>[\/vc_column_text][\/vc_column][\/vc_row][vc_row css=\u00bb.vc_custom_1475016562895{margin-top: -100px !important;}\u00bb][vc_column width=\u00bb1\/2&#8243; css=\u00bb.vc_custom_1475049917654{margin-top: 60px !important;}\u00bb][vc_column_text]<\/p>\n<h2 style=\"text-align: center;\"><small><\/small><span style=\"color: #cf0e17;\">EVENTOS<\/span><\/h2>\n<p>[\/vc_column_text][vc_column_text]<\/p>\n<p style=\"text-align: center;\">Momentos inolvidables en la mejor compa\u00f1\u00eda<\/p>\n<p style=\"text-align: center;\">Ambient est\u00e1 con ustedes en todo momento y les invitamos a pasar con nosotros unos d\u00edas desprendidos de una historia.<\/p>\n<p style=\"text-align: center;\">En este lugar donde existen preciosos recuerdos y grandes logros, nos despertamos por la ma\u00f1ana para ponernos de gala para recibirles en el gran d\u00eda, el d\u00eda que desee celebrar aqu\u00ed un evento personal (boda, bautizo, cumplea\u00f1os, Navidad con cantantes y bailarines, A\u00f1o Nuevo) o corporativo (reuniones y conferencias, promociones y lanzamientos de productos, formaci\u00f3n de equipos).Vamos a pasar este d\u00eda tan especial en nuestro incre\u00edble restaurante con capacidad para 50 personas.<\/p>\n<p>[\/vc_column_text][\/vc_column][vc_column width=\u00bb1\/2&#8243;][vc_images_carousel images=\u00bb4587,4553,4551,4552,4556,4557,4558,4554,4555&#8243; onclick=\u00bblink_no\u00bb][\/vc_column][\/vc_row][vc_row css=\u00bb.vc_custom_1468188424680{margin-top: -90px !important;}\u00bb][vc_column width=\u00bb1\/2&#8243;][vc_column_text]<\/p>\n<h2 class=\"text-center\" style=\"text-align: center;\"><span style=\"color: #cf0e17;\"><i class='fa fa-fw fa-clock-o fa-lg center-block ' style=''><\/i><\/span>Horario de apertura<\/h2>\n<p style=\"text-align: center;\">Tanto nuestro restaurante como el bar est\u00e1n abiertos todo el d\u00eda hasta las 22:00.<\/p>\n<p style=\"text-align: center;\">Desayuno: 7am &#8211; 10am<br \/>\nRestaurante: 10am &#8211; 10pm<\/p>\n<p>[\/vc_column_text][\/vc_column][vc_column width=\u00bb1\/2&#8243;][vc_column_text]<\/p>\n<h2 class=\"text-center\" style=\"text-align: center;\"><span style=\"color: #cf0e17;\"><i class='fa fa-fw fa-book fa-lg center-block ' style=''><\/i><\/span>Reservas<\/h2>\n<p style=\"text-align: center;\">Estamos encantados de atenderles y hacerles disfrutar de nuestra cocina.<\/p>\n<p style=\"text-align: center;\"><a href=\"tel:0040732200900\">004 0732 200900<\/a><br \/>\n<a href=\"mailto:reservations@conaculambient.ro\">reservations@conaculambient.ro<\/a><\/p>\n<p>[\/vc_column_text][\/vc_column][\/vc_row][vc_row css=\u00bb.vc_custom_1470397530640{margin-bottom: -200px !important;}\u00bb][vc_column][vc_raw_html]JTNDc2NyaXB0JTIwdHlwZSUzRCUyMnRleHQlMkZqYXZhc2NyaXB0JTIyJTIwc3JjJTNEJTIyaHR0cHMlM0ElMkYlMkZvcGVuLnVwcGVyYm9va2luZy5jb20lMkZjb25hY3VsYW1iaWVudCUyRkJvb2tpbmcuanMlM0Zsb2NhbGUlM0RlcyUyMiUzRSUzQyUyRnNjcmlwdCUzRQ==[\/vc_raw_html][\/vc_column][\/vc_row]<\/p>","protected":false},"excerpt":{"rendered":"<p>[vc_row full_width=\u00bbstretch_row\u00bb position=\u00bbright center\u00bb css=\u00bb.vc_custom_1571307563615{margin-top: 50px !important;background-position: 0 0 !important;background-repeat: no-repeat !important;}\u00bb el_class=\u00bbbackground-none-mobile\u00bb][vc_column css=\u00bb.vc_custom_1474196911770{margin-top: -30px !important;}\u00bb][vc_column_text css=\u00bb.vc_custom_1571307593675{padding-right: 80px !important;padding-left: 80px [&hellip;]<\/p>\n","protected":false},"author":1,"featured_media":0,"parent":3687,"menu_order":4,"comment_status":"closed","ping_status":"closed","template":"","meta":{"footnotes":""},"yst_prominent_words":[],"class_list":["post-4086","page","type-page","status-publish","hentry"],"yoast_head":"<!-- This site is optimized with the Yoast SEO Premium plugin v14.0.2 - https:\/\/yoast.com\/wordpress\/plugins\/seo\/ -->\n<title>Restaurante &amp; Bares - Ambient Conacul<\/title>\n<meta name=\"robots\" content=\"index, follow\" \/>\n<meta name=\"googlebot\" content=\"index, follow, max-snippet:-1, max-image-preview:large, max-video-preview:-1\" \/>\n<meta name=\"bingbot\" content=\"index, follow, max-snippet:-1, max-image-preview:large, max-video-preview:-1\" \/>\n<link rel=\"canonical\" href=\"https:\/\/www.conaculambient.ro\/services\/restaurante-bar\/\" \/>\n<meta property=\"og:locale\" content=\"es_ES\" \/>\n<meta property=\"og:type\" content=\"article\" \/>\n<meta property=\"og:title\" content=\"[:ro]Salon Festin &amp; Baruri[:en]Restaurant &amp; Bars[:es]Restaurante &amp; Bares[:de]Restaurant &amp; Bars[:] - Ambient Conacul\" \/>\n<meta property=\"og:description\" content=\"[vc_row full_width=\u00bbstretch_row\u00bb position=\u00bbright center\u00bb css=\u00bb.vc_custom_1571307563615{margin-top: 50px !important;background-position: 0 0 !important;background-repeat: no-repeat !important;}\u00bb el_class=\u00bbbackground-none-mobile\u00bb][vc_column css=\u00bb.vc_custom_1474196911770{margin-top: -30px !important;}\u00bb][vc_column_text css=\u00bb.vc_custom_1571307593675{padding-right: 80px !important;padding-left: 80px [&hellip;]\" \/>\n<meta property=\"og:url\" content=\"https:\/\/www.conaculambient.ro\/services\/restaurante-bar\/\" \/>\n<meta property=\"og:site_name\" content=\"Ambient Conacul\" \/>\n<meta property=\"article:modified_time\" content=\"2021-06-13T20:28:59+00:00\" \/>\n<meta name=\"twitter:card\" content=\"summary_large_image\" \/>\n<script type=\"application\/ld+json\" class=\"yoast-schema-graph\">{\"@context\":\"https:\/\/schema.org\",\"@graph\":[{\"@type\":\"WebSite\",\"@id\":\"https:\/\/www.conaculambient.ro\/es\/#website\",\"url\":\"https:\/\/www.conaculambient.ro\/es\/\",\"name\":\"Ambient Conacul\",\"description\":\"Consigue el mejor precio en el site oficial\",\"potentialAction\":[{\"@type\":\"SearchAction\",\"target\":\"https:\/\/www.conaculambient.ro\/es\/?s={search_term_string}\",\"query-input\":\"required name=search_term_string\"}],\"inLanguage\":\"es\"},{\"@type\":\"WebPage\",\"@id\":\"https:\/\/www.conaculambient.ro\/services\/restaurante-bar\/#webpage\",\"url\":\"https:\/\/www.conaculambient.ro\/services\/restaurante-bar\/\",\"name\":\"[:ro]Salon Festin & Baruri[:en]Restaurant & Bars[:es]Restaurante & Bares[:de]Restaurant & Bars[:] - Ambient Conacul\",\"isPartOf\":{\"@id\":\"https:\/\/www.conaculambient.ro\/es\/#website\"},\"datePublished\":\"2016-09-21T15:10:50+00:00\",\"dateModified\":\"2021-06-13T20:28:59+00:00\",\"inLanguage\":\"es\",\"potentialAction\":[{\"@type\":\"ReadAction\",\"target\":[\"https:\/\/www.conaculambient.ro\/services\/restaurante-bar\/\"]}]}]}<\/script>\n<!-- \/ Yoast SEO Premium plugin. -->","_links":{"self":[{"href":"https:\/\/www.conaculambient.ro\/es\/wp-json\/wp\/v2\/pages\/4086","targetHints":{"allow":["GET"]}}],"collection":[{"href":"https:\/\/www.conaculambient.ro\/es\/wp-json\/wp\/v2\/pages"}],"about":[{"href":"https:\/\/www.conaculambient.ro\/es\/wp-json\/wp\/v2\/types\/page"}],"author":[{"embeddable":true,"href":"https:\/\/www.conaculambient.ro\/es\/wp-json\/wp\/v2\/users\/1"}],"replies":[{"embeddable":true,"href":"https:\/\/www.conaculambient.ro\/es\/wp-json\/wp\/v2\/comments?post=4086"}],"version-history":[{"count":62,"href":"https:\/\/www.conaculambient.ro\/es\/wp-json\/wp\/v2\/pages\/4086\/revisions"}],"predecessor-version":[{"id":6425,"href":"https:\/\/www.conaculambient.ro\/es\/wp-json\/wp\/v2\/pages\/4086\/revisions\/6425"}],"up":[{"embeddable":true,"href":"https:\/\/www.conaculambient.ro\/es\/wp-json\/wp\/v2\/pages\/3687"}],"wp:attachment":[{"href":"https:\/\/www.conaculambient.ro\/es\/wp-json\/wp\/v2\/media?parent=4086"}],"wp:term":[{"taxonomy":"yst_prominent_words","embeddable":true,"href":"https:\/\/www.conaculambient.ro\/es\/wp-json\/wp\/v2\/yst_prominent_words?post=4086"}],"curies":[{"name":"wp","href":"https:\/\/api.w.org\/{rel}","templated":true}]}}