{"id":4240,"date":"2016-09-26T01:08:13","date_gmt":"2016-09-25T23:08:13","guid":{"rendered":"http:\/\/ambientconacul.hotelsperformance.com\/?page_id=4240"},"modified":"2022-05-26T21:51:48","modified_gmt":"2022-05-26T18:51:48","slug":"wellness-2","status":"publish","type":"page","link":"https:\/\/www.conaculambient.ro\/es\/services\/wellness-2\/","title":{"rendered":"Wellness"},"content":{"rendered":"<p>[vc_row full_width=\u00bbstretch_row\u00bb position=\u00bbright center\u00bb css=\u00bb.vc_custom_1474932835623{background-image: url(https:\/\/www.conaculambient.ro\/wp-content\/uploads\/2016\/09\/pequearriba2.jpg?id=4371) !important;background-position: 0 0 !important;background-repeat: no-repeat !important;}\u00bb el_class=\u00bbbackground-none-mobile\u00bb][vc_column width=\u00bb1\/2&#8243;][vc_column_text]<\/p>\n<h2 style=\"text-align: center;\"><span style=\"color: #cf0e17;\">BIENESTAR Y ARMONIA<br \/>\nENTONCES Y A LA VEZ AHORA<\/span><\/h2>\n<p style=\"text-align: center;\">Aunque los bellos pasillos vigilados por fuegos de color naranja resuenan de ecos antiguos, \u00a1aqu\u00ed \u2026 todav\u00eda sienten a cada paso \u2026 que el pasado se da la mano amistosa con el presente y hacen el mejor equipo!<\/p>\n<p style=\"text-align: center;\">La piscina climatizada con sauna y jacuzzi y los masajes relajantes son una prueba del contraste espectacular que genera este espacio, en el que podr\u00e1n disfrutar con los cinco sentidos.<\/p>\n<p>[\/vc_column_text][\/vc_column][\/vc_row][vc_row full_width=\u00bbstretch_row\u00bb position=\u00bbright top\u00bb css=\u00bb.vc_custom_1571223649133{margin-top: -30px !important;margin-bottom: -200px !important;background-image: url(https:\/\/www.conaculambient.ro\/wp-content\/uploads\/2016\/09\/pietricele.jpg?id=4364) !important;background-position: center !important;background-repeat: no-repeat !important;background-size: cover !important;}\u00bb][vc_column width=\u00bb1\/3&#8243; offset=\u00bbvc_col-sm-offset-2&#8243;]<ul class=\"list-services  text-uppercase\"><li><h3><a href=\"#sauna\">Sauna<small>RENOVACION SIN IGUAL<\/small><\/a><\/h3><\/li><li><h3><a href=\"#piscinainterior\">Piscina Interior<small>EN FORMA EN CUALQUIER MOMENTO<\/small><\/a><\/h3><\/li><li><h3><a href=\"#piscinaexterior\">Piscina Exterior<small>DIVERSION AL AIRE LIBRE<\/small><\/a><\/h3><\/li><li><h3><a href=\"#masajes\">Masajes<small>RELAX EN ESTADO PURO<\/small><\/a><\/h3><\/li><\/ul>[\/vc_column][vc_column width=\u00bb1\/3&#8243;][\/vc_column][\/vc_row][vc_row][vc_column][vc_raw_html]JTNDYSUyMG5hbWUlM0QlMjJzYXVuYSUyMiUzRSUzQyUyRmElM0U=[\/vc_raw_html][\/vc_column][\/vc_row][vc_row full_width=\u00bbstretch_row\u00bb parallax=\u00bbcontent-moving\u00bb css=\u00bb.vc_custom_1474926626722{margin-bottom: -160px !important;background-image: url(https:\/\/www.conaculambient.ro\/wp-content\/uploads\/2016\/09\/sauna2.jpg?id=4191) !important;background-position: center;background-repeat: no-repeat !important;background-size: cover !important;}\u00bb el_class=\u00bbcontent-padding-mobile-none\u00bb][vc_column width=\u00bb1\/2&#8243; el_class=\u00bbwhite-box content-padding-xs\u00bb][vc_column_text]<\/p>\n<h1><small><span style=\"color: #cf0e17;\">SAUNA<\/span><\/small><\/h1>\n<p>Les invitamos a abandonarse a un momento de descanso en nuestra sauna, que completara su experiencia maravillosa con nosotros.<\/p>\n<p>La sauna es ideal para la renovaci\u00f3n de la epidermis ya que favorece la descamaci\u00f3n de la capa c\u00f3rnea, es decir, conseguiremos una mayor suavidad en la piel y los m\u00fasculos ganaran elasticidad.[\/vc_column_text][\/vc_column][vc_column width=\u00bb1\/2&#8243;][vc_images_carousel images=\u00bb4486&#8243; onclick=\u00bblink_no\u00bb hide_pagination_control=\u00bbyes\u00bb hide_prev_next_buttons=\u00bbyes\u00bb][\/vc_column][\/vc_row][vc_row][vc_column][vc_raw_html]JTNDYSUyMG5hbWUlM0QlMjJwaXNjaW5haW50ZXJpb3IlMjIlM0UlM0MlMkZhJTNF[\/vc_raw_html][\/vc_column][\/vc_row][vc_row full_width=\u00bbstretch_row\u00bb parallax=\u00bbcontent-moving\u00bb css=\u00bb.vc_custom_1571223555467{margin-bottom: -160px !important;background-image: url(https:\/\/www.conaculambient.ro\/wp-content\/uploads\/2016\/09\/piscina2.jpg?id=4359) !important;background-position: 0 0;background-repeat: no-repeat !important;}\u00bb min_height=\u00bb700px\u00bb el_id=\u00bbpiscinainterior\u00bb][vc_column width=\u00bb1\/2&#8243;][\/vc_column][vc_column width=\u00bb1\/2&#8243; el_class=\u00bbwhite-box content-padding-xs\u00bb][vc_column_text]<\/p>\n<h1><small><span style=\"color: #cf0e17;\">PISCINA INTERIOR<\/span><\/small><\/h1>\n<p>Para poder mantenerse en forma en cualquier momento ponemos a su disposici\u00f3n nuestra piscina climatizada.<\/p>\n<p>La nataci\u00f3n es la actividad de resistencia por excelencia con grandes beneficios para los sistemas cardiovasculares y respiratorios, que le ayudara a fortalecer todos los m\u00fasculos y tener una excelente postura corporal a la vez que le generara una agradable sensaci\u00f3n de felicidad.<\/p>\n<p>[\/vc_column_text][\/vc_column][\/vc_row][vc_row][vc_column][vc_raw_html]JTNDYSUyMG5hbWUlM0QlMjJwaXNjaW5hZXh0ZXJpb3IlMjIlM0UlM0MlMkZhJTNF[\/vc_raw_html][\/vc_column][\/vc_row][vc_row full_width=\u00bbstretch_row\u00bb parallax=\u00bbcontent-moving\u00bb css=\u00bb.vc_custom_1571223607154{margin-bottom: -160px !important;background-image: url(https:\/\/www.conaculambient.ro\/wp-content\/uploads\/2019\/10\/piscina-exterioara-conacul-ambient-2.jpg?id=5918) !important;}\u00bb min_height=\u00bb700px\u00bb el_id=\u00bbpiscinaexterior\u00bb][vc_column width=\u00bb1\/2&#8243; el_class=\u00bbwhite-box content-padding-xs\u00bb][vc_column_text]<\/p>\n<h1><small><span style=\"color: #cf0e17;\">PISCINA EXTERIOR <\/span><\/small><\/h1>\n<p>En los d\u00edas soleados, le invitamos a refrescarse en la piscina al aire libre, donde tambi\u00e9n puede servir su bebida favorita.<\/p>\n<p>La nataci\u00f3n es la actividad de resistencia por excelencia con grandes beneficios para los sistemas cardiovasculares y respiratorios, que le ayudara a fortalecer todos los m\u00fasculos y tener una excelente postura corporal a la vez que le generara una agradable sensaci\u00f3n de felicidad.[\/vc_column_text][\/vc_column][vc_column width=\u00bb1\/2&#8243;][vc_images_carousel onclick=\u00bblink_no\u00bb hide_pagination_control=\u00bbyes\u00bb hide_prev_next_buttons=\u00bbyes\u00bb][\/vc_column][\/vc_row][vc_row][vc_column][vc_raw_html]JTNDYSUyMG5hbWUlM0QlMjJtYXNhamVzJTIyJTNFJTNDJTJGYSUzRQ==[\/vc_raw_html][\/vc_column][\/vc_row][vc_row full_width=\u00bbstretch_row\u00bb parallax=\u00bbcontent-moving\u00bb css=\u00bb.vc_custom_1571223708026{background-image: url(https:\/\/www.conaculambient.ro\/wp-content\/uploads\/2016\/09\/msgrande2.jpg?id=4295) !important;background-position: center;background-repeat: no-repeat !important;background-size: cover !important;}\u00bb el_class=\u00bbcontent-padding-mobile-none\u00bb][vc_column width=\u00bb1\/2&#8243; el_class=\u00bbwhite-box content-padding-xs\u00bb][vc_column_text]<\/p>\n<h1><small><span style=\"color: #cf0e17;\">MASAJES<\/span><\/small><\/h1>\n<p>Suave, basado en el despertar de los sentidos, ofrece un momento de desentendimiento para nuestros hu\u00e9spedes que buscan relajarse, abandonarse y reconciliarse con el cuerpo.<\/p>\n<p>El masajista utiliza un aceite para conseguir un mejor deslizamiento sobre la piel, generalmente un aceite esencial perfumado y relajante. La t\u00e9cnica consiste en envolver y esculpir el cuerpo en su totalidad con movimientos de deslizamiento y roces ejecutados en la superficie de la piel. Es un masaje lento y amplio en el cual las manos del masajista ejecutan una coreograf\u00eda armoniosa sobre el cuerpo.<\/p>\n<p>El masaje tiene una duraci\u00f3n de 50 minutos y un coste de 40\u20ac por persona, se realiza en la habitaci\u00f3n del hu\u00e9sped y el masajista dispone de una camilla port\u00e1til[\/vc_column_text][\/vc_column][vc_column width=\u00bb1\/2&#8243;][vc_images_carousel images=\u00bb4488&#8243; onclick=\u00bblink_no\u00bb hide_pagination_control=\u00bbyes\u00bb hide_prev_next_buttons=\u00bbyes\u00bb][\/vc_column][\/vc_row][vc_row css=\u00bb.vc_custom_1571223658001{margin-bottom: -250px !important;}\u00bb][vc_column][vc_raw_html]JTNDc2NyaXB0JTIwdHlwZSUzRCUyMnRleHQlMkZqYXZhc2NyaXB0JTIyJTIwc3JjJTNEJTIyaHR0cHMlM0ElMkYlMkZvcGVuLnVwcGVyYm9va2luZy5jb20lMkZjb25hY3VsYW1iaWVudCUyRkJvb2tpbmcuanMlM0Zsb2NhbGUlM0RlcyUyMiUzRSUzQyUyRnNjcmlwdCUzRQ==[\/vc_raw_html][\/vc_column][\/vc_row]<\/p>","protected":false},"excerpt":{"rendered":"<p>[vc_row full_width=\u00bbstretch_row\u00bb position=\u00bbright center\u00bb css=\u00bb.vc_custom_1474932835623{background-image: url(https:\/\/www.conaculambient.ro\/wp-content\/uploads\/2016\/09\/pequearriba2.jpg?id=4371) !important;background-position: 0 0 !important;background-repeat: no-repeat !important;}\u00bb el_class=\u00bbbackground-none-mobile\u00bb][vc_column width=\u00bb1\/2&#8243;][vc_column_text] BIENESTAR Y ARMONIA ENTONCES Y A [&hellip;]<\/p>\n","protected":false},"author":1,"featured_media":0,"parent":3687,"menu_order":3,"comment_status":"closed","ping_status":"closed","template":"","meta":{"footnotes":""},"yst_prominent_words":[],"class_list":["post-4240","page","type-page","status-publish","hentry"],"yoast_head":"<!-- This site is optimized with the Yoast SEO Premium plugin v14.0.2 - https:\/\/yoast.com\/wordpress\/plugins\/seo\/ -->\n<title>Wellness - Ambient Conacul<\/title>\n<meta name=\"robots\" content=\"index, follow\" \/>\n<meta name=\"googlebot\" content=\"index, follow, max-snippet:-1, max-image-preview:large, max-video-preview:-1\" \/>\n<meta name=\"bingbot\" content=\"index, follow, max-snippet:-1, max-image-preview:large, max-video-preview:-1\" \/>\n<link rel=\"canonical\" href=\"https:\/\/www.conaculambient.ro\/services\/wellness-2\/\" \/>\n<meta property=\"og:locale\" content=\"es_ES\" \/>\n<meta property=\"og:type\" content=\"article\" \/>\n<meta property=\"og:title\" content=\"Wellness - Ambient Conacul\" \/>\n<meta property=\"og:description\" content=\"[vc_row full_width=\u00bbstretch_row\u00bb position=\u00bbright center\u00bb css=\u00bb.vc_custom_1474932835623{background-image: url(https:\/\/www.conaculambient.ro\/wp-content\/uploads\/2016\/09\/pequearriba2.jpg?id=4371) !important;background-position: 0 0 !important;background-repeat: no-repeat !important;}\u00bb el_class=\u00bbbackground-none-mobile\u00bb][vc_column width=\u00bb1\/2&#8243;][vc_column_text] BIENESTAR Y ARMONIA ENTONCES Y A [&hellip;]\" \/>\n<meta property=\"og:url\" content=\"https:\/\/www.conaculambient.ro\/services\/wellness-2\/\" \/>\n<meta property=\"og:site_name\" content=\"Ambient Conacul\" \/>\n<meta property=\"article:modified_time\" content=\"2022-05-26T18:51:48+00:00\" \/>\n<meta name=\"twitter:card\" content=\"summary_large_image\" \/>\n<script type=\"application\/ld+json\" class=\"yoast-schema-graph\">{\"@context\":\"https:\/\/schema.org\",\"@graph\":[{\"@type\":\"WebSite\",\"@id\":\"https:\/\/www.conaculambient.ro\/es\/#website\",\"url\":\"https:\/\/www.conaculambient.ro\/es\/\",\"name\":\"Ambient Conacul\",\"description\":\"Consigue el mejor precio en el site oficial\",\"potentialAction\":[{\"@type\":\"SearchAction\",\"target\":\"https:\/\/www.conaculambient.ro\/es\/?s={search_term_string}\",\"query-input\":\"required name=search_term_string\"}],\"inLanguage\":\"es\"},{\"@type\":\"WebPage\",\"@id\":\"https:\/\/www.conaculambient.ro\/services\/wellness-2\/#webpage\",\"url\":\"https:\/\/www.conaculambient.ro\/services\/wellness-2\/\",\"name\":\"Wellness - Ambient Conacul\",\"isPartOf\":{\"@id\":\"https:\/\/www.conaculambient.ro\/es\/#website\"},\"datePublished\":\"2016-09-25T23:08:13+00:00\",\"dateModified\":\"2022-05-26T18:51:48+00:00\",\"inLanguage\":\"es\",\"potentialAction\":[{\"@type\":\"ReadAction\",\"target\":[\"https:\/\/www.conaculambient.ro\/services\/wellness-2\/\"]}]}]}<\/script>\n<!-- \/ Yoast SEO Premium plugin. -->","_links":{"self":[{"href":"https:\/\/www.conaculambient.ro\/es\/wp-json\/wp\/v2\/pages\/4240","targetHints":{"allow":["GET"]}}],"collection":[{"href":"https:\/\/www.conaculambient.ro\/es\/wp-json\/wp\/v2\/pages"}],"about":[{"href":"https:\/\/www.conaculambient.ro\/es\/wp-json\/wp\/v2\/types\/page"}],"author":[{"embeddable":true,"href":"https:\/\/www.conaculambient.ro\/es\/wp-json\/wp\/v2\/users\/1"}],"replies":[{"embeddable":true,"href":"https:\/\/www.conaculambient.ro\/es\/wp-json\/wp\/v2\/comments?post=4240"}],"version-history":[{"count":32,"href":"https:\/\/www.conaculambient.ro\/es\/wp-json\/wp\/v2\/pages\/4240\/revisions"}],"predecessor-version":[{"id":6643,"href":"https:\/\/www.conaculambient.ro\/es\/wp-json\/wp\/v2\/pages\/4240\/revisions\/6643"}],"up":[{"embeddable":true,"href":"https:\/\/www.conaculambient.ro\/es\/wp-json\/wp\/v2\/pages\/3687"}],"wp:attachment":[{"href":"https:\/\/www.conaculambient.ro\/es\/wp-json\/wp\/v2\/media?parent=4240"}],"wp:term":[{"taxonomy":"yst_prominent_words","embeddable":true,"href":"https:\/\/www.conaculambient.ro\/es\/wp-json\/wp\/v2\/yst_prominent_words?post=4240"}],"curies":[{"name":"wp","href":"https:\/\/api.w.org\/{rel}","templated":true}]}}