{"id":6436,"date":"2021-06-14T14:51:40","date_gmt":"2021-06-14T11:51:40","guid":{"rendered":"https:\/\/www.conaculambient.ro\/?page_id=6436"},"modified":"2023-04-29T17:56:00","modified_gmt":"2023-04-29T14:56:00","slug":"gradina-pentru-evenimente","status":"publish","type":"page","link":"https:\/\/www.conaculambient.ro\/es\/services\/gradina-pentru-evenimente\/","title":{"rendered":"Jard\u00edn de eventos"},"content":{"rendered":"<p>[vc_row full_width=\u00bbstretch_row\u00bb position=\u00bbright center\u00bb css=\u00bb.vc_custom_1571307563615{margin-top: 50px !important;background-position: 0 0 !important;background-repeat: no-repeat !important;}\u00bb el_class=\u00bbbackground-none-mobile\u00bb][vc_column css=\u00bb.vc_custom_1474196911770{margin-top: -30px !important;}\u00bb][vc_column_text css=\u00bb.vc_custom_1623673173585{padding-right: 80px !important;padding-left: 80px !important;}\u00bb]<\/p>\n<h2 style=\"text-align: center;\"><small><\/small><span style=\"color: #cf0e17;\">Jard\u00edn de eventos<\/span><\/h2>\n<p class=\"lead\" style=\"text-align: center;\">Un pedacito de para\u00edso para los m\u00e1s peque\u00f1os y no solo &#8230; Con una capacidad de 50 asientos en la mesa, un dominio repartido en una gran superficie de 1200 metros cuadrados dotado de: bar, cenador exterior, men\u00fa grill, barra libre, parque infantil para ni\u00f1os, tirolesa, cancha de deportes para ni\u00f1os, santuario romano para fuego ambiental o caldero tradicional, Ambient Garden es el aliado perfecto para un evento exitoso, ya sea una peque\u00f1a boda, el d\u00eda de su hijo, bautizo o cualquier evento que traiga esa inconfundible sonrisa. de satisfacci\u00f3n por servicios excepcionales prestados.<\/p>\n<p>[\/vc_column_text][vc_column_text][\/vc_column_text][\/vc_column][\/vc_row][vc_row css=\u00bb.vc_custom_1475016473854{margin-top: -100px !important;}\u00bb][vc_column][vc_images_carousel images=\u00bb6439,6440,6442,6443,6444,6445,6446,6447,6449&#8243;][\/vc_column][\/vc_row][vc_row css=\u00bb.vc_custom_1475016562895{margin-top: -100px !important;}\u00bb][vc_column width=\u00bb1\/2&#8243;][vc_images_carousel images=\u00bb6448&#8243; hide_pagination_control=\u00bbyes\u00bb hide_prev_next_buttons=\u00bbyes\u00bb][\/vc_column][vc_column width=\u00bb1\/2&#8243;][vc_empty_space height=\u00bb72px\u00bb][vc_column_text]<\/p>\n<h2 class=\"text-center\" style=\"text-align: center;\"><span style=\"color: #cf0e17;\"><i class='fa fa-fw fa-book fa-lg center-block ' style=''><\/i><\/span>Reservas<\/h2>\n<p style=\"text-align: center;\">Estamos encantados de atenderles y hacerles disfrutar de nuestra cocina.<\/p>\n<p style=\"text-align: center;\"><a href=\"tel:0040732200900\">004 0732 200900<\/a><br \/>\n<a href=\"mailto:reservations@conaculambient.ro\">reservations@conaculambient.ro<\/a><\/p>\n<p>[\/vc_column_text][\/vc_column][\/vc_row][vc_row css=\u00bb.vc_custom_1470397530640{margin-bottom: -200px !important;}\u00bb][vc_column][vc_raw_html]JTNDc2NyaXB0JTIwdHlwZSUzRCUyMnRleHQlMkZqYXZhc2NyaXB0JTIyJTIwc3JjJTNEJTIyaHR0cHMlM0ElMkYlMkZvcGVuLnVwcGVyYm9va2luZy5jb20lMkZjb25hY3VsYW1iaWVudCUyRkJvb2tpbmcuanMlM0Zsb2NhbGUlM0RlcyUyMiUzRSUzQyUyRnNjcmlwdCUzRQ==[\/vc_raw_html][\/vc_column][\/vc_row]<\/p>","protected":false},"excerpt":{"rendered":"<p>[vc_row full_width=\u00bbstretch_row\u00bb position=\u00bbright center\u00bb css=\u00bb.vc_custom_1571307563615{margin-top: 50px !important;background-position: 0 0 !important;background-repeat: no-repeat !important;}\u00bb el_class=\u00bbbackground-none-mobile\u00bb][vc_column css=\u00bb.vc_custom_1474196911770{margin-top: -30px !important;}\u00bb][vc_column_text css=\u00bb.vc_custom_1623673173585{padding-right: 80px !important;padding-left: 80px [&hellip;]<\/p>\n","protected":false},"author":3,"featured_media":0,"parent":3687,"menu_order":4,"comment_status":"closed","ping_status":"closed","template":"","meta":{"footnotes":""},"yst_prominent_words":[],"class_list":["post-6436","page","type-page","status-publish","hentry"],"yoast_head":"<!-- This site is optimized with the Yoast SEO Premium plugin v14.0.2 - https:\/\/yoast.com\/wordpress\/plugins\/seo\/ -->\n<title>Jard\u00edn de eventos - Ambient Conacul<\/title>\n<meta name=\"robots\" content=\"index, follow\" \/>\n<meta name=\"googlebot\" content=\"index, follow, max-snippet:-1, max-image-preview:large, max-video-preview:-1\" \/>\n<meta name=\"bingbot\" content=\"index, follow, max-snippet:-1, max-image-preview:large, max-video-preview:-1\" \/>\n<link rel=\"canonical\" href=\"https:\/\/www.conaculambient.ro\/services\/gradina-pentru-evenimente\/\" \/>\n<meta property=\"og:locale\" content=\"es_ES\" \/>\n<meta property=\"og:type\" content=\"article\" \/>\n<meta property=\"og:title\" content=\"[:ro]Gr\u0103din\u0103 pentru evenimente[:en]Ambient Garden[:es]Jard\u00edn de eventos[:de]Veranstaltungsgarten[:] - Ambient Conacul\" \/>\n<meta property=\"og:description\" content=\"[vc_row full_width=\u00bbstretch_row\u00bb position=\u00bbright center\u00bb css=\u00bb.vc_custom_1571307563615{margin-top: 50px !important;background-position: 0 0 !important;background-repeat: no-repeat !important;}\u00bb el_class=\u00bbbackground-none-mobile\u00bb][vc_column css=\u00bb.vc_custom_1474196911770{margin-top: -30px !important;}\u00bb][vc_column_text css=\u00bb.vc_custom_1623673173585{padding-right: 80px !important;padding-left: 80px [&hellip;]\" \/>\n<meta property=\"og:url\" content=\"https:\/\/www.conaculambient.ro\/services\/gradina-pentru-evenimente\/\" \/>\n<meta property=\"og:site_name\" content=\"Ambient Conacul\" \/>\n<meta property=\"article:modified_time\" content=\"2023-04-29T14:56:00+00:00\" \/>\n<meta name=\"twitter:card\" content=\"summary_large_image\" \/>\n<script type=\"application\/ld+json\" class=\"yoast-schema-graph\">{\"@context\":\"https:\/\/schema.org\",\"@graph\":[{\"@type\":\"WebSite\",\"@id\":\"https:\/\/www.conaculambient.ro\/es\/#website\",\"url\":\"https:\/\/www.conaculambient.ro\/es\/\",\"name\":\"Ambient Conacul\",\"description\":\"Consigue el mejor precio en el site oficial\",\"potentialAction\":[{\"@type\":\"SearchAction\",\"target\":\"https:\/\/www.conaculambient.ro\/es\/?s={search_term_string}\",\"query-input\":\"required name=search_term_string\"}],\"inLanguage\":\"es\"},{\"@type\":\"WebPage\",\"@id\":\"https:\/\/www.conaculambient.ro\/services\/gradina-pentru-evenimente\/#webpage\",\"url\":\"https:\/\/www.conaculambient.ro\/services\/gradina-pentru-evenimente\/\",\"name\":\"[:ro]Gr\\u0103din\\u0103 pentru evenimente[:en]Ambient Garden[:es]Jard\\u00edn de eventos[:de]Veranstaltungsgarten[:] - Ambient Conacul\",\"isPartOf\":{\"@id\":\"https:\/\/www.conaculambient.ro\/es\/#website\"},\"datePublished\":\"2021-06-14T11:51:40+00:00\",\"dateModified\":\"2023-04-29T14:56:00+00:00\",\"inLanguage\":\"es\",\"potentialAction\":[{\"@type\":\"ReadAction\",\"target\":[\"https:\/\/www.conaculambient.ro\/services\/gradina-pentru-evenimente\/\"]}]}]}<\/script>\n<!-- \/ Yoast SEO Premium plugin. -->","_links":{"self":[{"href":"https:\/\/www.conaculambient.ro\/es\/wp-json\/wp\/v2\/pages\/6436","targetHints":{"allow":["GET"]}}],"collection":[{"href":"https:\/\/www.conaculambient.ro\/es\/wp-json\/wp\/v2\/pages"}],"about":[{"href":"https:\/\/www.conaculambient.ro\/es\/wp-json\/wp\/v2\/types\/page"}],"author":[{"embeddable":true,"href":"https:\/\/www.conaculambient.ro\/es\/wp-json\/wp\/v2\/users\/3"}],"replies":[{"embeddable":true,"href":"https:\/\/www.conaculambient.ro\/es\/wp-json\/wp\/v2\/comments?post=6436"}],"version-history":[{"count":12,"href":"https:\/\/www.conaculambient.ro\/es\/wp-json\/wp\/v2\/pages\/6436\/revisions"}],"predecessor-version":[{"id":6870,"href":"https:\/\/www.conaculambient.ro\/es\/wp-json\/wp\/v2\/pages\/6436\/revisions\/6870"}],"up":[{"embeddable":true,"href":"https:\/\/www.conaculambient.ro\/es\/wp-json\/wp\/v2\/pages\/3687"}],"wp:attachment":[{"href":"https:\/\/www.conaculambient.ro\/es\/wp-json\/wp\/v2\/media?parent=6436"}],"wp:term":[{"taxonomy":"yst_prominent_words","embeddable":true,"href":"https:\/\/www.conaculambient.ro\/es\/wp-json\/wp\/v2\/yst_prominent_words?post=6436"}],"curies":[{"name":"wp","href":"https:\/\/api.w.org\/{rel}","templated":true}]}}